{"id":26670,"date":"2025-09-10T12:21:09","date_gmt":"2025-09-10T09:21:09","guid":{"rendered":"https:\/\/keluvo.com\/se\/product\/sommarhatt-for-hund\/"},"modified":"2025-09-11T17:57:51","modified_gmt":"2025-09-11T14:57:51","slug":"sommarhatt-for-hund","status":"publish","type":"product","link":"https:\/\/keluvo.com\/se\/product\/sommarhatt-for-hund\/","title":{"rendered":"Sommarhatt f\u00f6r hund"},"content":{"rendered":"<p style=\"text-align: center\"><strong>\ud83e\udde2 En S\u00f6t Keps Som H\u00e5ller Ditt Husdjur Svalt Och Snyggt \ud83d\udc36<\/strong><\/p>\n<p style=\"text-align: center\">H\u00e5ll ditt husdjur svalt och skyddat. <span style=\"font-weight: 400\">Den h\u00e4r hatten skyddar din hunds \u00f6gon fr\u00e5n solen och hj\u00e4lper den att h\u00e5lla sig sval under promenader eller lek. Den \u00e4r perfekt f\u00f6r utomhus\u00e4ventyr.<\/span><\/p>\n<p><img decoding=\"async\" class=\"size-full wp-image-14810 aligncenter\" src=\"https:\/\/keluvo.com\/template\/wp-content\/uploads\/sites\/5\/2025\/04\/doghat-ezgif.com-video-to-webp-converter.webp\" alt=\"\" \/><\/p>\n<h2 style=\"text-align: center\">Skyddar Ditt Husdjur Fr\u00e5n Solbr\u00e4nna!<\/h2>\n<p><span style=\"font-weight: 400\">\u2714 Hj\u00e4lper dem att h\u00e5lla sig svala under varma dagar<\/span><\/p>\n<p><span style=\"font-weight: 400\">\u2714 Ger en rolig och snygg look<\/span><\/p>\n<p><span style=\"font-weight: 400\">\u2714 L\u00e4tt att s\u00e4tta p\u00e5 och ta av<\/span><\/p>\n<p><img decoding=\"async\" class=\"size-full wp-image-14812 aligncenter\" src=\"https:\/\/keluvo.com\/template\/wp-content\/uploads\/sites\/5\/2025\/04\/235565a7-a8f5-4f27-ae53-b8bfdbd56ff0.webp\" alt=\"\" \/><\/p>\n<h2 style=\"text-align: center\">Hur Man S\u00e4tter P\u00e5 Sig Hundhatten?<\/h2>\n<p style=\"text-align: center\"><span style=\"font-weight: 400\">S\u00e4tt hatten p\u00e5 hundens huvud och se till att \u00f6ronen passar genom h\u00e5len. Justera remmen under hakan f\u00f6r en s\u00e4ker passform. Nu \u00e4r den redo f\u00f6r lite kul i solen.<\/span><\/p>\n<p>Storlek: Avst\u00e5nd mellan inner\u00f6ron: 3cm, yttre \u00f6ronavst\u00e5nd: 11cm<\/p>\n<h2 style=\"text-align: center\">Vad Du F\u00e5r<\/h2>\n<p style=\"text-align: center\"><span style=\"font-weight: 400\">N\u00e4r du k\u00f6per den h\u00e4r produkten f\u00e5r du:<\/span><\/p>\n<ul>\n<li style=\"font-weight: 400\"><span style=\"font-weight: 400\">1x hundhatt tillverkad av slitstark canvas<\/span><span style=\"font-weight: 400\"><br \/>\n<\/span><\/li>\n<li style=\"font-weight: 400\"><span style=\"font-weight: 400\">Justerbart band f\u00f6r en bra passform.<\/span><\/li>\n<\/ul>\n","protected":false},"excerpt":{"rendered":"<p>\ud83e\udde2 En S\u00f6t Keps Som H\u00e5ller Ditt Husdjur Svalt Och Snyggt \ud83d\udc36 H\u00e5ll ditt husdjur svalt och skyddat. Den h\u00e4r [&hellip;]<\/p>\n","protected":false},"featured_media":26666,"comment_status":"open","ping_status":"closed","template":"","meta":{"site-sidebar-layout":"default","site-content-layout":"","ast-site-content-layout":"default","site-content-style":"default","site-sidebar-style":"default","ast-global-header-display":"","ast-banner-title-visibility":"","ast-main-header-display":"","ast-hfb-above-header-display":"","ast-hfb-below-header-display":"","ast-hfb-mobile-header-display":"","site-post-title":"","ast-breadcrumbs-content":"","ast-featured-img":"","footer-sml-layout":"","theme-transparent-header-meta":"default","adv-header-id-meta":"","stick-header-meta":"","header-above-stick-meta":"","header-main-stick-meta":"","header-below-stick-meta":"","astra-migrate-meta-layouts":"set","ast-page-background-enabled":"default","ast-page-background-meta":{"desktop":{"background-color":"var(--ast-global-color-4)","background-image":"","background-repeat":"repeat","background-position":"center center","background-size":"auto","background-attachment":"scroll","background-type":"","background-media":"","overlay-type":"","overlay-color":"","overlay-opacity":"","overlay-gradient":""},"tablet":{"background-color":"","background-image":"","background-repeat":"repeat","background-position":"center center","background-size":"auto","background-attachment":"scroll","background-type":"","background-media":"","overlay-type":"","overlay-color":"","overlay-opacity":"","overlay-gradient":""},"mobile":{"background-color":"","background-image":"","background-repeat":"repeat","background-position":"center center","background-size":"auto","background-attachment":"scroll","background-type":"","background-media":"","overlay-type":"","overlay-color":"","overlay-opacity":"","overlay-gradient":""}},"ast-content-background-meta":{"desktop":{"background-color":"var(--ast-global-color-5)","background-image":"","background-repeat":"repeat","background-position":"center center","background-size":"auto","background-attachment":"scroll","background-type":"","background-media":"","overlay-type":"","overlay-color":"","overlay-opacity":"","overlay-gradient":""},"tablet":{"background-color":"var(--ast-global-color-5)","background-image":"","background-repeat":"repeat","background-position":"center center","background-size":"auto","background-attachment":"scroll","background-type":"","background-media":"","overlay-type":"","overlay-color":"","overlay-opacity":"","overlay-gradient":""},"mobile":{"background-color":"var(--ast-global-color-5)","background-image":"","background-repeat":"repeat","background-position":"center center","background-size":"auto","background-attachment":"scroll","background-type":"","background-media":"","overlay-type":"","overlay-color":"","overlay-opacity":"","overlay-gradient":""}}},"product_brand":[],"product_cat":[997],"product_tag":[],"class_list":{"0":"post-26670","1":"product","2":"type-product","3":"status-publish","4":"has-post-thumbnail","6":"product_cat-pets-products","7":"pa_35249_txv7r64o-bla","8":"pa_35249_txv7r64o-gul","9":"pa_35249_txv7r64o-rod","10":"pa_35249_txv7r64o-rosa","11":"pa_35249_txv7r64o-svart","12":"desktop-align-left","13":"tablet-align-left","14":"mobile-align-left","16":"first","17":"instock","18":"shipping-taxable","19":"purchasable","20":"product-type-variable"},"_links":{"self":[{"href":"https:\/\/keluvo.com\/se\/wp-json\/wp\/v2\/product\/26670","targetHints":{"allow":["GET"]}}],"collection":[{"href":"https:\/\/keluvo.com\/se\/wp-json\/wp\/v2\/product"}],"about":[{"href":"https:\/\/keluvo.com\/se\/wp-json\/wp\/v2\/types\/product"}],"replies":[{"embeddable":true,"href":"https:\/\/keluvo.com\/se\/wp-json\/wp\/v2\/comments?post=26670"}],"wp:featuredmedia":[{"embeddable":true,"href":"https:\/\/keluvo.com\/se\/wp-json\/wp\/v2\/media\/26666"}],"wp:attachment":[{"href":"https:\/\/keluvo.com\/se\/wp-json\/wp\/v2\/media?parent=26670"}],"wp:term":[{"taxonomy":"product_brand","embeddable":true,"href":"https:\/\/keluvo.com\/se\/wp-json\/wp\/v2\/product_brand?post=26670"},{"taxonomy":"product_cat","embeddable":true,"href":"https:\/\/keluvo.com\/se\/wp-json\/wp\/v2\/product_cat?post=26670"},{"taxonomy":"product_tag","embeddable":true,"href":"https:\/\/keluvo.com\/se\/wp-json\/wp\/v2\/product_tag?post=26670"}],"curies":[{"name":"wp","href":"https:\/\/api.w.org\/{rel}","templated":true}]}}