{"id":26661,"date":"2025-09-10T12:20:41","date_gmt":"2025-09-10T09:20:41","guid":{"rendered":"https:\/\/keluvo.com\/se\/product\/kraftfull-toalettrensare\/"},"modified":"2025-09-10T12:20:41","modified_gmt":"2025-09-10T09:20:41","slug":"kraftfull-toalettrensare","status":"publish","type":"product","link":"https:\/\/keluvo.com\/se\/product\/kraftfull-toalettrensare\/","title":{"rendered":"Kraftfull toalettrensare"},"content":{"rendered":"<p style=\"text-align: center\"><strong>\ud83d\udcaa Din kraftfulla hj\u00e4lpreda f\u00f6r att rensa igens\u00e4ttningar snabbt och enkelt. \ud83d\udebd<\/strong><\/p>\n<p style=\"text-align: center\">Den snabbaste igens\u00e4ttningsrensaren i v\u00e4rlden. <span style=\"font-weight: 400\">Detta verktyg anv\u00e4nder starkt lufttryck f\u00f6r att trycka bort blockeringar p\u00e5 n\u00e5gra sekunder. Avl\u00e4gsnar sv\u00e5ra igens\u00e4ttningar snabbt med h\u00f6gt tryck!<\/span><\/p>\n<p><img decoding=\"async\" class=\"size-full wp-image-14801 aligncenter\" src=\"https:\/\/keluvo.com\/template\/wp-content\/uploads\/sites\/5\/2025\/04\/toiletplunger-ezgif.com-video-to-webp-converter-1.webp\" alt=\"\" \/><\/p>\n<h2 style=\"text-align: center\">Avl\u00e4gsnar Sv\u00e5ra Igens\u00e4ttningar Snabbt Med H\u00f6gt Tryck!<\/h2>\n<p><span style=\"font-weight: 400\">\u2714 L\u00e4tt att anv\u00e4nda, inget behov av en r\u00f6rmokare<\/span><span style=\"font-weight: 400\"><br \/>\n<\/span><\/p>\n<p><span style=\"font-weight: 400\">\u2714 Fungerar p\u00e5 toaletter, handfat och avlopp<\/span><span style=\"font-weight: 400\"><br \/>\n<\/span><\/p>\n<p><span style=\"font-weight: 400\">\u2714 S\u00e4ker och \u00e5teranv\u00e4ndbar i m\u00e5nga \u00e5r\u200b<\/span><\/p>\n<p><img decoding=\"async\" class=\"size-full wp-image-14797 aligncenter\" src=\"https:\/\/keluvo.com\/template\/wp-content\/uploads\/sites\/5\/2025\/04\/7baedc5b-df79-4586-befa-dba442ef303c.webp\" alt=\"\" \/><\/p>\n<h2 style=\"text-align: center\">Hur Man Anv\u00e4nder Toalettkolven?<\/h2>\n<p style=\"text-align: center\"><span style=\"font-weight: 400\">Fyll r\u00f6ret med vatten. F\u00f6r in kolven i avloppet. Pumpa handtaget cirka fem g\u00e5nger. Dra ut kolven och upprepa om det beh\u00f6vs.\u200b<\/span><\/p>\n<h2 style=\"text-align: center\">Vad Du F\u00e5r<\/h2>\n<p style=\"text-align: center\"><span style=\"font-weight: 400\">N\u00e4r du k\u00f6per den h\u00e4r produkten f\u00e5r du:\u200b<\/span><\/p>\n<ul>\n<li style=\"font-weight: 400\"><span style=\"font-weight: 400\">1x h\u00f6gtryckstoalettkolv<\/span><span style=\"font-weight: 400\"><br \/>\n<\/span><\/li>\n<li><span style=\"font-weight: 400\">1x anv\u00e4ndarhandbok\u200b.<\/span><span style=\"font-weight: 400\"><br \/>\n<\/span><\/li>\n<\/ul>\n","protected":false},"excerpt":{"rendered":"<p>\ud83d\udcaa Din kraftfulla hj\u00e4lpreda f\u00f6r att rensa igens\u00e4ttningar snabbt och enkelt. \ud83d\udebd Den snabbaste igens\u00e4ttningsrensaren i v\u00e4rlden. Detta verktyg anv\u00e4nder [&hellip;]<\/p>\n","protected":false},"featured_media":26657,"comment_status":"open","ping_status":"closed","template":"","meta":{"site-sidebar-layout":"default","site-content-layout":"","ast-site-content-layout":"default","site-content-style":"default","site-sidebar-style":"default","ast-global-header-display":"","ast-banner-title-visibility":"","ast-main-header-display":"","ast-hfb-above-header-display":"","ast-hfb-below-header-display":"","ast-hfb-mobile-header-display":"","site-post-title":"","ast-breadcrumbs-content":"","ast-featured-img":"","footer-sml-layout":"","theme-transparent-header-meta":"default","adv-header-id-meta":"","stick-header-meta":"","header-above-stick-meta":"","header-main-stick-meta":"","header-below-stick-meta":"","astra-migrate-meta-layouts":"set","ast-page-background-enabled":"default","ast-page-background-meta":{"desktop":{"background-color":"var(--ast-global-color-4)","background-image":"","background-repeat":"repeat","background-position":"center center","background-size":"auto","background-attachment":"scroll","background-type":"","background-media":"","overlay-type":"","overlay-color":"","overlay-opacity":"","overlay-gradient":""},"tablet":{"background-color":"","background-image":"","background-repeat":"repeat","background-position":"center center","background-size":"auto","background-attachment":"scroll","background-type":"","background-media":"","overlay-type":"","overlay-color":"","overlay-opacity":"","overlay-gradient":""},"mobile":{"background-color":"","background-image":"","background-repeat":"repeat","background-position":"center center","background-size":"auto","background-attachment":"scroll","background-type":"","background-media":"","overlay-type":"","overlay-color":"","overlay-opacity":"","overlay-gradient":""}},"ast-content-background-meta":{"desktop":{"background-color":"var(--ast-global-color-5)","background-image":"","background-repeat":"repeat","background-position":"center center","background-size":"auto","background-attachment":"scroll","background-type":"","background-media":"","overlay-type":"","overlay-color":"","overlay-opacity":"","overlay-gradient":""},"tablet":{"background-color":"var(--ast-global-color-5)","background-image":"","background-repeat":"repeat","background-position":"center center","background-size":"auto","background-attachment":"scroll","background-type":"","background-media":"","overlay-type":"","overlay-color":"","overlay-opacity":"","overlay-gradient":""},"mobile":{"background-color":"var(--ast-global-color-5)","background-image":"","background-repeat":"repeat","background-position":"center center","background-size":"auto","background-attachment":"scroll","background-type":"","background-media":"","overlay-type":"","overlay-color":"","overlay-opacity":"","overlay-gradient":""}}},"product_brand":[],"product_cat":[1001],"product_tag":[],"class_list":{"0":"post-26661","1":"product","2":"type-product","3":"status-publish","4":"has-post-thumbnail","6":"product_cat-household-goods","7":"desktop-align-left","8":"tablet-align-left","9":"mobile-align-left","11":"first","12":"instock","13":"shipping-taxable","14":"purchasable","15":"product-type-simple"},"_links":{"self":[{"href":"https:\/\/keluvo.com\/se\/wp-json\/wp\/v2\/product\/26661","targetHints":{"allow":["GET"]}}],"collection":[{"href":"https:\/\/keluvo.com\/se\/wp-json\/wp\/v2\/product"}],"about":[{"href":"https:\/\/keluvo.com\/se\/wp-json\/wp\/v2\/types\/product"}],"replies":[{"embeddable":true,"href":"https:\/\/keluvo.com\/se\/wp-json\/wp\/v2\/comments?post=26661"}],"wp:featuredmedia":[{"embeddable":true,"href":"https:\/\/keluvo.com\/se\/wp-json\/wp\/v2\/media\/26657"}],"wp:attachment":[{"href":"https:\/\/keluvo.com\/se\/wp-json\/wp\/v2\/media?parent=26661"}],"wp:term":[{"taxonomy":"product_brand","embeddable":true,"href":"https:\/\/keluvo.com\/se\/wp-json\/wp\/v2\/product_brand?post=26661"},{"taxonomy":"product_cat","embeddable":true,"href":"https:\/\/keluvo.com\/se\/wp-json\/wp\/v2\/product_cat?post=26661"},{"taxonomy":"product_tag","embeddable":true,"href":"https:\/\/keluvo.com\/se\/wp-json\/wp\/v2\/product_tag?post=26661"}],"curies":[{"name":"wp","href":"https:\/\/api.w.org\/{rel}","templated":true}]}}