{"id":26652,"date":"2025-09-10T12:20:20","date_gmt":"2025-09-10T09:20:20","guid":{"rendered":"https:\/\/keluvo.com\/se\/product\/bithallare\/"},"modified":"2025-09-11T17:56:01","modified_gmt":"2025-09-11T14:56:01","slug":"bithallare","status":"publish","type":"product","link":"https:\/\/keluvo.com\/se\/product\/bithallare\/","title":{"rendered":"Bith\u00e5llare"},"content":{"rendered":"<p style=\"text-align: center\"><strong>\ud83e\uddf0 Ett praktiskt verktyg som hj\u00e4lper dig att byta skruvmejselbitar snabbt och enkelt. \ud83d\udee0<\/strong><\/p>\n<p style=\"text-align: center\">G\u00f6r ditt arbete snabbare och enklare. <span style=\"font-weight: 400\">Med den h\u00e4r bitsh\u00e5llaren kan du v\u00e4xla mellan olika skruvmejselbits utan problem. Den \u00e4r perfekt f\u00f6r att fixa saker i huset, pyssla eller andra projekt.<\/span><\/p>\n<p><img decoding=\"async\" class=\"size-full wp-image-14784 aligncenter\" src=\"https:\/\/keluvo.com\/template\/wp-content\/uploads\/sites\/5\/2025\/04\/bitholder-ezgif.com-video-to-webp-converter.webp\" alt=\"\" \/><\/p>\n<h2 style=\"text-align: center\">Huvudf\u00f6rdelar<\/h2>\n<p><span style=\"font-weight: 400\">\u2714 Byt bits snabbt med den l\u00e4ttutl\u00f6sande designen<\/span><span style=\"font-weight: 400\"><br \/>\n<\/span><\/p>\n<p><span style=\"font-weight: 400\">\u2714 Passar till m\u00e5nga typer av projekt<\/span><span style=\"font-weight: 400\"><br \/>\n<\/span><\/p>\n<p><span style=\"font-weight: 400\">\u2714 Tillverkad av starka material f\u00f6r l\u00e5ngvarig anv\u00e4ndning<\/span><span style=\"font-weight: 400\"><br \/>\n<\/span><\/p>\n<p><span style=\"font-weight: 400\">\u2714 Liten och l\u00e4tt, enkel att b\u00e4ra och f\u00f6rvara<\/span><span style=\"font-weight: 400\"><br \/>\n<\/span><\/p>\n<p><span style=\"font-weight: 400\">\u2714 Enkel att anv\u00e4nda, perfekt f\u00f6r alla<\/span><\/p>\n<p><img decoding=\"async\" class=\"size-full wp-image-14781 aligncenter\" src=\"https:\/\/keluvo.com\/template\/wp-content\/uploads\/sites\/5\/2025\/04\/d031e920-1ade-46dc-a6c2-87c14fcf2d7c.webp\" alt=\"\" \/><\/p>\n<h2 style=\"text-align: center\">Hur Du Anv\u00e4nder Bitsh\u00e5llaren?<\/h2>\n<p style=\"text-align: center\"><span style=\"font-weight: 400\">F\u00e4st din skruvmejselbit i h\u00e5llaren. Anv\u00e4nd snabbv\u00e4xlingsfunktionen f\u00f6r att byta bits snabbt. Nyckelringsdesignen h\u00e5ller ihop allt och g\u00f6r det l\u00e4tt att hitta.<\/span><\/p>\n<h2 style=\"text-align: center\">Vad Du F\u00e5r<\/h2>\n<p style=\"text-align: center\"><span style=\"font-weight: 400\">N\u00e4r du k\u00f6per den h\u00e4r produkten f\u00e5r du:<\/span><\/p>\n<ul>\n<li style=\"font-weight: 400\"><span style=\"font-weight: 400\">1x snabbkopplingsst\u00e5ng<\/span><\/li>\n<li><span style=\"font-weight: 400\">6x nyckelringsbitsh\u00e5llare.<\/span><span style=\"font-weight: 400\"><br \/>\n<\/span><\/li>\n<\/ul>\n","protected":false},"excerpt":{"rendered":"<p>\ud83e\uddf0 Ett praktiskt verktyg som hj\u00e4lper dig att byta skruvmejselbitar snabbt och enkelt. \ud83d\udee0 G\u00f6r ditt arbete snabbare och enklare. [&hellip;]<\/p>\n","protected":false},"featured_media":26648,"comment_status":"open","ping_status":"closed","template":"","meta":{"site-sidebar-layout":"default","site-content-layout":"","ast-site-content-layout":"default","site-content-style":"default","site-sidebar-style":"default","ast-global-header-display":"","ast-banner-title-visibility":"","ast-main-header-display":"","ast-hfb-above-header-display":"","ast-hfb-below-header-display":"","ast-hfb-mobile-header-display":"","site-post-title":"","ast-breadcrumbs-content":"","ast-featured-img":"","footer-sml-layout":"","theme-transparent-header-meta":"default","adv-header-id-meta":"","stick-header-meta":"","header-above-stick-meta":"","header-main-stick-meta":"","header-below-stick-meta":"","astra-migrate-meta-layouts":"set","ast-page-background-enabled":"default","ast-page-background-meta":{"desktop":{"background-color":"var(--ast-global-color-4)","background-image":"","background-repeat":"repeat","background-position":"center center","background-size":"auto","background-attachment":"scroll","background-type":"","background-media":"","overlay-type":"","overlay-color":"","overlay-opacity":"","overlay-gradient":""},"tablet":{"background-color":"","background-image":"","background-repeat":"repeat","background-position":"center center","background-size":"auto","background-attachment":"scroll","background-type":"","background-media":"","overlay-type":"","overlay-color":"","overlay-opacity":"","overlay-gradient":""},"mobile":{"background-color":"","background-image":"","background-repeat":"repeat","background-position":"center center","background-size":"auto","background-attachment":"scroll","background-type":"","background-media":"","overlay-type":"","overlay-color":"","overlay-opacity":"","overlay-gradient":""}},"ast-content-background-meta":{"desktop":{"background-color":"var(--ast-global-color-5)","background-image":"","background-repeat":"repeat","background-position":"center center","background-size":"auto","background-attachment":"scroll","background-type":"","background-media":"","overlay-type":"","overlay-color":"","overlay-opacity":"","overlay-gradient":""},"tablet":{"background-color":"var(--ast-global-color-5)","background-image":"","background-repeat":"repeat","background-position":"center center","background-size":"auto","background-attachment":"scroll","background-type":"","background-media":"","overlay-type":"","overlay-color":"","overlay-opacity":"","overlay-gradient":""},"mobile":{"background-color":"var(--ast-global-color-5)","background-image":"","background-repeat":"repeat","background-position":"center center","background-size":"auto","background-attachment":"scroll","background-type":"","background-media":"","overlay-type":"","overlay-color":"","overlay-opacity":"","overlay-gradient":""}}},"product_brand":[],"product_cat":[996],"product_tag":[],"class_list":{"0":"post-26652","1":"product","2":"type-product","3":"status-publish","4":"has-post-thumbnail","6":"product_cat-tools","7":"desktop-align-left","8":"tablet-align-left","9":"mobile-align-left","11":"first","12":"instock","13":"shipping-taxable","14":"purchasable","15":"product-type-simple"},"_links":{"self":[{"href":"https:\/\/keluvo.com\/se\/wp-json\/wp\/v2\/product\/26652","targetHints":{"allow":["GET"]}}],"collection":[{"href":"https:\/\/keluvo.com\/se\/wp-json\/wp\/v2\/product"}],"about":[{"href":"https:\/\/keluvo.com\/se\/wp-json\/wp\/v2\/types\/product"}],"replies":[{"embeddable":true,"href":"https:\/\/keluvo.com\/se\/wp-json\/wp\/v2\/comments?post=26652"}],"wp:featuredmedia":[{"embeddable":true,"href":"https:\/\/keluvo.com\/se\/wp-json\/wp\/v2\/media\/26648"}],"wp:attachment":[{"href":"https:\/\/keluvo.com\/se\/wp-json\/wp\/v2\/media?parent=26652"}],"wp:term":[{"taxonomy":"product_brand","embeddable":true,"href":"https:\/\/keluvo.com\/se\/wp-json\/wp\/v2\/product_brand?post=26652"},{"taxonomy":"product_cat","embeddable":true,"href":"https:\/\/keluvo.com\/se\/wp-json\/wp\/v2\/product_cat?post=26652"},{"taxonomy":"product_tag","embeddable":true,"href":"https:\/\/keluvo.com\/se\/wp-json\/wp\/v2\/product_tag?post=26652"}],"curies":[{"name":"wp","href":"https:\/\/api.w.org\/{rel}","templated":true}]}}