{"id":26633,"date":"2025-09-10T12:19:43","date_gmt":"2025-09-10T09:19:43","guid":{"rendered":"https:\/\/keluvo.com\/se\/product\/gps-sparare-for-husdjur\/"},"modified":"2025-09-10T12:19:55","modified_gmt":"2025-09-10T09:19:55","slug":"gps-sparare-for-husdjur","status":"publish","type":"product","link":"https:\/\/keluvo.com\/se\/product\/gps-sparare-for-husdjur\/","title":{"rendered":"GPS-sp\u00e5rare f\u00f6r husdjur"},"content":{"rendered":"<p style=\"text-align: center\"><strong>\ud83d\udc36 Ett Enkelt S\u00e4tt Att Alltid Veta Var Dina Husdjur \u00c4r! \ud83d\udccd<\/strong><\/p>\n<p style=\"text-align: center\">K\u00e4nn dig aldrig orolig igen. <span style=\"font-weight: 400\">Den h\u00e4r lilla enheten hj\u00e4lper dig att hitta din katt eller hund om de f\u00f6rsvinner. Om n\u00e5got h\u00e4nder visar den dig var den senast s\u00e5gs p\u00e5 en karta. Den avger ocks\u00e5 ett ljud f\u00f6r att hj\u00e4lpa dig att hitta dem snabbt.<\/span><\/p>\n<p><img decoding=\"async\" class=\"size-full wp-image-14754 aligncenter\" src=\"https:\/\/keluvo.com\/template\/wp-content\/uploads\/sites\/5\/2025\/04\/petgpsvideo-ezgif.com-video-to-webp-converter.webp\" alt=\"\" \/><\/p>\n<h2 style=\"text-align: center\">Huvudf\u00f6rdelar<\/h2>\n<p><span style=\"font-weight: 400\">\u2714 Hitta din katt eller hund snabbt<\/span><span style=\"font-weight: 400\"><br \/>\n<\/span><\/p>\n<p><span style=\"font-weight: 400\">\u2714 Se den senaste platsen p\u00e5 din telefon<\/span><span style=\"font-weight: 400\"><br \/>\n<\/span><\/p>\n<p><span style=\"font-weight: 400\">\u2714 Avger ett ljud f\u00f6r att hj\u00e4lpa dig att hitta saker<\/span><span style=\"font-weight: 400\"><br \/>\n<\/span><\/p>\n<p><span style=\"font-weight: 400\">\u2714 Kan hj\u00e4lpa dig att ta foton med din telefon<\/span><span style=\"font-weight: 400\"><br \/>\n<\/span><\/p>\n<p><span style=\"font-weight: 400\">\u2714 Fungerar med b\u00e5de Android- och iOS-telefoner<\/span><\/p>\n<p><img decoding=\"async\" class=\"size-full wp-image-14737 aligncenter\" src=\"https:\/\/keluvo.com\/template\/wp-content\/uploads\/sites\/5\/2025\/04\/62919713-6ca9-42fe-8ad4-69c2dc57eab7.webp\" alt=\"\" \/><\/p>\n<h2 style=\"text-align: center\">Hur Du Anv\u00e4nder GPS-Trackern F\u00f6r Husdjur?<\/h2>\n<p style=\"text-align: center\"><span style=\"font-weight: 400\">Ladda ner gratisappen fr\u00e5n anv\u00e4ndarhandboken p\u00e5 din telefon. Anslut sp\u00e5raren till appen. F\u00e4st trackern p\u00e5 ditt husdjurs halsband. Om du tappar bort den kan du \u00f6ppna appen f\u00f6r att se var den var senast. Du kan ocks\u00e5 f\u00e5 sp\u00e5raren att pipa f\u00f6r att hitta den med ljud.<\/span><\/p>\n<h2 style=\"text-align: center\">Vad Du F\u00e5r<\/h2>\n<p><span style=\"font-weight: 400\">N\u00e4r du k\u00f6per den h\u00e4r produkten f\u00e5r du:<\/span><\/p>\n<ul>\n<li style=\"font-weight: 400\"><span style=\"font-weight: 400\">1x GPS-sp\u00e5rningsenhet<\/span><span style=\"font-weight: 400\"><br \/>\n<\/span><\/li>\n<li style=\"font-weight: 400\"><span style=\"font-weight: 400\">1x anv\u00e4ndarhandbok<\/span><\/li>\n<\/ul>\n<p><span style=\"font-weight: 400\"><strong>Observera<\/strong>: batteri ing\u00e5r inte.<\/span><\/p>\n","protected":false},"excerpt":{"rendered":"<p>\ud83d\udc36 Ett Enkelt S\u00e4tt Att Alltid Veta Var Dina Husdjur \u00c4r! \ud83d\udccd K\u00e4nn dig aldrig orolig igen. Den h\u00e4r lilla [&hellip;]<\/p>\n","protected":false},"featured_media":26629,"comment_status":"open","ping_status":"closed","template":"","meta":{"site-sidebar-layout":"default","site-content-layout":"","ast-site-content-layout":"default","site-content-style":"default","site-sidebar-style":"default","ast-global-header-display":"","ast-banner-title-visibility":"","ast-main-header-display":"","ast-hfb-above-header-display":"","ast-hfb-below-header-display":"","ast-hfb-mobile-header-display":"","site-post-title":"","ast-breadcrumbs-content":"","ast-featured-img":"","footer-sml-layout":"","theme-transparent-header-meta":"default","adv-header-id-meta":"","stick-header-meta":"","header-above-stick-meta":"","header-main-stick-meta":"","header-below-stick-meta":"","astra-migrate-meta-layouts":"set","ast-page-background-enabled":"default","ast-page-background-meta":{"desktop":{"background-color":"var(--ast-global-color-4)","background-image":"","background-repeat":"repeat","background-position":"center center","background-size":"auto","background-attachment":"scroll","background-type":"","background-media":"","overlay-type":"","overlay-color":"","overlay-opacity":"","overlay-gradient":""},"tablet":{"background-color":"","background-image":"","background-repeat":"repeat","background-position":"center center","background-size":"auto","background-attachment":"scroll","background-type":"","background-media":"","overlay-type":"","overlay-color":"","overlay-opacity":"","overlay-gradient":""},"mobile":{"background-color":"","background-image":"","background-repeat":"repeat","background-position":"center center","background-size":"auto","background-attachment":"scroll","background-type":"","background-media":"","overlay-type":"","overlay-color":"","overlay-opacity":"","overlay-gradient":""}},"ast-content-background-meta":{"desktop":{"background-color":"var(--ast-global-color-5)","background-image":"","background-repeat":"repeat","background-position":"center center","background-size":"auto","background-attachment":"scroll","background-type":"","background-media":"","overlay-type":"","overlay-color":"","overlay-opacity":"","overlay-gradient":""},"tablet":{"background-color":"var(--ast-global-color-5)","background-image":"","background-repeat":"repeat","background-position":"center center","background-size":"auto","background-attachment":"scroll","background-type":"","background-media":"","overlay-type":"","overlay-color":"","overlay-opacity":"","overlay-gradient":""},"mobile":{"background-color":"var(--ast-global-color-5)","background-image":"","background-repeat":"repeat","background-position":"center center","background-size":"auto","background-attachment":"scroll","background-type":"","background-media":"","overlay-type":"","overlay-color":"","overlay-opacity":"","overlay-gradient":""}}},"product_brand":[],"product_cat":[997],"product_tag":[],"class_list":{"0":"post-26633","1":"product","2":"type-product","3":"status-publish","4":"has-post-thumbnail","6":"product_cat-pets-products","7":"pa_21626_ptydt398-bla","8":"pa_21626_ptydt398-gron","9":"pa_21626_ptydt398-rosa","10":"pa_21626_ptydt398-svart","11":"pa_21626_ptydt398-vit","12":"desktop-align-left","13":"tablet-align-left","14":"mobile-align-left","16":"first","17":"instock","18":"shipping-taxable","19":"purchasable","20":"product-type-variable"},"_links":{"self":[{"href":"https:\/\/keluvo.com\/se\/wp-json\/wp\/v2\/product\/26633","targetHints":{"allow":["GET"]}}],"collection":[{"href":"https:\/\/keluvo.com\/se\/wp-json\/wp\/v2\/product"}],"about":[{"href":"https:\/\/keluvo.com\/se\/wp-json\/wp\/v2\/types\/product"}],"replies":[{"embeddable":true,"href":"https:\/\/keluvo.com\/se\/wp-json\/wp\/v2\/comments?post=26633"}],"wp:featuredmedia":[{"embeddable":true,"href":"https:\/\/keluvo.com\/se\/wp-json\/wp\/v2\/media\/26629"}],"wp:attachment":[{"href":"https:\/\/keluvo.com\/se\/wp-json\/wp\/v2\/media?parent=26633"}],"wp:term":[{"taxonomy":"product_brand","embeddable":true,"href":"https:\/\/keluvo.com\/se\/wp-json\/wp\/v2\/product_brand?post=26633"},{"taxonomy":"product_cat","embeddable":true,"href":"https:\/\/keluvo.com\/se\/wp-json\/wp\/v2\/product_cat?post=26633"},{"taxonomy":"product_tag","embeddable":true,"href":"https:\/\/keluvo.com\/se\/wp-json\/wp\/v2\/product_tag?post=26633"}],"curies":[{"name":"wp","href":"https:\/\/api.w.org\/{rel}","templated":true}]}}