{"id":26593,"date":"2025-09-10T12:18:11","date_gmt":"2025-09-10T09:18:11","guid":{"rendered":"https:\/\/keluvo.com\/se\/product\/sats-for-diamantunderlagg\/"},"modified":"2025-09-11T17:52:40","modified_gmt":"2025-09-11T14:52:40","slug":"sats-for-diamantunderlagg","status":"publish","type":"product","link":"https:\/\/keluvo.com\/se\/product\/sats-for-diamantunderlagg\/","title":{"rendered":"Sats f\u00f6r diamantunderl\u00e4gg"},"content":{"rendered":"<p style=\"text-align: center\"><strong>\ud83d\udc8e Ett roligt och kreativt s\u00e4tt att skapa dina egna gnistrande underl\u00e4gg. \u2615<\/strong><\/p>\n<p style=\"text-align: center\">Skapa, dekorera och ha kul med diamantunderl\u00e4ggssatsen. Njut av pysseltid med dina barn eller koppla av medan du skapar n\u00e5got vackert. Med det h\u00e4r enkla DIY-kitet kan du designa underl\u00e4gg som skiner. Perfekt f\u00f6r att skapa band mellan f\u00f6r\u00e4ldrar och barn, g\u00f6ra presenter eller helt enkelt dekorera ditt utrymme med handgjord charm.<\/p>\n<p data-start=\"144\" data-end=\"477\"><img decoding=\"async\" class=\"size-full wp-image-15098 aligncenter\" src=\"https:\/\/keluvo.com\/template\/wp-content\/uploads\/sites\/5\/2025\/04\/diamondcoastervideo-ezgif.com-video-to-webp-converter.webp\" alt=\"\" \/><\/p>\n<h2 style=\"text-align: center\" data-start=\"144\" data-end=\"477\">G\u00f6r Dina Egna Glittrande Underl\u00e4gg!<\/h2>\n<p data-start=\"144\" data-end=\"477\"><br data-start=\"532\" data-end=\"535\" \/>\u2714 Perfekt f\u00f6r familjetid och barnens utveckling av f\u00e4rdigheter<\/p>\n<p data-start=\"144\" data-end=\"477\">\u2714 F\u00f6rb\u00e4ttrar koordinationen mellan hand och \u00f6ga samt kreativiteten<\/p>\n<p data-start=\"144\" data-end=\"477\">\u2714 Snyggt och dekorativt &#8211; perfekt som present<\/p>\n<p data-start=\"144\" data-end=\"477\">\u2714 H\u00e5llbara och h\u00e5llbara material<\/p>\n<p data-start=\"144\" data-end=\"477\"><img decoding=\"async\" class=\"size-full wp-image-15094 aligncenter\" src=\"https:\/\/keluvo.com\/template\/wp-content\/uploads\/sites\/5\/2025\/04\/4c3bb4c8-3ac7-410a-b35f-cae54aa6edcf.webp\" alt=\"\" \/><\/p>\n<h2 style=\"text-align: center\" data-start=\"479\" data-end=\"713\">Hur Man Anv\u00e4nder Diamantunderl\u00e4ggskitet?<\/h2>\n<p class=\"\" style=\"text-align: center\" data-start=\"479\" data-end=\"713\">V\u00e4lj din design och applicera de sm\u00e5 gl\u00e4nsande diamanterna med hj\u00e4lp av de medf\u00f6ljande verktygen. F\u00f6lj m\u00f6nstret, placera diamanterna och njut av att se ditt underl\u00e4gg komma till liv. N\u00e4r du \u00e4r klar kan du anv\u00e4nda underl\u00e4ggen eller visa upp dem med det medf\u00f6ljande stativet. Varje underl\u00e4gg m\u00e4ter ca 10 x 10 cm.<\/p>\n<h2 style=\"text-align: center\" data-start=\"715\" data-end=\"893\">F\u00f6rpackningen Inneh\u00e5ller<\/h2>\n<ul>\n<li data-start=\"715\" data-end=\"893\">8 underl\u00e4gg + 1 verktygssats + 1 stativ.<\/li>\n<\/ul>\n<p class=\"\" data-start=\"895\" data-end=\"1169\">\n","protected":false},"excerpt":{"rendered":"<p>\ud83d\udc8e Ett roligt och kreativt s\u00e4tt att skapa dina egna gnistrande underl\u00e4gg. \u2615 Skapa, dekorera och ha kul med diamantunderl\u00e4ggssatsen. [&hellip;]<\/p>\n","protected":false},"featured_media":26589,"comment_status":"open","ping_status":"closed","template":"","meta":{"site-sidebar-layout":"default","site-content-layout":"","ast-site-content-layout":"default","site-content-style":"default","site-sidebar-style":"default","ast-global-header-display":"","ast-banner-title-visibility":"","ast-main-header-display":"","ast-hfb-above-header-display":"","ast-hfb-below-header-display":"","ast-hfb-mobile-header-display":"","site-post-title":"","ast-breadcrumbs-content":"","ast-featured-img":"","footer-sml-layout":"","theme-transparent-header-meta":"default","adv-header-id-meta":"","stick-header-meta":"","header-above-stick-meta":"","header-main-stick-meta":"","header-below-stick-meta":"","astra-migrate-meta-layouts":"set","ast-page-background-enabled":"default","ast-page-background-meta":{"desktop":{"background-color":"var(--ast-global-color-4)","background-image":"","background-repeat":"repeat","background-position":"center center","background-size":"auto","background-attachment":"scroll","background-type":"","background-media":"","overlay-type":"","overlay-color":"","overlay-opacity":"","overlay-gradient":""},"tablet":{"background-color":"","background-image":"","background-repeat":"repeat","background-position":"center center","background-size":"auto","background-attachment":"scroll","background-type":"","background-media":"","overlay-type":"","overlay-color":"","overlay-opacity":"","overlay-gradient":""},"mobile":{"background-color":"","background-image":"","background-repeat":"repeat","background-position":"center center","background-size":"auto","background-attachment":"scroll","background-type":"","background-media":"","overlay-type":"","overlay-color":"","overlay-opacity":"","overlay-gradient":""}},"ast-content-background-meta":{"desktop":{"background-color":"var(--ast-global-color-5)","background-image":"","background-repeat":"repeat","background-position":"center center","background-size":"auto","background-attachment":"scroll","background-type":"","background-media":"","overlay-type":"","overlay-color":"","overlay-opacity":"","overlay-gradient":""},"tablet":{"background-color":"var(--ast-global-color-5)","background-image":"","background-repeat":"repeat","background-position":"center center","background-size":"auto","background-attachment":"scroll","background-type":"","background-media":"","overlay-type":"","overlay-color":"","overlay-opacity":"","overlay-gradient":""},"mobile":{"background-color":"var(--ast-global-color-5)","background-image":"","background-repeat":"repeat","background-position":"center center","background-size":"auto","background-attachment":"scroll","background-type":"","background-media":"","overlay-type":"","overlay-color":"","overlay-opacity":"","overlay-gradient":""}}},"product_brand":[],"product_cat":[1001],"product_tag":[],"class_list":{"0":"post-26593","1":"product","2":"type-product","3":"status-publish","4":"has-post-thumbnail","6":"product_cat-household-goods","7":"pa_18392_w7np05o1-4507","8":"pa_18392_w7np05o1-4508","9":"pa_18392_w7np05o1-4509","10":"pa_18392_w7np05o1-4510","11":"pa_18392_w7np05o1-4511","12":"pa_18392_w7np05o1-4512","13":"pa_18392_w7np05o1-4513","14":"desktop-align-left","15":"tablet-align-left","16":"mobile-align-left","18":"first","19":"instock","20":"shipping-taxable","21":"purchasable","22":"product-type-variable"},"_links":{"self":[{"href":"https:\/\/keluvo.com\/se\/wp-json\/wp\/v2\/product\/26593","targetHints":{"allow":["GET"]}}],"collection":[{"href":"https:\/\/keluvo.com\/se\/wp-json\/wp\/v2\/product"}],"about":[{"href":"https:\/\/keluvo.com\/se\/wp-json\/wp\/v2\/types\/product"}],"replies":[{"embeddable":true,"href":"https:\/\/keluvo.com\/se\/wp-json\/wp\/v2\/comments?post=26593"}],"wp:featuredmedia":[{"embeddable":true,"href":"https:\/\/keluvo.com\/se\/wp-json\/wp\/v2\/media\/26589"}],"wp:attachment":[{"href":"https:\/\/keluvo.com\/se\/wp-json\/wp\/v2\/media?parent=26593"}],"wp:term":[{"taxonomy":"product_brand","embeddable":true,"href":"https:\/\/keluvo.com\/se\/wp-json\/wp\/v2\/product_brand?post=26593"},{"taxonomy":"product_cat","embeddable":true,"href":"https:\/\/keluvo.com\/se\/wp-json\/wp\/v2\/product_cat?post=26593"},{"taxonomy":"product_tag","embeddable":true,"href":"https:\/\/keluvo.com\/se\/wp-json\/wp\/v2\/product_tag?post=26593"}],"curies":[{"name":"wp","href":"https:\/\/api.w.org\/{rel}","templated":true}]}}