{"id":26575,"date":"2025-09-10T12:16:59","date_gmt":"2025-09-10T09:16:59","guid":{"rendered":"https:\/\/keluvo.com\/se\/product\/ergonomisk-hofthallare\/"},"modified":"2025-09-12T13:17:01","modified_gmt":"2025-09-12T10:17:01","slug":"ergonomisk-hofthallare","status":"publish","type":"product","link":"https:\/\/keluvo.com\/se\/product\/ergonomisk-hofthallare\/","title":{"rendered":"Ergonomisk h\u00f6fth\u00e5llare"},"content":{"rendered":"<h2 style=\"text-align: center\">M\u00e5r B\u00e4ttre, R\u00f6r Dig L\u00e4ttare!<\/h2>\n<p style=\"text-align: center\"><span style=\"font-weight: 400\">Denna ortos hj\u00e4lper dig att g\u00e5, sitta och r\u00f6ra dig med mindre sm\u00e4rta. Den st\u00f6djer h\u00f6ft- och benmusklerna och g\u00f6r de dagliga aktiviteterna mer bekv\u00e4ma.<\/span><\/p>\n<p><img decoding=\"async\" class=\"size-full wp-image-14710 aligncenter\" src=\"https:\/\/keluvo.com\/template\/wp-content\/uploads\/sites\/5\/2025\/04\/232d83f7-94f1-4590-8065-3b913a6e1a06-ezgif.com-gif-to-webp-converter.webp\" alt=\"\" \/><\/p>\n<h2 style=\"text-align: center\">Huvudf\u00f6rdelar<\/h2>\n<p><span style=\"font-weight: 400\">\u2714 Lindrar sm\u00e4rta fr\u00e5n h\u00f6ft-, ljumsk-, l\u00e5r- eller hamstringsskador<\/span><\/p>\n<p><span style=\"font-weight: 400\">\u2714 Minskar muskelstelhet och \u00f6mhet<\/span><\/p>\n<p><span style=\"font-weight: 400\">\u2714 F\u00f6rb\u00e4ttrar blodfl\u00f6det f\u00f6r att hj\u00e4lpa dig att l\u00e4ka snabbare<\/span><\/p>\n<p><span style=\"font-weight: 400\">\u2714 H\u00e5ller dig sval och torr med andningsbart material<\/span><\/p>\n<p><span style=\"font-weight: 400\">\u2714 H\u00e5ller sig p\u00e5 plats hela dagen utan att glida<\/span><\/p>\n<h2 style=\"text-align: center\">Vad Du F\u00e5r<\/h2>\n<p style=\"text-align: center\"><span style=\"font-weight: 400\">N\u00e4r du k\u00f6per den h\u00e4r produkten f\u00e5r du:<\/span><\/p>\n<ul>\n<li style=\"font-weight: 400\"><span style=\"font-weight: 400\">1 h\u00f6ftortos tillverkad av mjuk neopren<\/span><\/li>\n<li style=\"font-weight: 400\"><span style=\"font-weight: 400\">Justerbara remmar f\u00f6r perfekt passform<\/span><\/li>\n<li style=\"font-weight: 400\"><span style=\"font-weight: 400\">Passar midjem\u00e5tt upp till 109 cm och l\u00e5rm\u00e5tt upp till 61 cm<\/span><\/li>\n<li style=\"font-weight: 400\"><span style=\"font-weight: 400\">Kan b\u00e4ras p\u00e5 antingen v\u00e4nster eller h\u00f6ger ben<\/span><\/li>\n<li style=\"font-weight: 400\"><span style=\"font-weight: 400\">B\u00e4r den under eller \u00f6ver dina kl\u00e4der<\/span><\/li>\n<\/ul>\n<h2 style=\"text-align: center\">S\u00e5 H\u00e4r Anv\u00e4nder Du Den<\/h2>\n<p style=\"text-align: center\"><span style=\"font-weight: 400\">Vikla ortosen runt midjan och l\u00e5ret. Justera remmarna tills det k\u00e4nns bekv\u00e4mt och \u00e5tsittande. Du kan b\u00e4ra den n\u00e4r du g\u00e5r, arbetar eller vilar.<\/span><\/p>\n<p><img decoding=\"async\" class=\"size-full wp-image-14709 aligncenter\" src=\"https:\/\/keluvo.com\/template\/wp-content\/uploads\/sites\/5\/2025\/04\/main-image-4-5.jpeg\" alt=\"\" \/><\/p>\n<h2 style=\"text-align: center\">F\u00f6rpackningen Inneh\u00e5ller<\/h2>\n<ul>\n<li style=\"font-weight: 400\"><span style=\"font-weight: 400\">1x ergonomisk h\u00f6ftortos.<\/span><\/li>\n<\/ul>\n","protected":false},"excerpt":{"rendered":"<p>M\u00e5r B\u00e4ttre, R\u00f6r Dig L\u00e4ttare! Denna ortos hj\u00e4lper dig att g\u00e5, sitta och r\u00f6ra dig med mindre sm\u00e4rta. Den st\u00f6djer [&hellip;]<\/p>\n","protected":false},"featured_media":26572,"comment_status":"open","ping_status":"closed","template":"","meta":{"site-sidebar-layout":"default","site-content-layout":"","ast-site-content-layout":"default","site-content-style":"default","site-sidebar-style":"default","ast-global-header-display":"","ast-banner-title-visibility":"","ast-main-header-display":"","ast-hfb-above-header-display":"","ast-hfb-below-header-display":"","ast-hfb-mobile-header-display":"","site-post-title":"","ast-breadcrumbs-content":"","ast-featured-img":"","footer-sml-layout":"","theme-transparent-header-meta":"default","adv-header-id-meta":"","stick-header-meta":"","header-above-stick-meta":"","header-main-stick-meta":"","header-below-stick-meta":"","astra-migrate-meta-layouts":"set","ast-page-background-enabled":"default","ast-page-background-meta":{"desktop":{"background-color":"var(--ast-global-color-4)","background-image":"","background-repeat":"repeat","background-position":"center center","background-size":"auto","background-attachment":"scroll","background-type":"","background-media":"","overlay-type":"","overlay-color":"","overlay-opacity":"","overlay-gradient":""},"tablet":{"background-color":"","background-image":"","background-repeat":"repeat","background-position":"center center","background-size":"auto","background-attachment":"scroll","background-type":"","background-media":"","overlay-type":"","overlay-color":"","overlay-opacity":"","overlay-gradient":""},"mobile":{"background-color":"","background-image":"","background-repeat":"repeat","background-position":"center center","background-size":"auto","background-attachment":"scroll","background-type":"","background-media":"","overlay-type":"","overlay-color":"","overlay-opacity":"","overlay-gradient":""}},"ast-content-background-meta":{"desktop":{"background-color":"var(--ast-global-color-5)","background-image":"","background-repeat":"repeat","background-position":"center center","background-size":"auto","background-attachment":"scroll","background-type":"","background-media":"","overlay-type":"","overlay-color":"","overlay-opacity":"","overlay-gradient":""},"tablet":{"background-color":"var(--ast-global-color-5)","background-image":"","background-repeat":"repeat","background-position":"center center","background-size":"auto","background-attachment":"scroll","background-type":"","background-media":"","overlay-type":"","overlay-color":"","overlay-opacity":"","overlay-gradient":""},"mobile":{"background-color":"var(--ast-global-color-5)","background-image":"","background-repeat":"repeat","background-position":"center center","background-size":"auto","background-attachment":"scroll","background-type":"","background-media":"","overlay-type":"","overlay-color":"","overlay-opacity":"","overlay-gradient":""}}},"product_brand":[],"product_cat":[991,15],"product_tag":[],"class_list":{"0":"post-26575","1":"product","2":"type-product","3":"status-publish","4":"has-post-thumbnail","6":"product_cat-health-care-supplies","7":"product_cat-uncategorized","8":"desktop-align-left","9":"tablet-align-left","10":"mobile-align-left","12":"first","13":"instock","14":"shipping-taxable","15":"purchasable","16":"product-type-simple"},"_links":{"self":[{"href":"https:\/\/keluvo.com\/se\/wp-json\/wp\/v2\/product\/26575","targetHints":{"allow":["GET"]}}],"collection":[{"href":"https:\/\/keluvo.com\/se\/wp-json\/wp\/v2\/product"}],"about":[{"href":"https:\/\/keluvo.com\/se\/wp-json\/wp\/v2\/types\/product"}],"replies":[{"embeddable":true,"href":"https:\/\/keluvo.com\/se\/wp-json\/wp\/v2\/comments?post=26575"}],"wp:featuredmedia":[{"embeddable":true,"href":"https:\/\/keluvo.com\/se\/wp-json\/wp\/v2\/media\/26572"}],"wp:attachment":[{"href":"https:\/\/keluvo.com\/se\/wp-json\/wp\/v2\/media?parent=26575"}],"wp:term":[{"taxonomy":"product_brand","embeddable":true,"href":"https:\/\/keluvo.com\/se\/wp-json\/wp\/v2\/product_brand?post=26575"},{"taxonomy":"product_cat","embeddable":true,"href":"https:\/\/keluvo.com\/se\/wp-json\/wp\/v2\/product_cat?post=26575"},{"taxonomy":"product_tag","embeddable":true,"href":"https:\/\/keluvo.com\/se\/wp-json\/wp\/v2\/product_tag?post=26575"}],"curies":[{"name":"wp","href":"https:\/\/api.w.org\/{rel}","templated":true}]}}