{"id":26388,"date":"2025-09-10T11:39:53","date_gmt":"2025-09-10T08:39:53","guid":{"rendered":"https:\/\/keluvo.com\/se\/product\/harklamma-for-harknut\/"},"modified":"2025-09-16T01:24:54","modified_gmt":"2025-09-15T22:24:54","slug":"harklamma-for-harknut","status":"publish","type":"product","link":"https:\/\/keluvo.com\/se\/product\/harklamma-for-harknut\/","title":{"rendered":"H\u00e5rkl\u00e4mma f\u00f6r h\u00e5rknut"},"content":{"rendered":"<h2 style=\"text-align: center\" data-start=\"40\" data-end=\"95\">\u2728 Omedelbar volym &amp; enkel stil<\/h2>\n<p class=\"\" style=\"text-align: center\" data-start=\"97\" data-end=\"216\"><span class=\"relative -mx-px my-[-0.2rem] rounded px-px py-[0.2rem] transition-colors duration-100 ease-in-out\">Transformera din frisyr p\u00e5 n\u00e5gra sekunder med v\u00e5r h\u00e5rkl\u00e4mma f\u00f6r h\u00e5rknut!<\/span> <span class=\"relative -mx-px my-[-0.2rem] rounded px-px py-[0.2rem] transition-colors duration-100 ease-in-out\">Designad f\u00f6r kvinnor som s\u00f6ker en snabb och elegant frisyr, ger detta kl\u00e4mma en naturlig, volumin\u00f6s look utan kr\u00e5ngel.<\/span><\/p>\n<p data-start=\"97\" data-end=\"216\"><img decoding=\"async\" class=\"size-full wp-image-14294 aligncenter\" src=\"https:\/\/keluvo.com\/template\/wp-content\/uploads\/sites\/5\/2025\/04\/7_44419318-a984-4908-bf0c-03e4a3e75f01.webp\" alt=\"\" \/><\/p>\n<h2 style=\"text-align: center\" data-start=\"223\" data-end=\"246\">\ud83c\udf1f Viktiga f\u00f6rdelar<\/h2>\n<p class=\"\" data-start=\"250\" data-end=\"348\">L\u00e4tt att anv\u00e4nda: <span class=\"relative -mx-px my-[-0.2rem] rounded px-px py-[0.2rem] transition-colors duration-100 ease-in-out\">Samla bara ihop h\u00e5ret och f\u00e4st knutkl\u00e4mman f\u00f6r en felfri upps\u00e4ttning<\/span>\u200b<\/p>\n<p class=\"\" data-start=\"351\" data-end=\"456\">Naturligt utseende: <span class=\"relative -mx-px my-[-0.2rem] rounded px-px py-[0.2rem] transition-colors duration-100 ease-in-out\">Tillverkad av tr\u00e5dmaterial med h\u00f6g temperatur som efterliknar texturen och glansen hos \u00e4kta h\u00e5r<\/span>\u200b<\/p>\n<p class=\"\" data-start=\"459\" data-end=\"561\">Bekv\u00e4m passform: <span class=\"relative -mx-px my-[-0.2rem] rounded px-px py-[0.2rem] transition-colors duration-100 ease-in-out\">L\u00e4tt och skonsam, vilket garanterar komfort hela dagen utan att dra eller glida<\/span>\u200b<\/p>\n<p class=\"\" data-start=\"564\" data-end=\"672\">M\u00e5ngsidig styling: <span class=\"relative -mx-px my-[-0.2rem] rounded px-px py-[0.2rem] transition-colors duration-100 ease-in-out\">Perfekt f\u00f6r vardagsbruk, speciella tillf\u00e4llen eller n\u00e4r du har ont om tid<\/span><\/p>\n<p><img decoding=\"async\" class=\"size-full wp-image-14302 aligncenter\" src=\"https:\/\/keluvo.com\/template\/wp-content\/uploads\/sites\/5\/2025\/04\/2_e234be52-da39-4a23-bbb7-b1175e405a7b.webp\" alt=\"\" \/><\/p>\n<h2 style=\"text-align: center\" data-start=\"679\" data-end=\"705\">\ud83d\udccf Produktdetaljer<\/h2>\n<ul data-start=\"707\" data-end=\"1116\">\n<li class=\"\" data-start=\"707\" data-end=\"808\">\n<p class=\"\" data-start=\"709\" data-end=\"808\">Material: <span class=\"relative -mx-px my-[-0.2rem] rounded px-px py-[0.2rem] transition-colors duration-100 ease-in-out\">H\u00f6gtemperaturtr\u00e5d<\/span>\u200b<\/p>\n<\/li>\n<li class=\"\" data-start=\"809\" data-end=\"908\">\n<p class=\"\" data-start=\"811\" data-end=\"908\">L\u00e4ngd: <span class=\"relative -mx-px my-[-0.2rem] rounded px-px py-[0.2rem] transition-colors duration-100 ease-in-out\">25 cm<\/span>\u200b<\/p>\n<\/li>\n<li class=\"\" data-start=\"909\" data-end=\"1010\">\n<p class=\"\" data-start=\"911\" data-end=\"1010\">Funktioner: <span class=\"relative -mx-px my-[-0.2rem] rounded px-px py-[0.2rem] transition-colors duration-100 ease-in-out\">Fluffig, mjuk touch, naturligt utseende.<\/span><\/p>\n<\/li>\n<\/ul>\n","protected":false},"excerpt":{"rendered":"<p>\u2728 Omedelbar volym &amp; enkel stil Transformera din frisyr p\u00e5 n\u00e5gra sekunder med v\u00e5r h\u00e5rkl\u00e4mma f\u00f6r h\u00e5rknut! Designad f\u00f6r kvinnor [&hellip;]<\/p>\n","protected":false},"featured_media":26384,"comment_status":"open","ping_status":"closed","template":"","meta":{"site-sidebar-layout":"default","site-content-layout":"","ast-site-content-layout":"default","site-content-style":"default","site-sidebar-style":"default","ast-global-header-display":"","ast-banner-title-visibility":"","ast-main-header-display":"","ast-hfb-above-header-display":"","ast-hfb-below-header-display":"","ast-hfb-mobile-header-display":"","site-post-title":"","ast-breadcrumbs-content":"","ast-featured-img":"","footer-sml-layout":"","theme-transparent-header-meta":"default","adv-header-id-meta":"","stick-header-meta":"","header-above-stick-meta":"","header-main-stick-meta":"","header-below-stick-meta":"","astra-migrate-meta-layouts":"set","ast-page-background-enabled":"default","ast-page-background-meta":{"desktop":{"background-color":"var(--ast-global-color-4)","background-image":"","background-repeat":"repeat","background-position":"center center","background-size":"auto","background-attachment":"scroll","background-type":"","background-media":"","overlay-type":"","overlay-color":"","overlay-opacity":"","overlay-gradient":""},"tablet":{"background-color":"","background-image":"","background-repeat":"repeat","background-position":"center center","background-size":"auto","background-attachment":"scroll","background-type":"","background-media":"","overlay-type":"","overlay-color":"","overlay-opacity":"","overlay-gradient":""},"mobile":{"background-color":"","background-image":"","background-repeat":"repeat","background-position":"center center","background-size":"auto","background-attachment":"scroll","background-type":"","background-media":"","overlay-type":"","overlay-color":"","overlay-opacity":"","overlay-gradient":""}},"ast-content-background-meta":{"desktop":{"background-color":"var(--ast-global-color-5)","background-image":"","background-repeat":"repeat","background-position":"center center","background-size":"auto","background-attachment":"scroll","background-type":"","background-media":"","overlay-type":"","overlay-color":"","overlay-opacity":"","overlay-gradient":""},"tablet":{"background-color":"var(--ast-global-color-5)","background-image":"","background-repeat":"repeat","background-position":"center center","background-size":"auto","background-attachment":"scroll","background-type":"","background-media":"","overlay-type":"","overlay-color":"","overlay-opacity":"","overlay-gradient":""},"mobile":{"background-color":"var(--ast-global-color-5)","background-image":"","background-repeat":"repeat","background-position":"center center","background-size":"auto","background-attachment":"scroll","background-type":"","background-media":"","overlay-type":"","overlay-color":"","overlay-opacity":"","overlay-gradient":""}}},"product_brand":[],"product_cat":[992],"product_tag":[],"class_list":{"0":"post-26388","1":"product","2":"type-product","3":"status-publish","4":"has-post-thumbnail","6":"product_cat-beauty-and-hygiene-products","7":"pa_19333_3fphnfl6-sw207-2","8":"pa_19333_3fphnfl6-sw207-2-30","9":"pa_19333_3fphnfl6-sw207-2-33","10":"pa_19333_3fphnfl6-sw207-24","11":"pa_19333_3fphnfl6-sw207-4","12":"pa_19333_3fphnfl6-sw207-4503","13":"pa_19333_3fphnfl6-sw207-613","14":"pa_19333_3fphnfl6-sw207-6a","15":"desktop-align-left","16":"tablet-align-left","17":"mobile-align-left","19":"first","20":"instock","21":"shipping-taxable","22":"purchasable","23":"product-type-variable"},"_links":{"self":[{"href":"https:\/\/keluvo.com\/se\/wp-json\/wp\/v2\/product\/26388","targetHints":{"allow":["GET"]}}],"collection":[{"href":"https:\/\/keluvo.com\/se\/wp-json\/wp\/v2\/product"}],"about":[{"href":"https:\/\/keluvo.com\/se\/wp-json\/wp\/v2\/types\/product"}],"replies":[{"embeddable":true,"href":"https:\/\/keluvo.com\/se\/wp-json\/wp\/v2\/comments?post=26388"}],"wp:featuredmedia":[{"embeddable":true,"href":"https:\/\/keluvo.com\/se\/wp-json\/wp\/v2\/media\/26384"}],"wp:attachment":[{"href":"https:\/\/keluvo.com\/se\/wp-json\/wp\/v2\/media?parent=26388"}],"wp:term":[{"taxonomy":"product_brand","embeddable":true,"href":"https:\/\/keluvo.com\/se\/wp-json\/wp\/v2\/product_brand?post=26388"},{"taxonomy":"product_cat","embeddable":true,"href":"https:\/\/keluvo.com\/se\/wp-json\/wp\/v2\/product_cat?post=26388"},{"taxonomy":"product_tag","embeddable":true,"href":"https:\/\/keluvo.com\/se\/wp-json\/wp\/v2\/product_tag?post=26388"}],"curies":[{"name":"wp","href":"https:\/\/api.w.org\/{rel}","templated":true}]}}