{"id":26379,"date":"2025-09-10T11:38:48","date_gmt":"2025-09-10T08:38:48","guid":{"rendered":"https:\/\/keluvo.com\/se\/product\/ballongstrid-spel\/"},"modified":"2025-09-10T11:38:48","modified_gmt":"2025-09-10T08:38:48","slug":"ballongstrid-spel","status":"publish","type":"product","link":"https:\/\/keluvo.com\/se\/product\/ballongstrid-spel\/","title":{"rendered":"Ballongstrid spel"},"content":{"rendered":"<h2 style=\"text-align: center\">R\u00e4dda din ballong &#8211; l\u00e5t striden b\u00f6rja!<\/h2>\n<p class=\"\" style=\"text-align: center\" data-start=\"112\" data-end=\"298\">G\u00f6r dig redo f\u00f6r en episk ballonguppg\u00f6relse! Tv\u00e5 tr\u00e4figurer g\u00e5r head-to-head och f\u00f6rs\u00f6ker poppa motst\u00e5ndarens ballong innan deras egen spricker. Det \u00e4r snabbt, roligt och fullpackat med energi!<\/p>\n<p data-start=\"112\" data-end=\"298\"><img decoding=\"async\" class=\"size-full wp-image-14211 aligncenter\" src=\"https:\/\/keluvo.com\/template\/wp-content\/uploads\/sites\/5\/2025\/04\/9fb94aa0-f55d-4d01-8628-d248ad71b2f3-ezgif.com-gif-to-webp-converter.webp\" alt=\"\" \/><\/p>\n<h2 style=\"text-align: center\">Party-perfekt &amp; j\u00e4tteroligt<\/h2>\n<p class=\"\" style=\"text-align: center\" data-start=\"709\" data-end=\"843\">Den ultimata isbrytaren och partyhiten! Det h\u00e4r spelet \u00e4r perfekt f\u00f6r b\u00e5de barn och vuxna och garanterar o\u00e4ndliga skratt och of\u00f6rgl\u00f6mliga stunder. Levereras med 100 ballonger.<\/p>\n<p data-start=\"709\" data-end=\"843\"><img fetchpriority=\"high\" decoding=\"async\" class=\"size-full wp-image-14212 aligncenter\" src=\"https:\/\/keluvo.com\/template\/wp-content\/uploads\/sites\/5\/2025\/04\/89d2c172-6a4a-4eaa-a75f-abf01255637c.webp\" alt=\"\" width=\"800\" height=\"800\" \/><\/p>\n<h2 style=\"text-align: center\" data-start=\"709\" data-end=\"843\">Paketet inneh\u00e5ller \ud83d\udce6<\/h2>\n<ul>\n<li>1x poke ballongleksak<\/li>\n<li>100x ballong<\/li>\n<li>1x anv\u00e4ndarmanual.<\/li>\n<\/ul>\n","protected":false},"excerpt":{"rendered":"<p>R\u00e4dda din ballong &#8211; l\u00e5t striden b\u00f6rja! G\u00f6r dig redo f\u00f6r en episk ballonguppg\u00f6relse! Tv\u00e5 tr\u00e4figurer g\u00e5r head-to-head och f\u00f6rs\u00f6ker [&hellip;]<\/p>\n","protected":false},"featured_media":26375,"comment_status":"open","ping_status":"closed","template":"","meta":{"site-sidebar-layout":"default","site-content-layout":"","ast-site-content-layout":"default","site-content-style":"default","site-sidebar-style":"default","ast-global-header-display":"","ast-banner-title-visibility":"","ast-main-header-display":"","ast-hfb-above-header-display":"","ast-hfb-below-header-display":"","ast-hfb-mobile-header-display":"","site-post-title":"","ast-breadcrumbs-content":"","ast-featured-img":"","footer-sml-layout":"","theme-transparent-header-meta":"default","adv-header-id-meta":"","stick-header-meta":"","header-above-stick-meta":"","header-main-stick-meta":"","header-below-stick-meta":"","astra-migrate-meta-layouts":"set","ast-page-background-enabled":"default","ast-page-background-meta":{"desktop":{"background-color":"var(--ast-global-color-4)","background-image":"","background-repeat":"repeat","background-position":"center center","background-size":"auto","background-attachment":"scroll","background-type":"","background-media":"","overlay-type":"","overlay-color":"","overlay-opacity":"","overlay-gradient":""},"tablet":{"background-color":"","background-image":"","background-repeat":"repeat","background-position":"center center","background-size":"auto","background-attachment":"scroll","background-type":"","background-media":"","overlay-type":"","overlay-color":"","overlay-opacity":"","overlay-gradient":""},"mobile":{"background-color":"","background-image":"","background-repeat":"repeat","background-position":"center center","background-size":"auto","background-attachment":"scroll","background-type":"","background-media":"","overlay-type":"","overlay-color":"","overlay-opacity":"","overlay-gradient":""}},"ast-content-background-meta":{"desktop":{"background-color":"var(--ast-global-color-5)","background-image":"","background-repeat":"repeat","background-position":"center center","background-size":"auto","background-attachment":"scroll","background-type":"","background-media":"","overlay-type":"","overlay-color":"","overlay-opacity":"","overlay-gradient":""},"tablet":{"background-color":"var(--ast-global-color-5)","background-image":"","background-repeat":"repeat","background-position":"center center","background-size":"auto","background-attachment":"scroll","background-type":"","background-media":"","overlay-type":"","overlay-color":"","overlay-opacity":"","overlay-gradient":""},"mobile":{"background-color":"var(--ast-global-color-5)","background-image":"","background-repeat":"repeat","background-position":"center center","background-size":"auto","background-attachment":"scroll","background-type":"","background-media":"","overlay-type":"","overlay-color":"","overlay-opacity":"","overlay-gradient":""}}},"product_brand":[],"product_cat":[990],"product_tag":[],"class_list":{"0":"post-26379","1":"product","2":"type-product","3":"status-publish","4":"has-post-thumbnail","6":"product_cat-toys-childrens-and-baby-products","7":"desktop-align-left","8":"tablet-align-left","9":"mobile-align-left","11":"first","12":"instock","13":"shipping-taxable","14":"purchasable","15":"product-type-simple"},"_links":{"self":[{"href":"https:\/\/keluvo.com\/se\/wp-json\/wp\/v2\/product\/26379","targetHints":{"allow":["GET"]}}],"collection":[{"href":"https:\/\/keluvo.com\/se\/wp-json\/wp\/v2\/product"}],"about":[{"href":"https:\/\/keluvo.com\/se\/wp-json\/wp\/v2\/types\/product"}],"replies":[{"embeddable":true,"href":"https:\/\/keluvo.com\/se\/wp-json\/wp\/v2\/comments?post=26379"}],"wp:featuredmedia":[{"embeddable":true,"href":"https:\/\/keluvo.com\/se\/wp-json\/wp\/v2\/media\/26375"}],"wp:attachment":[{"href":"https:\/\/keluvo.com\/se\/wp-json\/wp\/v2\/media?parent=26379"}],"wp:term":[{"taxonomy":"product_brand","embeddable":true,"href":"https:\/\/keluvo.com\/se\/wp-json\/wp\/v2\/product_brand?post=26379"},{"taxonomy":"product_cat","embeddable":true,"href":"https:\/\/keluvo.com\/se\/wp-json\/wp\/v2\/product_cat?post=26379"},{"taxonomy":"product_tag","embeddable":true,"href":"https:\/\/keluvo.com\/se\/wp-json\/wp\/v2\/product_tag?post=26379"}],"curies":[{"name":"wp","href":"https:\/\/api.w.org\/{rel}","templated":true}]}}