{"id":26330,"date":"2025-09-10T11:27:48","date_gmt":"2025-09-10T08:27:48","guid":{"rendered":"https:\/\/keluvo.com\/se\/product\/harkram-eelhoe-straight\/"},"modified":"2025-09-10T11:27:48","modified_gmt":"2025-09-10T08:27:48","slug":"harkram-eelhoe-straight","status":"publish","type":"product","link":"https:\/\/keluvo.com\/se\/product\/harkram-eelhoe-straight\/","title":{"rendered":"H\u00e5rkr\u00e4m EELHOE STRAIGHT"},"content":{"rendered":"<h2 style=\"text-align: center\" data-start=\"40\" data-end=\"90\">\u2728 Sl\u00e4tt, rakt och gl\u00e4nsande h\u00e5r &#8211; p\u00e5 n\u00e5gra minuter<\/h2>\n<p class=\"\" style=\"text-align: center\" data-start=\"92\" data-end=\"211\"><span class=\"relative -mx-px my-[-0.2rem] rounded px-px py-[0.2rem] transition-colors duration-100 ease-in-out\">S\u00e4g hejd\u00e5 till friss och hej till sl\u00e4tt, hanterbart h\u00e5r med v\u00e5r h\u00e5rr\u00e4tande kr\u00e4m.<\/span> <span class=\"relative -mx-px my-[-0.2rem] rounded px-px py-[0.2rem] transition-colors duration-100 ease-in-out\">Denna l\u00e4ttanv\u00e4nda behandling f\u00f6rvandlar lockigt, v\u00e5gigt eller ostyrigt h\u00e5r till sl\u00e4ta, raka lockar &#8211; allt fr\u00e5n bekv\u00e4mligheten i ditt hem.<\/span><\/p>\n<p data-start=\"92\" data-end=\"211\"><img decoding=\"async\" class=\"size-full wp-image-14262 aligncenter\" src=\"https:\/\/keluvo.com\/template\/wp-content\/uploads\/sites\/5\/2025\/04\/ezgif.com-webp-maker.webp\" alt=\"\" \/><\/p>\n<h2 style=\"text-align: center\" data-start=\"218\" data-end=\"243\">\ud83c\udf1f Varf\u00f6r Du Kommer Att \u00c4lska Det<\/h2>\n<p class=\"\" data-start=\"247\" data-end=\"349\">Snabba resultat: <span class=\"relative -mx-px my-[-0.2rem] rounded px-px py-[0.2rem] transition-colors duration-100 ease-in-out\">Uppn\u00e5 silkeslent rakt h\u00e5r med bara en applicering &#8211; inget behov av uppv\u00e4rmda verktyg eller salongsbes\u00f6k<\/span><\/p>\n<p class=\"\" data-start=\"352\" data-end=\"515\">N\u00e4rande ingredienser: Inneh\u00e5ller kollagen, glycerin och v\u00e4xtextrakt som \u00e5terfuktar och st\u00e4rker ditt h\u00e5r.<\/p>\n<p class=\"\" data-start=\"518\" data-end=\"656\">Frissfri finish: T\u00e4mjer flygiga h\u00e5rstr\u00e5n och minskar statisk elektricitet, s\u00e5 att ditt h\u00e5r blir glansigt och lent.<\/p>\n<p class=\"\" data-start=\"659\" data-end=\"759\">S\u00e4ker &amp; skonsam: <span class=\"relative -mx-px my-[-0.2rem] rounded px-px py-[0.2rem] transition-colors duration-100 ease-in-out\">Formulerad med milda ingredienser som skyddar ditt h\u00e5r och h\u00e5rbotten<\/span>\u200b<\/p>\n<p class=\"\" data-start=\"762\" data-end=\"869\">Enkel applicering: <span class=\"relative -mx-px my-[-0.2rem] rounded px-px py-[0.2rem] transition-colors duration-100 ease-in-out\">Enkel trestegsprocess &#8211; tv\u00e4tta, applicera och sk\u00f6lj<\/span><\/p>\n<p><img decoding=\"async\" class=\"size-full wp-image-14256 aligncenter\" src=\"https:\/\/keluvo.com\/template\/wp-content\/uploads\/sites\/5\/2025\/04\/main-image-3.jpeg\" alt=\"\" \/><\/p>\n<h2 style=\"text-align: center\" data-start=\"92\" data-end=\"211\">\u200b\ud83e\uddf4 Produktdetaljer<\/h2>\n<ul data-start=\"900\" data-end=\"1699\">\n<li class=\"\" data-start=\"998\" data-end=\"1099\">\n<p class=\"\" data-start=\"1000\" data-end=\"1099\">Kapacitet: <span class=\"relative -mx-px my-[-0.2rem] rounded px-px py-[0.2rem] transition-colors duration-100 ease-in-out\">60 ml<\/span>\u200b<\/p>\n<\/li>\n<li class=\"\" data-start=\"1100\" data-end=\"1203\">\n<p class=\"\" data-start=\"1102\" data-end=\"1203\">H\u00e5llbarhet: <span class=\"relative -mx-px my-[-0.2rem] rounded px-px py-[0.2rem] transition-colors duration-100 ease-in-out\">3 \u00e5r<\/span><\/p>\n<\/li>\n<li class=\"\" data-start=\"1204\" data-end=\"1309\">\n<p class=\"\" data-start=\"1206\" data-end=\"1309\">L\u00e4mplig f\u00f6r: <span class=\"relative -mx-px my-[-0.2rem] rounded px-px py-[0.2rem] transition-colors duration-100 ease-in-out\">Alla h\u00e5rtyper, s\u00e4rskilt lockigt eller skadat h\u00e5r<\/span><\/p>\n<\/li>\n<li class=\"\" data-start=\"1310\" data-end=\"1699\">\n<p class=\"\" data-start=\"1312\" data-end=\"1328\">Anv\u00e4ndningssteg:<\/p>\n<ol data-start=\"1331\" data-end=\"1699\">\n<li class=\"\" data-start=\"1331\" data-end=\"1419\">\n<p class=\"\" data-start=\"1334\" data-end=\"1419\"><span class=\"relative -mx-px my-[-0.2rem] rounded px-px py-[0.2rem] transition-colors duration-100 ease-in-out\">Tv\u00e4tta h\u00e5ret med schampo och handdukstorka tills det \u00e4r halvtorrt.<\/span>\u200b<\/p>\n<\/li>\n<li class=\"\" data-start=\"1422\" data-end=\"1608\">\n<p class=\"\" data-start=\"1425\" data-end=\"1510\"><span class=\"relative -mx-px my-[-0.2rem] rounded px-px py-[0.2rem] transition-colors duration-100 ease-in-out\">Applicera kr\u00e4men j\u00e4mnt i h\u00e5ret.<\/span>\u200b<\/p>\n<ul data-start=\"1516\" data-end=\"1608\">\n<li class=\"\" data-start=\"1516\" data-end=\"1559\">\n<p class=\"\" data-start=\"1518\" data-end=\"1559\">L\u00e5t verka i 20-30 minuter f\u00f6r friskt h\u00e5r.<\/p>\n<\/li>\n<li class=\"\" data-start=\"1565\" data-end=\"1608\">\n<p class=\"\" data-start=\"1567\" data-end=\"1608\">L\u00e5t verka i 10-20 minuter f\u00f6r skadat h\u00e5r.<\/p>\n<\/li>\n<\/ul>\n<\/li>\n<li class=\"\" data-start=\"1611\" data-end=\"1699\">\n<p class=\"\" data-start=\"1614\" data-end=\"1699\"><span class=\"relative -mx-px my-[-0.2rem] rounded px-px py-[0.2rem] transition-colors duration-100 ease-in-out\">Sk\u00f6lj noggrant med vatten.<\/span><\/p>\n<\/li>\n<\/ol>\n<\/li>\n<\/ul>\n","protected":false},"excerpt":{"rendered":"<p>\u2728 Sl\u00e4tt, rakt och gl\u00e4nsande h\u00e5r &#8211; p\u00e5 n\u00e5gra minuter S\u00e4g hejd\u00e5 till friss och hej till sl\u00e4tt, hanterbart h\u00e5r [&hellip;]<\/p>\n","protected":false},"featured_media":26326,"comment_status":"open","ping_status":"closed","template":"","meta":{"site-sidebar-layout":"default","site-content-layout":"","ast-site-content-layout":"default","site-content-style":"default","site-sidebar-style":"default","ast-global-header-display":"","ast-banner-title-visibility":"","ast-main-header-display":"","ast-hfb-above-header-display":"","ast-hfb-below-header-display":"","ast-hfb-mobile-header-display":"","site-post-title":"","ast-breadcrumbs-content":"","ast-featured-img":"","footer-sml-layout":"","theme-transparent-header-meta":"default","adv-header-id-meta":"","stick-header-meta":"","header-above-stick-meta":"","header-main-stick-meta":"","header-below-stick-meta":"","astra-migrate-meta-layouts":"set","ast-page-background-enabled":"default","ast-page-background-meta":{"desktop":{"background-color":"var(--ast-global-color-4)","background-image":"","background-repeat":"repeat","background-position":"center center","background-size":"auto","background-attachment":"scroll","background-type":"","background-media":"","overlay-type":"","overlay-color":"","overlay-opacity":"","overlay-gradient":""},"tablet":{"background-color":"","background-image":"","background-repeat":"repeat","background-position":"center center","background-size":"auto","background-attachment":"scroll","background-type":"","background-media":"","overlay-type":"","overlay-color":"","overlay-opacity":"","overlay-gradient":""},"mobile":{"background-color":"","background-image":"","background-repeat":"repeat","background-position":"center center","background-size":"auto","background-attachment":"scroll","background-type":"","background-media":"","overlay-type":"","overlay-color":"","overlay-opacity":"","overlay-gradient":""}},"ast-content-background-meta":{"desktop":{"background-color":"var(--ast-global-color-5)","background-image":"","background-repeat":"repeat","background-position":"center center","background-size":"auto","background-attachment":"scroll","background-type":"","background-media":"","overlay-type":"","overlay-color":"","overlay-opacity":"","overlay-gradient":""},"tablet":{"background-color":"var(--ast-global-color-5)","background-image":"","background-repeat":"repeat","background-position":"center center","background-size":"auto","background-attachment":"scroll","background-type":"","background-media":"","overlay-type":"","overlay-color":"","overlay-opacity":"","overlay-gradient":""},"mobile":{"background-color":"var(--ast-global-color-5)","background-image":"","background-repeat":"repeat","background-position":"center center","background-size":"auto","background-attachment":"scroll","background-type":"","background-media":"","overlay-type":"","overlay-color":"","overlay-opacity":"","overlay-gradient":""}}},"product_brand":[],"product_cat":[15],"product_tag":[],"class_list":{"0":"post-26330","1":"product","2":"type-product","3":"status-publish","4":"has-post-thumbnail","6":"product_cat-uncategorized","7":"desktop-align-left","8":"tablet-align-left","9":"mobile-align-left","11":"first","12":"instock","13":"shipping-taxable","14":"purchasable","15":"product-type-simple"},"_links":{"self":[{"href":"https:\/\/keluvo.com\/se\/wp-json\/wp\/v2\/product\/26330","targetHints":{"allow":["GET"]}}],"collection":[{"href":"https:\/\/keluvo.com\/se\/wp-json\/wp\/v2\/product"}],"about":[{"href":"https:\/\/keluvo.com\/se\/wp-json\/wp\/v2\/types\/product"}],"replies":[{"embeddable":true,"href":"https:\/\/keluvo.com\/se\/wp-json\/wp\/v2\/comments?post=26330"}],"wp:featuredmedia":[{"embeddable":true,"href":"https:\/\/keluvo.com\/se\/wp-json\/wp\/v2\/media\/26326"}],"wp:attachment":[{"href":"https:\/\/keluvo.com\/se\/wp-json\/wp\/v2\/media?parent=26330"}],"wp:term":[{"taxonomy":"product_brand","embeddable":true,"href":"https:\/\/keluvo.com\/se\/wp-json\/wp\/v2\/product_brand?post=26330"},{"taxonomy":"product_cat","embeddable":true,"href":"https:\/\/keluvo.com\/se\/wp-json\/wp\/v2\/product_cat?post=26330"},{"taxonomy":"product_tag","embeddable":true,"href":"https:\/\/keluvo.com\/se\/wp-json\/wp\/v2\/product_tag?post=26330"}],"curies":[{"name":"wp","href":"https:\/\/api.w.org\/{rel}","templated":true}]}}