{"id":26278,"date":"2025-09-09T19:10:21","date_gmt":"2025-09-09T16:10:21","guid":{"rendered":"https:\/\/keluvo.com\/se\/product\/kazoo\/"},"modified":"2025-12-08T12:13:49","modified_gmt":"2025-12-08T10:13:49","slug":"kazoo","status":"publish","type":"product","link":"https:\/\/keluvo.com\/se\/product\/kazoo\/","title":{"rendered":"Kazoo"},"content":{"rendered":"<p style=\"text-align: center\" data-start=\"132\" data-end=\"328\"><strong data-start=\"132\" data-end=\"182\">G\u00f6r Musik P\u00e5 N\u00e5gra Sekunder &#8211; Ingen Erfarenhet Beh\u00f6vs! \ud83c\udfb5<\/strong><\/p>\n<p style=\"text-align: center\" data-start=\"132\" data-end=\"328\">Den h\u00e4r kazoo \u00e4r det enklaste instrument du n\u00e5gonsin kommer att spela. Nynna bara p\u00e5 den, s\u00e5 f\u00f6rvandlar den omedelbart din r\u00f6st till en rolig, surrande melodi! Perfekt f\u00f6r barn, nyb\u00f6rjare, musiker eller alla som vill jamma utan att l\u00e4ra sig komplicerade noter.<\/p>\n<p data-start=\"132\" data-end=\"328\"><img decoding=\"async\" class=\"size-full wp-image-29324 aligncenter\" src=\"https:\/\/keluvo.com\/template\/wp-content\/uploads\/sites\/5\/2025\/07\/daab30dc690d7fe87829648f33977414e907b4bd.webp\" alt=\"\" \/><\/p>\n<h2 style=\"text-align: center\" data-section-id=\"1unko33\" data-start=\"439\" data-end=\"459\">Huvudf\u00f6rdelar \ud83c\udfba<\/h2>\n<p data-start=\"461\" data-end=\"924\">\ud83c\udfb6 <strong data-start=\"464\" data-end=\"479\">L\u00e4tt Att Anv\u00e4nda<\/strong> \u2013 bara nynna f\u00f6r att spela. Ingen musikalisk kunskap kr\u00e4vs.<\/p>\n<p data-start=\"461\" data-end=\"924\">\ud83e\ude88 <strong data-start=\"536\" data-end=\"551\">Fantastiskt Ljud<\/strong> \u2013 Producerar en surrande, trumpetliknande ton som \u00e4r rolig och unik.<\/p>\n<p data-start=\"461\" data-end=\"924\">\ud83c\udf92 <strong data-start=\"620\" data-end=\"636\">Fickformat<\/strong> \u2013 Liten, l\u00e4tt och levereras med ett nyckelband f\u00f6r enkel transport.<\/p>\n<p data-start=\"461\" data-end=\"924\">\ud83c\udf81 <strong data-start=\"708\" data-end=\"724\">Perfekt Present<\/strong> \u2013 En rolig \u00f6verraskning f\u00f6r barn, v\u00e4nner eller musik\u00e4lskare.<\/p>\n<p data-start=\"461\" data-end=\"924\">\ud83c\udfb8 <strong data-start=\"783\" data-end=\"809\">Perfekt F\u00f6r Jamsessioner<\/strong> \u2013 Anv\u00e4nd den solo eller med din gitarr eller ditt band.<\/p>\n<p data-start=\"461\" data-end=\"924\">\ud83e\uddfc <strong data-start=\"858\" data-end=\"879\">Avtagbar Design<\/strong> \u2013 L\u00e4tt att reng\u00f6ra och s\u00e4ker f\u00f6r upprepad anv\u00e4ndning.<\/p>\n<p data-start=\"461\" data-end=\"924\"><img decoding=\"async\" class=\"size-full wp-image-29323 aligncenter\" src=\"https:\/\/keluvo.com\/template\/wp-content\/uploads\/sites\/5\/2025\/07\/6025c76285d54d8c918e678c71a22bda68a3c8f1.webp\" alt=\"\" \/><\/p>\n<h2 style=\"text-align: center\" data-section-id=\"6p6jkm\" data-start=\"931\" data-end=\"948\">Hur Man Anv\u00e4nder \ud83c\udfa4<\/h2>\n<ol data-start=\"950\" data-end=\"1144\">\n<li data-start=\"950\" data-end=\"986\">\n<p data-start=\"953\" data-end=\"986\">H\u00e5ll kazoo n\u00e4ra munnen.<\/p>\n<\/li>\n<li data-start=\"987\" data-end=\"1027\">\n<p data-start=\"990\" data-end=\"1027\">Nynna (inte bl\u00e5sa) i munstycket.<\/p>\n<\/li>\n<li data-start=\"1028\" data-end=\"1096\">\n<p data-start=\"1031\" data-end=\"1096\">\u00c4ndra din tonh\u00f6jd eller nynna en melodi &#8211; det kommer att surra och l\u00e5ta musikaliskt!<\/p>\n<\/li>\n<li data-start=\"1097\" data-end=\"1144\">\n<p data-start=\"1100\" data-end=\"1144\">Anv\u00e4nd nyckelbandet f\u00f6r att b\u00e4ra det vart du \u00e4n g\u00e5r.<\/p>\n<\/li>\n<\/ol>\n<h2 style=\"text-align: center\" data-section-id=\"1uoa4jh\" data-start=\"1151\" data-end=\"1173\">Produktdetaljer \ud83d\udccf<\/h2>\n<ul data-start=\"1175\" data-end=\"1287\">\n<li data-start=\"1175\" data-end=\"1199\">\n<p data-start=\"1177\" data-end=\"1199\">Storlek: 13,5 cm x 3,5 cm<\/p>\n<\/li>\n<li data-start=\"1200\" data-end=\"1221\">\n<p data-start=\"1202\" data-end=\"1221\">Material: Plast<\/p>\n<\/li>\n<li data-start=\"1259\" data-end=\"1287\">\n<p data-start=\"1261\" data-end=\"1287\">L\u00e4tt och b\u00e4rbar<\/p>\n<\/li>\n<\/ul>\n<h2 style=\"text-align: center\" data-section-id=\"168ap4\" data-start=\"1294\" data-end=\"1317\">Paketet Inneh\u00e5ller \ud83d\udce6<\/h2>\n<ul data-start=\"1319\" data-end=\"1417\">\n<li data-start=\"1319\" data-end=\"1349\">\n<p data-start=\"1321\" data-end=\"1349\">1x kazoo med nyckelband.<\/p>\n<\/li>\n<\/ul>\n","protected":false},"excerpt":{"rendered":"<p>G\u00f6r Musik P\u00e5 N\u00e5gra Sekunder &#8211; Ingen Erfarenhet Beh\u00f6vs! \ud83c\udfb5 Den h\u00e4r kazoo \u00e4r det enklaste instrument du n\u00e5gonsin kommer [&hellip;]<\/p>\n","protected":false},"featured_media":26274,"comment_status":"open","ping_status":"closed","template":"","meta":{"site-sidebar-layout":"default","site-content-layout":"","ast-site-content-layout":"default","site-content-style":"default","site-sidebar-style":"default","ast-global-header-display":"","ast-banner-title-visibility":"","ast-main-header-display":"","ast-hfb-above-header-display":"","ast-hfb-below-header-display":"","ast-hfb-mobile-header-display":"","site-post-title":"","ast-breadcrumbs-content":"","ast-featured-img":"","footer-sml-layout":"","theme-transparent-header-meta":"default","adv-header-id-meta":"","stick-header-meta":"","header-above-stick-meta":"","header-main-stick-meta":"","header-below-stick-meta":"","astra-migrate-meta-layouts":"set","ast-page-background-enabled":"default","ast-page-background-meta":{"desktop":{"background-color":"var(--ast-global-color-4)","background-image":"","background-repeat":"repeat","background-position":"center center","background-size":"auto","background-attachment":"scroll","background-type":"","background-media":"","overlay-type":"","overlay-color":"","overlay-opacity":"","overlay-gradient":""},"tablet":{"background-color":"","background-image":"","background-repeat":"repeat","background-position":"center center","background-size":"auto","background-attachment":"scroll","background-type":"","background-media":"","overlay-type":"","overlay-color":"","overlay-opacity":"","overlay-gradient":""},"mobile":{"background-color":"","background-image":"","background-repeat":"repeat","background-position":"center center","background-size":"auto","background-attachment":"scroll","background-type":"","background-media":"","overlay-type":"","overlay-color":"","overlay-opacity":"","overlay-gradient":""}},"ast-content-background-meta":{"desktop":{"background-color":"var(--ast-global-color-5)","background-image":"","background-repeat":"repeat","background-position":"center center","background-size":"auto","background-attachment":"scroll","background-type":"","background-media":"","overlay-type":"","overlay-color":"","overlay-opacity":"","overlay-gradient":""},"tablet":{"background-color":"var(--ast-global-color-5)","background-image":"","background-repeat":"repeat","background-position":"center center","background-size":"auto","background-attachment":"scroll","background-type":"","background-media":"","overlay-type":"","overlay-color":"","overlay-opacity":"","overlay-gradient":""},"mobile":{"background-color":"var(--ast-global-color-5)","background-image":"","background-repeat":"repeat","background-position":"center center","background-size":"auto","background-attachment":"scroll","background-type":"","background-media":"","overlay-type":"","overlay-color":"","overlay-opacity":"","overlay-gradient":""}}},"product_brand":[],"product_cat":[990],"product_tag":[],"class_list":{"0":"post-26278","1":"product","2":"type-product","3":"status-publish","4":"has-post-thumbnail","6":"product_cat-toys-childrens-and-baby-products","7":"pa_48240_zea7z2xg-bla","8":"pa_48240_zea7z2xg-rod","9":"pa_48240_zea7z2xg-rosa","10":"pa_48240_zea7z2xg-svart","11":"pa_48240_zea7z2xg-vit","12":"desktop-align-left","13":"tablet-align-left","14":"mobile-align-left","16":"first","17":"instock","18":"shipping-taxable","19":"purchasable","20":"product-type-variable"},"_links":{"self":[{"href":"https:\/\/keluvo.com\/se\/wp-json\/wp\/v2\/product\/26278","targetHints":{"allow":["GET"]}}],"collection":[{"href":"https:\/\/keluvo.com\/se\/wp-json\/wp\/v2\/product"}],"about":[{"href":"https:\/\/keluvo.com\/se\/wp-json\/wp\/v2\/types\/product"}],"replies":[{"embeddable":true,"href":"https:\/\/keluvo.com\/se\/wp-json\/wp\/v2\/comments?post=26278"}],"wp:featuredmedia":[{"embeddable":true,"href":"https:\/\/keluvo.com\/se\/wp-json\/wp\/v2\/media\/26274"}],"wp:attachment":[{"href":"https:\/\/keluvo.com\/se\/wp-json\/wp\/v2\/media?parent=26278"}],"wp:term":[{"taxonomy":"product_brand","embeddable":true,"href":"https:\/\/keluvo.com\/se\/wp-json\/wp\/v2\/product_brand?post=26278"},{"taxonomy":"product_cat","embeddable":true,"href":"https:\/\/keluvo.com\/se\/wp-json\/wp\/v2\/product_cat?post=26278"},{"taxonomy":"product_tag","embeddable":true,"href":"https:\/\/keluvo.com\/se\/wp-json\/wp\/v2\/product_tag?post=26278"}],"curies":[{"name":"wp","href":"https:\/\/api.w.org\/{rel}","templated":true}]}}