{"id":26259,"date":"2025-09-09T17:46:59","date_gmt":"2025-09-09T14:46:59","guid":{"rendered":"https:\/\/keluvo.com\/se\/product\/slipkloss\/"},"modified":"2025-09-09T17:46:59","modified_gmt":"2025-09-09T14:46:59","slug":"slipkloss","status":"publish","type":"product","link":"https:\/\/keluvo.com\/se\/product\/slipkloss\/","title":{"rendered":"Slipkloss"},"content":{"rendered":"<h2 class=\"\" style=\"text-align: center\" data-start=\"0\" data-end=\"27\">Sl\u00e4t Yta<\/h2>\n<p class=\"\" style=\"text-align: center\" data-start=\"28\" data-end=\"256\">Slipblocket hj\u00e4lper dig att f\u00e5 j\u00e4mna och sl\u00e4ta ytor med mindre anstr\u00e4ngning. Det \u00e4r perfekt f\u00f6r att forma och efterbehandla ytor som karosspaneler eller tr\u00e4. Anv\u00e4nd den f\u00f6r att ta bort oj\u00e4mnheter och g\u00f6ra ytor redo f\u00f6r m\u00e5lning eller ytbehandling.<\/p>\n<p data-start=\"28\" data-end=\"256\"><img decoding=\"async\" class=\"alignnone size-full wp-image-14039 aligncenter\" src=\"https:\/\/keluvo.com\/template\/wp-content\/uploads\/sites\/5\/2025\/04\/c9732822-6ed4-4d71-86cd-f7712ad3548a-e1744350713908.webp\" alt=\"\" \/><\/p>\n<h2 class=\"\" style=\"text-align: center\" data-start=\"258\" data-end=\"275\">L\u00e4tt Att H\u00e5lla<\/h2>\n<p class=\"\" style=\"text-align: center\" data-start=\"276\" data-end=\"450\">Den h\u00e4r slipklossen \u00e4r utformad f\u00f6r att passa bekv\u00e4mt i din hand. Formen g\u00f6r det l\u00e4tt att trycka p\u00e5 och kontrollera under slipningen. Det bidrar till att minska belastningen p\u00e5 handen under l\u00e4ngre projekt.<\/p>\n<p data-start=\"276\" data-end=\"450\"><img decoding=\"async\" class=\"alignnone size-full wp-image-14038 aligncenter\" src=\"https:\/\/keluvo.com\/template\/wp-content\/uploads\/sites\/5\/2025\/04\/8238eca5-717b-46da-b61d-6e22dfc72bfe-e1744350730228.webp\" alt=\"\" \/><\/p>\n","protected":false},"excerpt":{"rendered":"<p>Sl\u00e4t Yta Slipblocket hj\u00e4lper dig att f\u00e5 j\u00e4mna och sl\u00e4ta ytor med mindre anstr\u00e4ngning. Det \u00e4r perfekt f\u00f6r att forma [&hellip;]<\/p>\n","protected":false},"featured_media":26255,"comment_status":"open","ping_status":"closed","template":"","meta":{"site-sidebar-layout":"default","site-content-layout":"","ast-site-content-layout":"default","site-content-style":"default","site-sidebar-style":"default","ast-global-header-display":"","ast-banner-title-visibility":"","ast-main-header-display":"","ast-hfb-above-header-display":"","ast-hfb-below-header-display":"","ast-hfb-mobile-header-display":"","site-post-title":"","ast-breadcrumbs-content":"","ast-featured-img":"","footer-sml-layout":"","theme-transparent-header-meta":"default","adv-header-id-meta":"","stick-header-meta":"","header-above-stick-meta":"","header-main-stick-meta":"","header-below-stick-meta":"","astra-migrate-meta-layouts":"set","ast-page-background-enabled":"default","ast-page-background-meta":{"desktop":{"background-color":"var(--ast-global-color-4)","background-image":"","background-repeat":"repeat","background-position":"center center","background-size":"auto","background-attachment":"scroll","background-type":"","background-media":"","overlay-type":"","overlay-color":"","overlay-opacity":"","overlay-gradient":""},"tablet":{"background-color":"","background-image":"","background-repeat":"repeat","background-position":"center center","background-size":"auto","background-attachment":"scroll","background-type":"","background-media":"","overlay-type":"","overlay-color":"","overlay-opacity":"","overlay-gradient":""},"mobile":{"background-color":"","background-image":"","background-repeat":"repeat","background-position":"center center","background-size":"auto","background-attachment":"scroll","background-type":"","background-media":"","overlay-type":"","overlay-color":"","overlay-opacity":"","overlay-gradient":""}},"ast-content-background-meta":{"desktop":{"background-color":"var(--ast-global-color-5)","background-image":"","background-repeat":"repeat","background-position":"center center","background-size":"auto","background-attachment":"scroll","background-type":"","background-media":"","overlay-type":"","overlay-color":"","overlay-opacity":"","overlay-gradient":""},"tablet":{"background-color":"var(--ast-global-color-5)","background-image":"","background-repeat":"repeat","background-position":"center center","background-size":"auto","background-attachment":"scroll","background-type":"","background-media":"","overlay-type":"","overlay-color":"","overlay-opacity":"","overlay-gradient":""},"mobile":{"background-color":"var(--ast-global-color-5)","background-image":"","background-repeat":"repeat","background-position":"center center","background-size":"auto","background-attachment":"scroll","background-type":"","background-media":"","overlay-type":"","overlay-color":"","overlay-opacity":"","overlay-gradient":""}}},"product_brand":[],"product_cat":[996],"product_tag":[],"class_list":{"0":"post-26259","1":"product","2":"type-product","3":"status-publish","4":"has-post-thumbnail","6":"product_cat-tools","7":"desktop-align-left","8":"tablet-align-left","9":"mobile-align-left","11":"first","12":"instock","13":"shipping-taxable","14":"purchasable","15":"product-type-simple"},"_links":{"self":[{"href":"https:\/\/keluvo.com\/se\/wp-json\/wp\/v2\/product\/26259","targetHints":{"allow":["GET"]}}],"collection":[{"href":"https:\/\/keluvo.com\/se\/wp-json\/wp\/v2\/product"}],"about":[{"href":"https:\/\/keluvo.com\/se\/wp-json\/wp\/v2\/types\/product"}],"replies":[{"embeddable":true,"href":"https:\/\/keluvo.com\/se\/wp-json\/wp\/v2\/comments?post=26259"}],"wp:featuredmedia":[{"embeddable":true,"href":"https:\/\/keluvo.com\/se\/wp-json\/wp\/v2\/media\/26255"}],"wp:attachment":[{"href":"https:\/\/keluvo.com\/se\/wp-json\/wp\/v2\/media?parent=26259"}],"wp:term":[{"taxonomy":"product_brand","embeddable":true,"href":"https:\/\/keluvo.com\/se\/wp-json\/wp\/v2\/product_brand?post=26259"},{"taxonomy":"product_cat","embeddable":true,"href":"https:\/\/keluvo.com\/se\/wp-json\/wp\/v2\/product_cat?post=26259"},{"taxonomy":"product_tag","embeddable":true,"href":"https:\/\/keluvo.com\/se\/wp-json\/wp\/v2\/product_tag?post=26259"}],"curies":[{"name":"wp","href":"https:\/\/api.w.org\/{rel}","templated":true}]}}