{"id":26249,"date":"2025-09-09T17:45:36","date_gmt":"2025-09-09T14:45:36","guid":{"rendered":"https:\/\/keluvo.com\/se\/product\/leksak-med-dansande-anka\/"},"modified":"2025-09-09T17:45:36","modified_gmt":"2025-09-09T14:45:36","slug":"leksak-med-dansande-anka","status":"publish","type":"product","link":"https:\/\/keluvo.com\/se\/product\/leksak-med-dansande-anka\/","title":{"rendered":"Leksak med dansande anka"},"content":{"rendered":"<h2 class=\"\" style=\"text-align: center\" data-start=\"151\" data-end=\"176\">Rolig musik och ljus<\/h2>\n<p class=\"\" style=\"text-align: center\" data-start=\"177\" data-end=\"350\">Den dansande ankan spelar glad musik och lyser upp n\u00e4r den r\u00f6r sig. Dessa funktioner g\u00f6r lekstunden roligare och mer sp\u00e4nnande f\u00f6r barn. Det hj\u00e4lper till att h\u00e5lla barnen glada och aktiva.<\/p>\n<p data-start=\"177\" data-end=\"350\"><img decoding=\"async\" class=\"alignnone size-medium wp-image-13588 aligncenter\" src=\"https:\/\/keluvo.com\/template\/wp-content\/uploads\/sites\/5\/2025\/04\/b93b188e-e502-44a9-bd1b-25e155f14682.webp\" alt=\"\" \/><\/p>\n<h2 class=\"\" style=\"text-align: center\" data-start=\"352\" data-end=\"375\">S\u00f6ta Dansr\u00f6relser<\/h2>\n<p class=\"\" style=\"text-align: center\" data-start=\"376\" data-end=\"526\">Den h\u00e4r dansande ankan kan r\u00f6ra sig och dansa p\u00e5 ett roligt s\u00e4tt. Barnen tycker om att titta p\u00e5 dess roliga steg och r\u00f6relser. Det \u00e4r en fantastisk leksak f\u00f6r b\u00e5de lek och skratt.<\/p>\n<p data-start=\"376\" data-end=\"526\"><img decoding=\"async\" class=\"alignnone size-medium wp-image-13589 aligncenter\" src=\"https:\/\/keluvo.com\/template\/wp-content\/uploads\/sites\/5\/2025\/04\/O1CN01Iuhs2q2IQIM1VMJ7C_2211527879280-0-cib.jpeg\" alt=\"\" \/><\/p>\n","protected":false},"excerpt":{"rendered":"<p>Rolig musik och ljus Den dansande ankan spelar glad musik och lyser upp n\u00e4r den r\u00f6r sig. Dessa funktioner g\u00f6r [&hellip;]<\/p>\n","protected":false},"featured_media":26245,"comment_status":"open","ping_status":"closed","template":"","meta":{"site-sidebar-layout":"default","site-content-layout":"","ast-site-content-layout":"default","site-content-style":"default","site-sidebar-style":"default","ast-global-header-display":"","ast-banner-title-visibility":"","ast-main-header-display":"","ast-hfb-above-header-display":"","ast-hfb-below-header-display":"","ast-hfb-mobile-header-display":"","site-post-title":"","ast-breadcrumbs-content":"","ast-featured-img":"","footer-sml-layout":"","theme-transparent-header-meta":"default","adv-header-id-meta":"","stick-header-meta":"","header-above-stick-meta":"","header-main-stick-meta":"","header-below-stick-meta":"","astra-migrate-meta-layouts":"set","ast-page-background-enabled":"default","ast-page-background-meta":{"desktop":{"background-color":"var(--ast-global-color-4)","background-image":"","background-repeat":"repeat","background-position":"center center","background-size":"auto","background-attachment":"scroll","background-type":"","background-media":"","overlay-type":"","overlay-color":"","overlay-opacity":"","overlay-gradient":""},"tablet":{"background-color":"","background-image":"","background-repeat":"repeat","background-position":"center center","background-size":"auto","background-attachment":"scroll","background-type":"","background-media":"","overlay-type":"","overlay-color":"","overlay-opacity":"","overlay-gradient":""},"mobile":{"background-color":"","background-image":"","background-repeat":"repeat","background-position":"center center","background-size":"auto","background-attachment":"scroll","background-type":"","background-media":"","overlay-type":"","overlay-color":"","overlay-opacity":"","overlay-gradient":""}},"ast-content-background-meta":{"desktop":{"background-color":"var(--ast-global-color-5)","background-image":"","background-repeat":"repeat","background-position":"center center","background-size":"auto","background-attachment":"scroll","background-type":"","background-media":"","overlay-type":"","overlay-color":"","overlay-opacity":"","overlay-gradient":""},"tablet":{"background-color":"var(--ast-global-color-5)","background-image":"","background-repeat":"repeat","background-position":"center center","background-size":"auto","background-attachment":"scroll","background-type":"","background-media":"","overlay-type":"","overlay-color":"","overlay-opacity":"","overlay-gradient":""},"mobile":{"background-color":"var(--ast-global-color-5)","background-image":"","background-repeat":"repeat","background-position":"center center","background-size":"auto","background-attachment":"scroll","background-type":"","background-media":"","overlay-type":"","overlay-color":"","overlay-opacity":"","overlay-gradient":""}}},"product_brand":[],"product_cat":[990],"product_tag":[],"class_list":{"0":"post-26249","1":"product","2":"type-product","3":"status-publish","4":"has-post-thumbnail","6":"product_cat-toys-childrens-and-baby-products","7":"pa_19466_4uls1jvr-bla","8":"pa_19466_4uls1jvr-rod","9":"desktop-align-left","10":"tablet-align-left","11":"mobile-align-left","13":"first","14":"instock","15":"shipping-taxable","16":"purchasable","17":"product-type-simple"},"_links":{"self":[{"href":"https:\/\/keluvo.com\/se\/wp-json\/wp\/v2\/product\/26249","targetHints":{"allow":["GET"]}}],"collection":[{"href":"https:\/\/keluvo.com\/se\/wp-json\/wp\/v2\/product"}],"about":[{"href":"https:\/\/keluvo.com\/se\/wp-json\/wp\/v2\/types\/product"}],"replies":[{"embeddable":true,"href":"https:\/\/keluvo.com\/se\/wp-json\/wp\/v2\/comments?post=26249"}],"wp:featuredmedia":[{"embeddable":true,"href":"https:\/\/keluvo.com\/se\/wp-json\/wp\/v2\/media\/26245"}],"wp:attachment":[{"href":"https:\/\/keluvo.com\/se\/wp-json\/wp\/v2\/media?parent=26249"}],"wp:term":[{"taxonomy":"product_brand","embeddable":true,"href":"https:\/\/keluvo.com\/se\/wp-json\/wp\/v2\/product_brand?post=26249"},{"taxonomy":"product_cat","embeddable":true,"href":"https:\/\/keluvo.com\/se\/wp-json\/wp\/v2\/product_cat?post=26249"},{"taxonomy":"product_tag","embeddable":true,"href":"https:\/\/keluvo.com\/se\/wp-json\/wp\/v2\/product_tag?post=26249"}],"curies":[{"name":"wp","href":"https:\/\/api.w.org\/{rel}","templated":true}]}}