{"id":26240,"date":"2025-09-09T17:45:13","date_gmt":"2025-09-09T14:45:13","guid":{"rendered":"https:\/\/keluvo.com\/se\/product\/fluorescerande-flanellfilt\/"},"modified":"2025-09-16T01:25:34","modified_gmt":"2025-09-15T22:25:34","slug":"fluorescerande-flanellfilt","status":"publish","type":"product","link":"https:\/\/keluvo.com\/se\/product\/fluorescerande-flanellfilt\/","title":{"rendered":"Fluorescerande flanellfilt"},"content":{"rendered":"<h2 style=\"text-align: center\">Mjukt och varmt material<\/h2>\n<p style=\"text-align: center\">Den fluorescerande flanellfilten (100 x 150 cm) \u00e4r tillverkad av 100% polyesterflanell och \u00e4r mjuk, l\u00e4tt och varm. Den ger komfort f\u00f6r tupplurar, s\u00e4ngdags eller f\u00f6r att krypa upp i soffan. Dess h\u00f6gkvalitativa material garanterar en mysig k\u00e4nsla f\u00f6r b\u00e5de barn och vuxna.<\/p>\n<p style=\"text-align: center\"><img decoding=\"async\" class=\"alignnone size-medium wp-image-9097\" src=\"https:\/\/keluvo.com\/template\/wp-content\/uploads\/sites\/5\/2025\/01\/Hdaab3b9fceaf40d297086c7b3dcd7326k.jpeg\" alt=\"\" \/><\/p>\n<h2 style=\"text-align: center\">M\u00e5ngsidig f\u00f6r alla anv\u00e4ndningsomr\u00e5den<\/h2>\n<p style=\"text-align: center\">Den fluorescerande flanellfilten kan anv\u00e4ndas som resefilt, tupplursfilt eller dekorativt \u00f6verkast. Dess m\u00e5ngsidiga design fungerar ocks\u00e5 som en sofffilt, \u00f6verkast eller till och med en sjal. Detta g\u00f6r den till en utm\u00e4rkt present f\u00f6r f\u00f6delsedagar, semestrar eller speciella tillf\u00e4llen.<\/p>\n<p><img decoding=\"async\" class=\"alignnone size-medium wp-image-9092 aligncenter\" src=\"https:\/\/keluvo.com\/template\/wp-content\/uploads\/sites\/5\/2025\/01\/06ba5f4c-5a5c-47a8-a007-5f6334017ee9.webp\" alt=\"\" \/><\/p>\n","protected":false},"excerpt":{"rendered":"<p>Mjukt och varmt material Den fluorescerande flanellfilten (100 x 150 cm) \u00e4r tillverkad av 100% polyesterflanell och \u00e4r mjuk, l\u00e4tt [&hellip;]<\/p>\n","protected":false},"featured_media":26236,"comment_status":"open","ping_status":"closed","template":"","meta":{"site-sidebar-layout":"default","site-content-layout":"","ast-site-content-layout":"default","site-content-style":"default","site-sidebar-style":"default","ast-global-header-display":"","ast-banner-title-visibility":"","ast-main-header-display":"","ast-hfb-above-header-display":"","ast-hfb-below-header-display":"","ast-hfb-mobile-header-display":"","site-post-title":"","ast-breadcrumbs-content":"","ast-featured-img":"","footer-sml-layout":"","theme-transparent-header-meta":"default","adv-header-id-meta":"","stick-header-meta":"","header-above-stick-meta":"","header-main-stick-meta":"","header-below-stick-meta":"","astra-migrate-meta-layouts":"set","ast-page-background-enabled":"default","ast-page-background-meta":{"desktop":{"background-color":"var(--ast-global-color-4)","background-image":"","background-repeat":"repeat","background-position":"center center","background-size":"auto","background-attachment":"scroll","background-type":"","background-media":"","overlay-type":"","overlay-color":"","overlay-opacity":"","overlay-gradient":""},"tablet":{"background-color":"","background-image":"","background-repeat":"repeat","background-position":"center center","background-size":"auto","background-attachment":"scroll","background-type":"","background-media":"","overlay-type":"","overlay-color":"","overlay-opacity":"","overlay-gradient":""},"mobile":{"background-color":"","background-image":"","background-repeat":"repeat","background-position":"center center","background-size":"auto","background-attachment":"scroll","background-type":"","background-media":"","overlay-type":"","overlay-color":"","overlay-opacity":"","overlay-gradient":""}},"ast-content-background-meta":{"desktop":{"background-color":"var(--ast-global-color-5)","background-image":"","background-repeat":"repeat","background-position":"center center","background-size":"auto","background-attachment":"scroll","background-type":"","background-media":"","overlay-type":"","overlay-color":"","overlay-opacity":"","overlay-gradient":""},"tablet":{"background-color":"var(--ast-global-color-5)","background-image":"","background-repeat":"repeat","background-position":"center center","background-size":"auto","background-attachment":"scroll","background-type":"","background-media":"","overlay-type":"","overlay-color":"","overlay-opacity":"","overlay-gradient":""},"mobile":{"background-color":"var(--ast-global-color-5)","background-image":"","background-repeat":"repeat","background-position":"center center","background-size":"auto","background-attachment":"scroll","background-type":"","background-media":"","overlay-type":"","overlay-color":"","overlay-opacity":"","overlay-gradient":""}}},"product_brand":[],"product_cat":[1001],"product_tag":[],"class_list":{"0":"post-26240","1":"product","2":"type-product","3":"status-publish","4":"has-post-thumbnail","6":"product_cat-household-goods","7":"desktop-align-left","8":"tablet-align-left","9":"mobile-align-left","11":"first","12":"instock","13":"shipping-taxable","14":"purchasable","15":"product-type-simple"},"_links":{"self":[{"href":"https:\/\/keluvo.com\/se\/wp-json\/wp\/v2\/product\/26240","targetHints":{"allow":["GET"]}}],"collection":[{"href":"https:\/\/keluvo.com\/se\/wp-json\/wp\/v2\/product"}],"about":[{"href":"https:\/\/keluvo.com\/se\/wp-json\/wp\/v2\/types\/product"}],"replies":[{"embeddable":true,"href":"https:\/\/keluvo.com\/se\/wp-json\/wp\/v2\/comments?post=26240"}],"wp:featuredmedia":[{"embeddable":true,"href":"https:\/\/keluvo.com\/se\/wp-json\/wp\/v2\/media\/26236"}],"wp:attachment":[{"href":"https:\/\/keluvo.com\/se\/wp-json\/wp\/v2\/media?parent=26240"}],"wp:term":[{"taxonomy":"product_brand","embeddable":true,"href":"https:\/\/keluvo.com\/se\/wp-json\/wp\/v2\/product_brand?post=26240"},{"taxonomy":"product_cat","embeddable":true,"href":"https:\/\/keluvo.com\/se\/wp-json\/wp\/v2\/product_cat?post=26240"},{"taxonomy":"product_tag","embeddable":true,"href":"https:\/\/keluvo.com\/se\/wp-json\/wp\/v2\/product_tag?post=26240"}],"curies":[{"name":"wp","href":"https:\/\/api.w.org\/{rel}","templated":true}]}}