{"id":26207,"date":"2025-09-09T17:44:29","date_gmt":"2025-09-09T14:44:29","guid":{"rendered":"https:\/\/keluvo.com\/se\/product\/aterfuktande-lappglans\/"},"modified":"2025-09-09T17:44:56","modified_gmt":"2025-09-09T14:44:56","slug":"aterfuktande-lappglans","status":"publish","type":"product","link":"https:\/\/keluvo.com\/se\/product\/aterfuktande-lappglans\/","title":{"rendered":"\u00c5terfuktande l\u00e4ppglans"},"content":{"rendered":"<h2 class=\"\" style=\"text-align: center\" data-start=\"152\" data-end=\"179\">Rika och klara f\u00e4rger<\/h2>\n<p class=\"\" style=\"text-align: center\" data-start=\"180\" data-end=\"345\">Det \u00e5terfuktande l\u00e4ppglanset finns i 12 vackra nyanser. Varje f\u00e4rg \u00e4r dj\u00e4rv och ger en levande touch till dina l\u00e4ppar. Du kan enkelt matcha din look f\u00f6r b\u00e5de dag och natt.<\/p>\n<p data-start=\"180\" data-end=\"345\"><img decoding=\"async\" class=\"alignnone size-medium wp-image-13566 aligncenter\" src=\"https:\/\/keluvo.com\/template\/wp-content\/uploads\/sites\/5\/2025\/04\/Sb03b2a7d191c46039a5c35522e25bec0h.jpeg\" alt=\"\" \/><\/p>\n<h2 class=\"\" style=\"text-align: center\" data-start=\"347\" data-end=\"370\">L\u00e5ngvarig Glans<\/h2>\n<p class=\"\" style=\"text-align: center\" data-start=\"371\" data-end=\"533\">Detta fuktgivande l\u00e4ppglans sitter p\u00e5 i timmar utan att blekna. Det \u00e4r vattenfast och h\u00e5ller bra f\u00f6r daglig anv\u00e4ndning. Du kan njuta av mjuka, gl\u00e4nsande l\u00e4ppar hela dagen.<\/p>\n<p data-start=\"371\" data-end=\"533\"><img decoding=\"async\" class=\"alignnone size-medium wp-image-13570 aligncenter\" src=\"https:\/\/keluvo.com\/template\/wp-content\/uploads\/sites\/5\/2025\/04\/Sec7bc579e0c04d37afc84c9f67dc79878.jpg_960x960q75.jpg_.jpeg\" alt=\"\" \/><\/p>\n","protected":false},"excerpt":{"rendered":"<p>Rika och klara f\u00e4rger Det \u00e5terfuktande l\u00e4ppglanset finns i 12 vackra nyanser. Varje f\u00e4rg \u00e4r dj\u00e4rv och ger en levande [&hellip;]<\/p>\n","protected":false},"featured_media":26203,"comment_status":"open","ping_status":"closed","template":"","meta":{"site-sidebar-layout":"default","site-content-layout":"","ast-site-content-layout":"default","site-content-style":"default","site-sidebar-style":"default","ast-global-header-display":"","ast-banner-title-visibility":"","ast-main-header-display":"","ast-hfb-above-header-display":"","ast-hfb-below-header-display":"","ast-hfb-mobile-header-display":"","site-post-title":"","ast-breadcrumbs-content":"","ast-featured-img":"","footer-sml-layout":"","theme-transparent-header-meta":"default","adv-header-id-meta":"","stick-header-meta":"","header-above-stick-meta":"","header-main-stick-meta":"","header-below-stick-meta":"","astra-migrate-meta-layouts":"set","ast-page-background-enabled":"default","ast-page-background-meta":{"desktop":{"background-color":"var(--ast-global-color-4)","background-image":"","background-repeat":"repeat","background-position":"center center","background-size":"auto","background-attachment":"scroll","background-type":"","background-media":"","overlay-type":"","overlay-color":"","overlay-opacity":"","overlay-gradient":""},"tablet":{"background-color":"","background-image":"","background-repeat":"repeat","background-position":"center center","background-size":"auto","background-attachment":"scroll","background-type":"","background-media":"","overlay-type":"","overlay-color":"","overlay-opacity":"","overlay-gradient":""},"mobile":{"background-color":"","background-image":"","background-repeat":"repeat","background-position":"center center","background-size":"auto","background-attachment":"scroll","background-type":"","background-media":"","overlay-type":"","overlay-color":"","overlay-opacity":"","overlay-gradient":""}},"ast-content-background-meta":{"desktop":{"background-color":"var(--ast-global-color-5)","background-image":"","background-repeat":"repeat","background-position":"center center","background-size":"auto","background-attachment":"scroll","background-type":"","background-media":"","overlay-type":"","overlay-color":"","overlay-opacity":"","overlay-gradient":""},"tablet":{"background-color":"var(--ast-global-color-5)","background-image":"","background-repeat":"repeat","background-position":"center center","background-size":"auto","background-attachment":"scroll","background-type":"","background-media":"","overlay-type":"","overlay-color":"","overlay-opacity":"","overlay-gradient":""},"mobile":{"background-color":"var(--ast-global-color-5)","background-image":"","background-repeat":"repeat","background-position":"center center","background-size":"auto","background-attachment":"scroll","background-type":"","background-media":"","overlay-type":"","overlay-color":"","overlay-opacity":"","overlay-gradient":""}}},"product_brand":[],"product_cat":[992],"product_tag":[],"class_list":{"0":"post-26207","1":"product","2":"type-product","3":"status-publish","4":"has-post-thumbnail","6":"product_cat-beauty-and-hygiene-products","7":"pa_32256_7erwz15n-4452","8":"pa_32256_7erwz15n-4453","9":"pa_32256_7erwz15n-4454","10":"pa_32256_7erwz15n-4455","11":"pa_32256_7erwz15n-4456","12":"pa_32256_7erwz15n-4457","13":"pa_32256_7erwz15n-4458","14":"pa_32256_7erwz15n-4459","15":"pa_32256_7erwz15n-4460","16":"pa_32256_7erwz15n-4461","17":"pa_32256_7erwz15n-4462","18":"pa_32256_7erwz15n-4463","19":"desktop-align-left","20":"tablet-align-left","21":"mobile-align-left","23":"first","24":"instock","25":"shipping-taxable","26":"purchasable","27":"product-type-variable"},"_links":{"self":[{"href":"https:\/\/keluvo.com\/se\/wp-json\/wp\/v2\/product\/26207","targetHints":{"allow":["GET"]}}],"collection":[{"href":"https:\/\/keluvo.com\/se\/wp-json\/wp\/v2\/product"}],"about":[{"href":"https:\/\/keluvo.com\/se\/wp-json\/wp\/v2\/types\/product"}],"replies":[{"embeddable":true,"href":"https:\/\/keluvo.com\/se\/wp-json\/wp\/v2\/comments?post=26207"}],"wp:featuredmedia":[{"embeddable":true,"href":"https:\/\/keluvo.com\/se\/wp-json\/wp\/v2\/media\/26203"}],"wp:attachment":[{"href":"https:\/\/keluvo.com\/se\/wp-json\/wp\/v2\/media?parent=26207"}],"wp:term":[{"taxonomy":"product_brand","embeddable":true,"href":"https:\/\/keluvo.com\/se\/wp-json\/wp\/v2\/product_brand?post=26207"},{"taxonomy":"product_cat","embeddable":true,"href":"https:\/\/keluvo.com\/se\/wp-json\/wp\/v2\/product_cat?post=26207"},{"taxonomy":"product_tag","embeddable":true,"href":"https:\/\/keluvo.com\/se\/wp-json\/wp\/v2\/product_tag?post=26207"}],"curies":[{"name":"wp","href":"https:\/\/api.w.org\/{rel}","templated":true}]}}