{"id":26141,"date":"2025-09-09T17:41:15","date_gmt":"2025-09-09T14:41:15","guid":{"rendered":"https:\/\/keluvo.com\/se\/product\/dragkedja-med-dragkedja\/"},"modified":"2025-09-09T17:41:26","modified_gmt":"2025-09-09T14:41:26","slug":"dragkedja-med-dragkedja","status":"publish","type":"product","link":"https:\/\/keluvo.com\/se\/product\/dragkedja-med-dragkedja\/","title":{"rendered":"Dragkedja med dragkedja"},"content":{"rendered":"<h2 class=\"\" style=\"text-align: center\" data-start=\"129\" data-end=\"152\">Snabb och enkel reparation<\/h2>\n<p class=\"\" style=\"text-align: center\" data-start=\"153\" data-end=\"343\">Blixtl\u00e5sdragaren \u00e4r utformad f\u00f6r snabba reparationer utan att anv\u00e4nda verktyg. Dess smarta fj\u00e4derdesign g\u00f6r den enkel att f\u00e4sta eller ta bort. Du kan fixa trasiga blixtl\u00e5s p\u00e5 egen hand p\u00e5 bara n\u00e5gra sekunder.<\/p>\n<p data-start=\"153\" data-end=\"343\"><img decoding=\"async\" class=\"alignnone size-medium wp-image-13540 aligncenter\" src=\"https:\/\/keluvo.com\/template\/wp-content\/uploads\/sites\/5\/2025\/04\/S3245b45115fc4cd39fc0e95da6b5b036j.jpg_960x960q75.jpg_.jpeg\" alt=\"\" \/><\/p>\n<h2 class=\"\" style=\"text-align: center\" data-start=\"345\" data-end=\"369\">Stark och \u00e5teranv\u00e4ndbar<\/h2>\n<p class=\"\" style=\"text-align: center\" data-start=\"370\" data-end=\"550\">Tillverkad av zinklegering med en fj\u00e4der i rostfritt st\u00e5l \u00e4r blixtl\u00e5sdragaren byggd f\u00f6r att h\u00e5lla. Den \u00e4r motst\u00e5ndskraftig mot slitage, rost och blekning. Du kan anv\u00e4nda den m\u00e5nga g\u00e5nger utan att f\u00f6rlora kvaliteten.<\/p>\n<p data-start=\"370\" data-end=\"550\"><img decoding=\"async\" class=\"alignnone size-medium wp-image-13541 aligncenter\" src=\"https:\/\/keluvo.com\/template\/wp-content\/uploads\/sites\/5\/2025\/04\/S49780ad1899e482f8647f7b4076c12c6W.jpg_960x960q75.jpg_.jpeg\" alt=\"\" \/><\/p>\n","protected":false},"excerpt":{"rendered":"<p>Snabb och enkel reparation Blixtl\u00e5sdragaren \u00e4r utformad f\u00f6r snabba reparationer utan att anv\u00e4nda verktyg. Dess smarta fj\u00e4derdesign g\u00f6r den enkel [&hellip;]<\/p>\n","protected":false},"featured_media":26137,"comment_status":"open","ping_status":"closed","template":"","meta":{"site-sidebar-layout":"default","site-content-layout":"","ast-site-content-layout":"default","site-content-style":"default","site-sidebar-style":"default","ast-global-header-display":"","ast-banner-title-visibility":"","ast-main-header-display":"","ast-hfb-above-header-display":"","ast-hfb-below-header-display":"","ast-hfb-mobile-header-display":"","site-post-title":"","ast-breadcrumbs-content":"","ast-featured-img":"","footer-sml-layout":"","theme-transparent-header-meta":"default","adv-header-id-meta":"","stick-header-meta":"","header-above-stick-meta":"","header-main-stick-meta":"","header-below-stick-meta":"","astra-migrate-meta-layouts":"set","ast-page-background-enabled":"default","ast-page-background-meta":{"desktop":{"background-color":"var(--ast-global-color-4)","background-image":"","background-repeat":"repeat","background-position":"center center","background-size":"auto","background-attachment":"scroll","background-type":"","background-media":"","overlay-type":"","overlay-color":"","overlay-opacity":"","overlay-gradient":""},"tablet":{"background-color":"","background-image":"","background-repeat":"repeat","background-position":"center center","background-size":"auto","background-attachment":"scroll","background-type":"","background-media":"","overlay-type":"","overlay-color":"","overlay-opacity":"","overlay-gradient":""},"mobile":{"background-color":"","background-image":"","background-repeat":"repeat","background-position":"center center","background-size":"auto","background-attachment":"scroll","background-type":"","background-media":"","overlay-type":"","overlay-color":"","overlay-opacity":"","overlay-gradient":""}},"ast-content-background-meta":{"desktop":{"background-color":"var(--ast-global-color-5)","background-image":"","background-repeat":"repeat","background-position":"center center","background-size":"auto","background-attachment":"scroll","background-type":"","background-media":"","overlay-type":"","overlay-color":"","overlay-opacity":"","overlay-gradient":""},"tablet":{"background-color":"var(--ast-global-color-5)","background-image":"","background-repeat":"repeat","background-position":"center center","background-size":"auto","background-attachment":"scroll","background-type":"","background-media":"","overlay-type":"","overlay-color":"","overlay-opacity":"","overlay-gradient":""},"mobile":{"background-color":"var(--ast-global-color-5)","background-image":"","background-repeat":"repeat","background-position":"center center","background-size":"auto","background-attachment":"scroll","background-type":"","background-media":"","overlay-type":"","overlay-color":"","overlay-opacity":"","overlay-gradient":""}}},"product_brand":[],"product_cat":[993],"product_tag":[],"class_list":{"0":"post-26141","1":"product","2":"type-product","3":"status-publish","4":"has-post-thumbnail","6":"product_cat-footwear-accessories","7":"pa_21353_nd6gjbi0-gra","8":"pa_21353_nd6gjbi0-guld","9":"pa_21353_nd6gjbi0-koppar","10":"pa_21353_nd6gjbi0-silver","11":"pa_21353_nd6gjbi0-svart","12":"desktop-align-left","13":"tablet-align-left","14":"mobile-align-left","16":"first","17":"instock","18":"shipping-taxable","19":"purchasable","20":"product-type-variable"},"_links":{"self":[{"href":"https:\/\/keluvo.com\/se\/wp-json\/wp\/v2\/product\/26141","targetHints":{"allow":["GET"]}}],"collection":[{"href":"https:\/\/keluvo.com\/se\/wp-json\/wp\/v2\/product"}],"about":[{"href":"https:\/\/keluvo.com\/se\/wp-json\/wp\/v2\/types\/product"}],"replies":[{"embeddable":true,"href":"https:\/\/keluvo.com\/se\/wp-json\/wp\/v2\/comments?post=26141"}],"wp:featuredmedia":[{"embeddable":true,"href":"https:\/\/keluvo.com\/se\/wp-json\/wp\/v2\/media\/26137"}],"wp:attachment":[{"href":"https:\/\/keluvo.com\/se\/wp-json\/wp\/v2\/media?parent=26141"}],"wp:term":[{"taxonomy":"product_brand","embeddable":true,"href":"https:\/\/keluvo.com\/se\/wp-json\/wp\/v2\/product_brand?post=26141"},{"taxonomy":"product_cat","embeddable":true,"href":"https:\/\/keluvo.com\/se\/wp-json\/wp\/v2\/product_cat?post=26141"},{"taxonomy":"product_tag","embeddable":true,"href":"https:\/\/keluvo.com\/se\/wp-json\/wp\/v2\/product_tag?post=26141"}],"curies":[{"name":"wp","href":"https:\/\/api.w.org\/{rel}","templated":true}]}}