{"id":26111,"date":"2025-09-09T17:39:34","date_gmt":"2025-09-09T14:39:34","guid":{"rendered":"https:\/\/keluvo.com\/se\/product\/halsband-med-katt-i-sten\/"},"modified":"2025-09-22T20:02:19","modified_gmt":"2025-09-22T17:02:19","slug":"halsband-med-katt-i-sten","status":"publish","type":"product","link":"https:\/\/keluvo.com\/se\/product\/halsband-med-katt-i-sten\/","title":{"rendered":"Halsband med katt i sten"},"content":{"rendered":"<h2 style=\"text-align: center\">Unik Kattformad Design<\/h2>\n<p style=\"text-align: center\">Halsbandet med stenkatten har ett charmigt kattformat h\u00e4nge som ger en lekfull touch till din look. Den kreativa och eleganta designen g\u00f6r det till en accessoar som sticker ut f\u00f6r b\u00e5de avslappnade och formella tillf\u00e4llen. Det \u00e4r perfekt f\u00f6r katt\u00e4lskare och alla som tycker om unika smycken.<\/p>\n<p><img decoding=\"async\" class=\"alignnone size-medium wp-image-8782 aligncenter\" src=\"https:\/\/keluvo.com\/template\/wp-content\/uploads\/sites\/5\/2025\/01\/44320fd0-8e8d-4cc3-8775-84c25524694e.webp\" alt=\"\" \/><\/p>\n<h2 style=\"text-align: center\">Naturstenar Av H\u00f6g Kvalitet<\/h2>\n<p style=\"text-align: center\">Halsbandet \u00e4r tillverkat av naturstenar som svart onyx och rosenkvarts och erbjuder sk\u00f6nhet och h\u00e5llbarhet. Varje \u00e4delsten \u00e4r noggrant utvald f\u00f6r sin kvalitet och unika f\u00e4rgm\u00f6nster, vilket ger varje halsband ett unikt utseende.<\/p>\n<p><img decoding=\"async\" class=\"alignnone size-medium wp-image-8784 aligncenter\" src=\"https:\/\/keluvo.com\/template\/wp-content\/uploads\/sites\/5\/2025\/01\/S4cea6c2502164fca859f7a1e75ff3cc11.jpeg\" alt=\"\" \/><\/p>\n","protected":false},"excerpt":{"rendered":"<p>Unik Kattformad Design Halsbandet med stenkatten har ett charmigt kattformat h\u00e4nge som ger en lekfull touch till din look. Den [&hellip;]<\/p>\n","protected":false},"featured_media":26107,"comment_status":"open","ping_status":"closed","template":"","meta":{"site-sidebar-layout":"default","site-content-layout":"","ast-site-content-layout":"default","site-content-style":"default","site-sidebar-style":"default","ast-global-header-display":"","ast-banner-title-visibility":"","ast-main-header-display":"","ast-hfb-above-header-display":"","ast-hfb-below-header-display":"","ast-hfb-mobile-header-display":"","site-post-title":"","ast-breadcrumbs-content":"","ast-featured-img":"","footer-sml-layout":"","theme-transparent-header-meta":"default","adv-header-id-meta":"","stick-header-meta":"","header-above-stick-meta":"","header-main-stick-meta":"","header-below-stick-meta":"","astra-migrate-meta-layouts":"set","ast-page-background-enabled":"default","ast-page-background-meta":{"desktop":{"background-color":"var(--ast-global-color-4)","background-image":"","background-repeat":"repeat","background-position":"center center","background-size":"auto","background-attachment":"scroll","background-type":"","background-media":"","overlay-type":"","overlay-color":"","overlay-opacity":"","overlay-gradient":""},"tablet":{"background-color":"","background-image":"","background-repeat":"repeat","background-position":"center center","background-size":"auto","background-attachment":"scroll","background-type":"","background-media":"","overlay-type":"","overlay-color":"","overlay-opacity":"","overlay-gradient":""},"mobile":{"background-color":"","background-image":"","background-repeat":"repeat","background-position":"center center","background-size":"auto","background-attachment":"scroll","background-type":"","background-media":"","overlay-type":"","overlay-color":"","overlay-opacity":"","overlay-gradient":""}},"ast-content-background-meta":{"desktop":{"background-color":"var(--ast-global-color-5)","background-image":"","background-repeat":"repeat","background-position":"center center","background-size":"auto","background-attachment":"scroll","background-type":"","background-media":"","overlay-type":"","overlay-color":"","overlay-opacity":"","overlay-gradient":""},"tablet":{"background-color":"var(--ast-global-color-5)","background-image":"","background-repeat":"repeat","background-position":"center center","background-size":"auto","background-attachment":"scroll","background-type":"","background-media":"","overlay-type":"","overlay-color":"","overlay-opacity":"","overlay-gradient":""},"mobile":{"background-color":"var(--ast-global-color-5)","background-image":"","background-repeat":"repeat","background-position":"center center","background-size":"auto","background-attachment":"scroll","background-type":"","background-media":"","overlay-type":"","overlay-color":"","overlay-opacity":"","overlay-gradient":""}}},"product_brand":[],"product_cat":[993],"product_tag":[],"class_list":{"0":"post-26111","1":"product","2":"type-product","3":"status-publish","4":"has-post-thumbnail","6":"product_cat-footwear-accessories","7":"pa_38565_bt0iger7-brun","8":"pa_38565_bt0iger7-gron","9":"pa_38565_bt0iger7-lila","10":"pa_38565_bt0iger7-malakit","11":"pa_38565_bt0iger7-marin","12":"pa_38565_bt0iger7-rod","13":"pa_38565_bt0iger7-rosa","14":"pa_38565_bt0iger7-svart","15":"desktop-align-left","16":"tablet-align-left","17":"mobile-align-left","19":"first","20":"instock","21":"shipping-taxable","22":"purchasable","23":"product-type-variable"},"_links":{"self":[{"href":"https:\/\/keluvo.com\/se\/wp-json\/wp\/v2\/product\/26111","targetHints":{"allow":["GET"]}}],"collection":[{"href":"https:\/\/keluvo.com\/se\/wp-json\/wp\/v2\/product"}],"about":[{"href":"https:\/\/keluvo.com\/se\/wp-json\/wp\/v2\/types\/product"}],"replies":[{"embeddable":true,"href":"https:\/\/keluvo.com\/se\/wp-json\/wp\/v2\/comments?post=26111"}],"wp:featuredmedia":[{"embeddable":true,"href":"https:\/\/keluvo.com\/se\/wp-json\/wp\/v2\/media\/26107"}],"wp:attachment":[{"href":"https:\/\/keluvo.com\/se\/wp-json\/wp\/v2\/media?parent=26111"}],"wp:term":[{"taxonomy":"product_brand","embeddable":true,"href":"https:\/\/keluvo.com\/se\/wp-json\/wp\/v2\/product_brand?post=26111"},{"taxonomy":"product_cat","embeddable":true,"href":"https:\/\/keluvo.com\/se\/wp-json\/wp\/v2\/product_cat?post=26111"},{"taxonomy":"product_tag","embeddable":true,"href":"https:\/\/keluvo.com\/se\/wp-json\/wp\/v2\/product_tag?post=26111"}],"curies":[{"name":"wp","href":"https:\/\/api.w.org\/{rel}","templated":true}]}}