{"id":26092,"date":"2025-09-09T17:38:08","date_gmt":"2025-09-09T14:38:08","guid":{"rendered":"https:\/\/keluvo.com\/se\/product\/armband-med-drakhuvud\/"},"modified":"2025-09-09T17:38:17","modified_gmt":"2025-09-09T14:38:17","slug":"armband-med-drakhuvud","status":"publish","type":"product","link":"https:\/\/keluvo.com\/se\/product\/armband-med-drakhuvud\/","title":{"rendered":"Armband med drakhuvud"},"content":{"rendered":"<h2 class=\"\" style=\"text-align: center\" data-start=\"0\" data-end=\"25\">Stark Och Dj\u00e4rv Look<\/h2>\n<p class=\"\" style=\"text-align: center\" data-start=\"26\" data-end=\"224\">Armbandet med drakhuvud har en kraftfull design som sticker ut. Med tv\u00e5 detaljerade drakhuvuden ger det en cool och dj\u00e4rv stil. Det \u00e4r perfekt f\u00f6r alla som gillar starka och i\u00f6gonfallande accessoarer.<\/p>\n<p data-start=\"26\" data-end=\"224\"><img decoding=\"async\" class=\"alignnone size-full wp-image-14030 aligncenter\" src=\"https:\/\/keluvo.com\/template\/wp-content\/uploads\/sites\/5\/2025\/04\/eb4f9ec5-3f0b-4bbe-8b26-abc0bfb98752.webp\" alt=\"\" \/><\/p>\n<h2 class=\"\" style=\"text-align: center\" data-start=\"226\" data-end=\"255\">H\u00e5llbart Och L\u00e5ngvarigt<\/h2>\n<p class=\"\" style=\"text-align: center\" data-start=\"256\" data-end=\"425\">Tillverkat av kvalitetsmaterial \u00e4r drakhuvudarmbandet byggt f\u00f6r att h\u00e5lla. Det kan hantera dagligt slitage utan att f\u00f6rlora sin form eller f\u00e4rg. Ett bra val f\u00f6r en l\u00e5ngsiktig bit.<\/p>\n<p data-start=\"256\" data-end=\"425\"><img decoding=\"async\" class=\"alignnone size-full wp-image-14026 aligncenter\" src=\"https:\/\/keluvo.com\/template\/wp-content\/uploads\/sites\/5\/2025\/04\/16b06cce-b934-4bf9-9b52-d0957a445638.webp\" alt=\"\" \/><\/p>\n","protected":false},"excerpt":{"rendered":"<p>Stark Och Dj\u00e4rv Look Armbandet med drakhuvud har en kraftfull design som sticker ut. Med tv\u00e5 detaljerade drakhuvuden ger det [&hellip;]<\/p>\n","protected":false},"featured_media":26088,"comment_status":"open","ping_status":"closed","template":"","meta":{"site-sidebar-layout":"default","site-content-layout":"","ast-site-content-layout":"default","site-content-style":"default","site-sidebar-style":"default","ast-global-header-display":"","ast-banner-title-visibility":"","ast-main-header-display":"","ast-hfb-above-header-display":"","ast-hfb-below-header-display":"","ast-hfb-mobile-header-display":"","site-post-title":"","ast-breadcrumbs-content":"","ast-featured-img":"","footer-sml-layout":"","theme-transparent-header-meta":"default","adv-header-id-meta":"","stick-header-meta":"","header-above-stick-meta":"","header-main-stick-meta":"","header-below-stick-meta":"","astra-migrate-meta-layouts":"set","ast-page-background-enabled":"default","ast-page-background-meta":{"desktop":{"background-color":"var(--ast-global-color-4)","background-image":"","background-repeat":"repeat","background-position":"center center","background-size":"auto","background-attachment":"scroll","background-type":"","background-media":"","overlay-type":"","overlay-color":"","overlay-opacity":"","overlay-gradient":""},"tablet":{"background-color":"","background-image":"","background-repeat":"repeat","background-position":"center center","background-size":"auto","background-attachment":"scroll","background-type":"","background-media":"","overlay-type":"","overlay-color":"","overlay-opacity":"","overlay-gradient":""},"mobile":{"background-color":"","background-image":"","background-repeat":"repeat","background-position":"center center","background-size":"auto","background-attachment":"scroll","background-type":"","background-media":"","overlay-type":"","overlay-color":"","overlay-opacity":"","overlay-gradient":""}},"ast-content-background-meta":{"desktop":{"background-color":"var(--ast-global-color-5)","background-image":"","background-repeat":"repeat","background-position":"center center","background-size":"auto","background-attachment":"scroll","background-type":"","background-media":"","overlay-type":"","overlay-color":"","overlay-opacity":"","overlay-gradient":""},"tablet":{"background-color":"var(--ast-global-color-5)","background-image":"","background-repeat":"repeat","background-position":"center center","background-size":"auto","background-attachment":"scroll","background-type":"","background-media":"","overlay-type":"","overlay-color":"","overlay-opacity":"","overlay-gradient":""},"mobile":{"background-color":"var(--ast-global-color-5)","background-image":"","background-repeat":"repeat","background-position":"center center","background-size":"auto","background-attachment":"scroll","background-type":"","background-media":"","overlay-type":"","overlay-color":"","overlay-opacity":"","overlay-gradient":""}}},"product_brand":[],"product_cat":[993],"product_tag":[],"class_list":{"0":"post-26092","1":"product","2":"type-product","3":"status-publish","4":"has-post-thumbnail","6":"product_cat-footwear-accessories","7":"pa_28041_16xvh96f-guld","8":"pa_28041_16xvh96f-silver","9":"pa_28041_ox7emwwf-19-cm","10":"pa_28041_ox7emwwf-21cm","11":"desktop-align-left","12":"tablet-align-left","13":"mobile-align-left","15":"first","16":"instock","17":"shipping-taxable","18":"purchasable","19":"product-type-variable","20":"has-default-attributes"},"_links":{"self":[{"href":"https:\/\/keluvo.com\/se\/wp-json\/wp\/v2\/product\/26092","targetHints":{"allow":["GET"]}}],"collection":[{"href":"https:\/\/keluvo.com\/se\/wp-json\/wp\/v2\/product"}],"about":[{"href":"https:\/\/keluvo.com\/se\/wp-json\/wp\/v2\/types\/product"}],"replies":[{"embeddable":true,"href":"https:\/\/keluvo.com\/se\/wp-json\/wp\/v2\/comments?post=26092"}],"wp:featuredmedia":[{"embeddable":true,"href":"https:\/\/keluvo.com\/se\/wp-json\/wp\/v2\/media\/26088"}],"wp:attachment":[{"href":"https:\/\/keluvo.com\/se\/wp-json\/wp\/v2\/media?parent=26092"}],"wp:term":[{"taxonomy":"product_brand","embeddable":true,"href":"https:\/\/keluvo.com\/se\/wp-json\/wp\/v2\/product_brand?post=26092"},{"taxonomy":"product_cat","embeddable":true,"href":"https:\/\/keluvo.com\/se\/wp-json\/wp\/v2\/product_cat?post=26092"},{"taxonomy":"product_tag","embeddable":true,"href":"https:\/\/keluvo.com\/se\/wp-json\/wp\/v2\/product_tag?post=26092"}],"curies":[{"name":"wp","href":"https:\/\/api.w.org\/{rel}","templated":true}]}}