{"id":26062,"date":"2025-09-09T17:30:11","date_gmt":"2025-09-09T14:30:11","guid":{"rendered":"https:\/\/keluvo.com\/se\/product\/taseparator\/"},"modified":"2025-09-16T01:25:33","modified_gmt":"2025-09-15T22:25:33","slug":"taseparator","status":"publish","type":"product","link":"https:\/\/keluvo.com\/se\/product\/taseparator\/","title":{"rendered":"T\u00e5separator"},"content":{"rendered":"<h2 style=\"text-align: center\">Komfort och sm\u00e4rtlindring<\/h2>\n<p style=\"text-align: center\">T\u00e5separatorn \u00e4r tillverkad av mjukt silikon och ger en mjuk d\u00e4mpning som minskar sm\u00e4rta och tryck i foten. Den hj\u00e4lper till att lindra obehag som orsakas av kn\u00f6lar, b\u00f6jda t\u00e5r eller tr\u00e5nga skor, vilket ger en bekv\u00e4mare g\u00e5ngupplevelse.<\/p>\n<p><img decoding=\"async\" class=\"alignnone size-medium wp-image-9473 aligncenter\" src=\"https:\/\/keluvo.com\/template\/wp-content\/uploads\/sites\/5\/2025\/01\/H95d247581baa4ca6a025543464ffa88a8.jpg_960x960q75.jpg_.jpeg\" alt=\"\" \/><\/p>\n<h2 style=\"text-align: center\">Hj\u00e4lper till att rikta in t\u00e5rna<\/h2>\n<p style=\"text-align: center\">Den h\u00e4r t\u00e5separatorn hj\u00e4lper till att r\u00e4ta ut b\u00f6jda t\u00e5r och rikta in lederna f\u00f6r att f\u00f6rb\u00e4ttra fotst\u00e4llningen. Regelbunden anv\u00e4ndning kan f\u00f6rb\u00e4ttra balansen och minska belastningen p\u00e5 f\u00f6tterna, vilket g\u00f6r den idealisk f\u00f6r daglig anv\u00e4ndning.<\/p>\n<p><img decoding=\"async\" class=\"alignnone size-medium wp-image-9472 aligncenter\" src=\"https:\/\/keluvo.com\/template\/wp-content\/uploads\/sites\/5\/2025\/01\/H0e8bfcdb13eb4954b01d5556d5507f124.jpg_960x960q75.jpg_.jpeg\" alt=\"\" \/><\/p>\n","protected":false},"excerpt":{"rendered":"<p>Komfort och sm\u00e4rtlindring T\u00e5separatorn \u00e4r tillverkad av mjukt silikon och ger en mjuk d\u00e4mpning som minskar sm\u00e4rta och tryck i [&hellip;]<\/p>\n","protected":false},"featured_media":26058,"comment_status":"open","ping_status":"closed","template":"","meta":{"site-sidebar-layout":"default","site-content-layout":"","ast-site-content-layout":"default","site-content-style":"default","site-sidebar-style":"default","ast-global-header-display":"","ast-banner-title-visibility":"","ast-main-header-display":"","ast-hfb-above-header-display":"","ast-hfb-below-header-display":"","ast-hfb-mobile-header-display":"","site-post-title":"","ast-breadcrumbs-content":"","ast-featured-img":"","footer-sml-layout":"","theme-transparent-header-meta":"default","adv-header-id-meta":"","stick-header-meta":"","header-above-stick-meta":"","header-main-stick-meta":"","header-below-stick-meta":"","astra-migrate-meta-layouts":"set","ast-page-background-enabled":"default","ast-page-background-meta":{"desktop":{"background-color":"var(--ast-global-color-4)","background-image":"","background-repeat":"repeat","background-position":"center center","background-size":"auto","background-attachment":"scroll","background-type":"","background-media":"","overlay-type":"","overlay-color":"","overlay-opacity":"","overlay-gradient":""},"tablet":{"background-color":"","background-image":"","background-repeat":"repeat","background-position":"center center","background-size":"auto","background-attachment":"scroll","background-type":"","background-media":"","overlay-type":"","overlay-color":"","overlay-opacity":"","overlay-gradient":""},"mobile":{"background-color":"","background-image":"","background-repeat":"repeat","background-position":"center center","background-size":"auto","background-attachment":"scroll","background-type":"","background-media":"","overlay-type":"","overlay-color":"","overlay-opacity":"","overlay-gradient":""}},"ast-content-background-meta":{"desktop":{"background-color":"var(--ast-global-color-5)","background-image":"","background-repeat":"repeat","background-position":"center center","background-size":"auto","background-attachment":"scroll","background-type":"","background-media":"","overlay-type":"","overlay-color":"","overlay-opacity":"","overlay-gradient":""},"tablet":{"background-color":"var(--ast-global-color-5)","background-image":"","background-repeat":"repeat","background-position":"center center","background-size":"auto","background-attachment":"scroll","background-type":"","background-media":"","overlay-type":"","overlay-color":"","overlay-opacity":"","overlay-gradient":""},"mobile":{"background-color":"var(--ast-global-color-5)","background-image":"","background-repeat":"repeat","background-position":"center center","background-size":"auto","background-attachment":"scroll","background-type":"","background-media":"","overlay-type":"","overlay-color":"","overlay-opacity":"","overlay-gradient":""}}},"product_brand":[],"product_cat":[991],"product_tag":[],"class_list":{"0":"post-26062","1":"product","2":"type-product","3":"status-publish","4":"has-post-thumbnail","6":"product_cat-health-care-supplies","7":"pa_43626_7rj1ec44-hud","8":"pa_43626_7rj1ec44-vit","9":"desktop-align-left","10":"tablet-align-left","11":"mobile-align-left","13":"first","14":"instock","15":"shipping-taxable","16":"purchasable","17":"product-type-variable"},"_links":{"self":[{"href":"https:\/\/keluvo.com\/se\/wp-json\/wp\/v2\/product\/26062","targetHints":{"allow":["GET"]}}],"collection":[{"href":"https:\/\/keluvo.com\/se\/wp-json\/wp\/v2\/product"}],"about":[{"href":"https:\/\/keluvo.com\/se\/wp-json\/wp\/v2\/types\/product"}],"replies":[{"embeddable":true,"href":"https:\/\/keluvo.com\/se\/wp-json\/wp\/v2\/comments?post=26062"}],"wp:featuredmedia":[{"embeddable":true,"href":"https:\/\/keluvo.com\/se\/wp-json\/wp\/v2\/media\/26058"}],"wp:attachment":[{"href":"https:\/\/keluvo.com\/se\/wp-json\/wp\/v2\/media?parent=26062"}],"wp:term":[{"taxonomy":"product_brand","embeddable":true,"href":"https:\/\/keluvo.com\/se\/wp-json\/wp\/v2\/product_brand?post=26062"},{"taxonomy":"product_cat","embeddable":true,"href":"https:\/\/keluvo.com\/se\/wp-json\/wp\/v2\/product_cat?post=26062"},{"taxonomy":"product_tag","embeddable":true,"href":"https:\/\/keluvo.com\/se\/wp-json\/wp\/v2\/product_tag?post=26062"}],"curies":[{"name":"wp","href":"https:\/\/api.w.org\/{rel}","templated":true}]}}