{"id":26041,"date":"2025-09-09T17:29:35","date_gmt":"2025-09-09T14:29:35","guid":{"rendered":"https:\/\/keluvo.com\/se\/product\/anka-figurin\/"},"modified":"2025-09-09T17:29:47","modified_gmt":"2025-09-09T14:29:47","slug":"anka-figurin","status":"publish","type":"product","link":"https:\/\/keluvo.com\/se\/product\/anka-figurin\/","title":{"rendered":"Anka figurin"},"content":{"rendered":"<h2 style=\"text-align: center\" data-start=\"98\" data-end=\"125\">Unik och rolig design<\/h2>\n<p class=\"\" style=\"text-align: center\" data-start=\"126\" data-end=\"298\">Ankfiguren sticker ut med sin lekfulla och dj\u00e4rva look. Den blandar en rockinspirerad stil med en rolig djurform. Detta g\u00f6r den till ett fantastiskt blickf\u00e5ng p\u00e5 vilken hylla eller vilket skrivbord som helst.<\/p>\n<p data-start=\"126\" data-end=\"298\"><img decoding=\"async\" class=\"alignnone size-medium wp-image-13446 aligncenter\" src=\"https:\/\/keluvo.com\/template\/wp-content\/uploads\/sites\/5\/2025\/04\/S28115123794343859def12de7266c5edv.jpg_960x960q75.jpg_.jpeg\" alt=\"\" \/><\/p>\n<h2 style=\"text-align: center\" data-start=\"300\" data-end=\"329\">Stark och l\u00e5ngvarig<\/h2>\n<p class=\"\" style=\"text-align: center\" data-start=\"330\" data-end=\"504\">Ankfiguren \u00e4r tillverkad av robust harts och \u00e4r gjord f\u00f6r att h\u00e5lla. Den \u00e4r mjuk att ta p\u00e5, har inga vassa kanter och beh\u00e5ller sina f\u00e4rger \u00f6ver tid. En s\u00e4ker och solid pj\u00e4s f\u00f6r ditt hem.<\/p>\n<p data-start=\"330\" data-end=\"504\"><img decoding=\"async\" class=\"alignnone size-medium wp-image-13448 aligncenter\" src=\"https:\/\/keluvo.com\/template\/wp-content\/uploads\/sites\/5\/2025\/04\/Sa0511d4d73e7499486753e7324e6f3ff8.jpg_960x960q75.jpg_.jpeg\" alt=\"\" \/><\/p>\n","protected":false},"excerpt":{"rendered":"<p>Unik och rolig design Ankfiguren sticker ut med sin lekfulla och dj\u00e4rva look. Den blandar en rockinspirerad stil med en [&hellip;]<\/p>\n","protected":false},"featured_media":26037,"comment_status":"open","ping_status":"closed","template":"","meta":{"site-sidebar-layout":"default","site-content-layout":"","ast-site-content-layout":"default","site-content-style":"default","site-sidebar-style":"default","ast-global-header-display":"","ast-banner-title-visibility":"","ast-main-header-display":"","ast-hfb-above-header-display":"","ast-hfb-below-header-display":"","ast-hfb-mobile-header-display":"","site-post-title":"","ast-breadcrumbs-content":"","ast-featured-img":"","footer-sml-layout":"","theme-transparent-header-meta":"default","adv-header-id-meta":"","stick-header-meta":"","header-above-stick-meta":"","header-main-stick-meta":"","header-below-stick-meta":"","astra-migrate-meta-layouts":"set","ast-page-background-enabled":"default","ast-page-background-meta":{"desktop":{"background-color":"var(--ast-global-color-4)","background-image":"","background-repeat":"repeat","background-position":"center center","background-size":"auto","background-attachment":"scroll","background-type":"","background-media":"","overlay-type":"","overlay-color":"","overlay-opacity":"","overlay-gradient":""},"tablet":{"background-color":"","background-image":"","background-repeat":"repeat","background-position":"center center","background-size":"auto","background-attachment":"scroll","background-type":"","background-media":"","overlay-type":"","overlay-color":"","overlay-opacity":"","overlay-gradient":""},"mobile":{"background-color":"","background-image":"","background-repeat":"repeat","background-position":"center center","background-size":"auto","background-attachment":"scroll","background-type":"","background-media":"","overlay-type":"","overlay-color":"","overlay-opacity":"","overlay-gradient":""}},"ast-content-background-meta":{"desktop":{"background-color":"var(--ast-global-color-5)","background-image":"","background-repeat":"repeat","background-position":"center center","background-size":"auto","background-attachment":"scroll","background-type":"","background-media":"","overlay-type":"","overlay-color":"","overlay-opacity":"","overlay-gradient":""},"tablet":{"background-color":"var(--ast-global-color-5)","background-image":"","background-repeat":"repeat","background-position":"center center","background-size":"auto","background-attachment":"scroll","background-type":"","background-media":"","overlay-type":"","overlay-color":"","overlay-opacity":"","overlay-gradient":""},"mobile":{"background-color":"var(--ast-global-color-5)","background-image":"","background-repeat":"repeat","background-position":"center center","background-size":"auto","background-attachment":"scroll","background-type":"","background-media":"","overlay-type":"","overlay-color":"","overlay-opacity":"","overlay-gradient":""}}},"product_brand":[],"product_cat":[993],"product_tag":[],"class_list":{"0":"post-26041","1":"product","2":"type-product","3":"status-publish","4":"has-post-thumbnail","6":"product_cat-footwear-accessories","7":"pa_31896_q5i5rmzi-death-rock-duck","8":"pa_31896_q5i5rmzi-fru-valentina","9":"pa_31896_q5i5rmzi-goth-girl-anka","10":"pa_31896_q5i5rmzi-punk-duck","11":"pa_31896_q5i5rmzi-satan-anka","12":"desktop-align-left","13":"tablet-align-left","14":"mobile-align-left","16":"first","17":"instock","18":"shipping-taxable","19":"purchasable","20":"product-type-variable"},"_links":{"self":[{"href":"https:\/\/keluvo.com\/se\/wp-json\/wp\/v2\/product\/26041","targetHints":{"allow":["GET"]}}],"collection":[{"href":"https:\/\/keluvo.com\/se\/wp-json\/wp\/v2\/product"}],"about":[{"href":"https:\/\/keluvo.com\/se\/wp-json\/wp\/v2\/types\/product"}],"replies":[{"embeddable":true,"href":"https:\/\/keluvo.com\/se\/wp-json\/wp\/v2\/comments?post=26041"}],"wp:featuredmedia":[{"embeddable":true,"href":"https:\/\/keluvo.com\/se\/wp-json\/wp\/v2\/media\/26037"}],"wp:attachment":[{"href":"https:\/\/keluvo.com\/se\/wp-json\/wp\/v2\/media?parent=26041"}],"wp:term":[{"taxonomy":"product_brand","embeddable":true,"href":"https:\/\/keluvo.com\/se\/wp-json\/wp\/v2\/product_brand?post=26041"},{"taxonomy":"product_cat","embeddable":true,"href":"https:\/\/keluvo.com\/se\/wp-json\/wp\/v2\/product_cat?post=26041"},{"taxonomy":"product_tag","embeddable":true,"href":"https:\/\/keluvo.com\/se\/wp-json\/wp\/v2\/product_tag?post=26041"}],"curies":[{"name":"wp","href":"https:\/\/api.w.org\/{rel}","templated":true}]}}