{"id":26022,"date":"2025-09-09T17:29:03","date_gmt":"2025-09-09T14:29:03","guid":{"rendered":"https:\/\/keluvo.com\/se\/product\/lyxig-armbandsklocka\/"},"modified":"2025-09-16T01:25:53","modified_gmt":"2025-09-15T22:25:53","slug":"lyxig-armbandsklocka","status":"publish","type":"product","link":"https:\/\/keluvo.com\/se\/product\/lyxig-armbandsklocka\/","title":{"rendered":"Lyxig armbandsklocka"},"content":{"rendered":"<h2 class=\"\" style=\"text-align: center\" data-start=\"0\" data-end=\"30\">Elegant och tidl\u00f6s look<\/h2>\n<p class=\"\" style=\"text-align: center\" data-start=\"31\" data-end=\"284\">Det lyxiga armbandsuret har en elegant design med en gnistrande touch, perfekt f\u00f6r b\u00e5de vardagsbruk och speciella evenemang. De fina detaljerna och den sl\u00e4ta finishen ger en raffinerad look till varje outfit. En perfekt matchning f\u00f6r dem som gillar b\u00e5de mode och funktion.<\/p>\n<p data-start=\"31\" data-end=\"284\"><img decoding=\"async\" class=\"alignnone size-full wp-image-14122 aligncenter\" src=\"https:\/\/keluvo.com\/template\/wp-content\/uploads\/sites\/5\/2025\/04\/Sfd647941a4cf4b38adea151909be6682y.jpg_960x960q75.jpg_.jpeg\" alt=\"\" \/><\/p>\n<h2 class=\"\" style=\"text-align: center\" data-start=\"286\" data-end=\"318\">H\u00e5llbar och vattenresistent<\/h2>\n<p class=\"\" style=\"text-align: center\" data-start=\"319\" data-end=\"516\">Tillverkad av starkt rostfritt st\u00e5l \u00e4r detta lyxiga armbandsur byggt f\u00f6r att h\u00e5lla. Den \u00e4r ocks\u00e5 vattenresistent, s\u00e5 den klarar st\u00e4nk och l\u00e4tt regn utan problem. Perfekt f\u00f6r kvinnor som alltid \u00e4r p\u00e5 spr\u00e5ng.<\/p>\n<p data-start=\"319\" data-end=\"516\"><img decoding=\"async\" class=\"alignnone size-full wp-image-14117 aligncenter\" src=\"https:\/\/keluvo.com\/template\/wp-content\/uploads\/sites\/5\/2025\/04\/S8b5b831b435e4401bde6943bca6fa2dfM.jpg_960x960q75.jpg_.jpeg\" alt=\"\" \/><\/p>\n","protected":false},"excerpt":{"rendered":"<p>Elegant och tidl\u00f6s look Det lyxiga armbandsuret har en elegant design med en gnistrande touch, perfekt f\u00f6r b\u00e5de vardagsbruk och [&hellip;]<\/p>\n","protected":false},"featured_media":26018,"comment_status":"open","ping_status":"closed","template":"","meta":{"site-sidebar-layout":"default","site-content-layout":"","ast-site-content-layout":"default","site-content-style":"default","site-sidebar-style":"default","ast-global-header-display":"","ast-banner-title-visibility":"","ast-main-header-display":"","ast-hfb-above-header-display":"","ast-hfb-below-header-display":"","ast-hfb-mobile-header-display":"","site-post-title":"","ast-breadcrumbs-content":"","ast-featured-img":"","footer-sml-layout":"","theme-transparent-header-meta":"default","adv-header-id-meta":"","stick-header-meta":"","header-above-stick-meta":"","header-main-stick-meta":"","header-below-stick-meta":"","astra-migrate-meta-layouts":"set","ast-page-background-enabled":"default","ast-page-background-meta":{"desktop":{"background-color":"var(--ast-global-color-4)","background-image":"","background-repeat":"repeat","background-position":"center center","background-size":"auto","background-attachment":"scroll","background-type":"","background-media":"","overlay-type":"","overlay-color":"","overlay-opacity":"","overlay-gradient":""},"tablet":{"background-color":"","background-image":"","background-repeat":"repeat","background-position":"center center","background-size":"auto","background-attachment":"scroll","background-type":"","background-media":"","overlay-type":"","overlay-color":"","overlay-opacity":"","overlay-gradient":""},"mobile":{"background-color":"","background-image":"","background-repeat":"repeat","background-position":"center center","background-size":"auto","background-attachment":"scroll","background-type":"","background-media":"","overlay-type":"","overlay-color":"","overlay-opacity":"","overlay-gradient":""}},"ast-content-background-meta":{"desktop":{"background-color":"var(--ast-global-color-5)","background-image":"","background-repeat":"repeat","background-position":"center center","background-size":"auto","background-attachment":"scroll","background-type":"","background-media":"","overlay-type":"","overlay-color":"","overlay-opacity":"","overlay-gradient":""},"tablet":{"background-color":"var(--ast-global-color-5)","background-image":"","background-repeat":"repeat","background-position":"center center","background-size":"auto","background-attachment":"scroll","background-type":"","background-media":"","overlay-type":"","overlay-color":"","overlay-opacity":"","overlay-gradient":""},"mobile":{"background-color":"var(--ast-global-color-5)","background-image":"","background-repeat":"repeat","background-position":"center center","background-size":"auto","background-attachment":"scroll","background-type":"","background-media":"","overlay-type":"","overlay-color":"","overlay-opacity":"","overlay-gradient":""}}},"product_brand":[],"product_cat":[993],"product_tag":[],"class_list":{"0":"post-26022","1":"product","2":"type-product","3":"status-publish","4":"has-post-thumbnail","6":"product_cat-footwear-accessories","7":"pa_36277_sv4gsi9z-bla","8":"pa_36277_sv4gsi9z-lila","9":"pa_36277_sv4gsi9z-rod","10":"desktop-align-left","11":"tablet-align-left","12":"mobile-align-left","14":"first","15":"instock","16":"shipping-taxable","17":"purchasable","18":"product-type-variable"},"_links":{"self":[{"href":"https:\/\/keluvo.com\/se\/wp-json\/wp\/v2\/product\/26022","targetHints":{"allow":["GET"]}}],"collection":[{"href":"https:\/\/keluvo.com\/se\/wp-json\/wp\/v2\/product"}],"about":[{"href":"https:\/\/keluvo.com\/se\/wp-json\/wp\/v2\/types\/product"}],"replies":[{"embeddable":true,"href":"https:\/\/keluvo.com\/se\/wp-json\/wp\/v2\/comments?post=26022"}],"wp:featuredmedia":[{"embeddable":true,"href":"https:\/\/keluvo.com\/se\/wp-json\/wp\/v2\/media\/26018"}],"wp:attachment":[{"href":"https:\/\/keluvo.com\/se\/wp-json\/wp\/v2\/media?parent=26022"}],"wp:term":[{"taxonomy":"product_brand","embeddable":true,"href":"https:\/\/keluvo.com\/se\/wp-json\/wp\/v2\/product_brand?post=26022"},{"taxonomy":"product_cat","embeddable":true,"href":"https:\/\/keluvo.com\/se\/wp-json\/wp\/v2\/product_cat?post=26022"},{"taxonomy":"product_tag","embeddable":true,"href":"https:\/\/keluvo.com\/se\/wp-json\/wp\/v2\/product_tag?post=26022"}],"curies":[{"name":"wp","href":"https:\/\/api.w.org\/{rel}","templated":true}]}}