{"id":26002,"date":"2025-09-09T16:45:48","date_gmt":"2025-09-09T13:45:48","guid":{"rendered":"https:\/\/keluvo.com\/se\/product\/spannefritt-balte\/"},"modified":"2025-09-16T01:24:59","modified_gmt":"2025-09-15T22:24:59","slug":"spannefritt-balte","status":"publish","type":"product","link":"https:\/\/keluvo.com\/se\/product\/spannefritt-balte\/","title":{"rendered":"Sp\u00e4nnefritt b\u00e4lte"},"content":{"rendered":"<h2 class=\"\" style=\"text-align: center\" data-start=\"59\" data-end=\"76\">L\u00e4tt att b\u00e4ra<\/h2>\n<p class=\"\" style=\"text-align: center\" data-start=\"77\" data-end=\"245\">Det sp\u00e4nnefria b\u00e4ltet \u00e4r enkelt att ta p\u00e5 och av. Du beh\u00f6ver inte hantera ett metallsp\u00e4nne, vilket sparar tid. Sn\u00e4pp bara fast det p\u00e5 sidorna och du \u00e4r redo att g\u00e5.<\/p>\n<p data-start=\"77\" data-end=\"245\"><img decoding=\"async\" class=\"alignnone size-medium wp-image-13628 aligncenter\" src=\"https:\/\/keluvo.com\/template\/wp-content\/uploads\/sites\/5\/2025\/04\/S48f1b097398f4fd7b7e18c2cfdf959d8t.jpg_960x960q75.jpg_.jpeg\" alt=\"\" \/><\/p>\n<h2 class=\"\" style=\"text-align: center\" data-start=\"246\" data-end=\"266\">Bekv\u00e4m passform<\/h2>\n<p class=\"\" style=\"text-align: center\" data-start=\"267\" data-end=\"439\">Tillverkat av mjukt och stretchigt material r\u00f6r sig det sp\u00e4nnefria b\u00e4ltet med din kropp. Det sitter p\u00e5 plats hela dagen utan att k\u00e4nnas tajt. Perfekt f\u00f6r b\u00e5de avslappnad och aktiv kl\u00e4dsel.<\/p>\n<p data-start=\"267\" data-end=\"439\"><img decoding=\"async\" class=\"alignnone size-medium wp-image-13627 aligncenter\" src=\"https:\/\/keluvo.com\/template\/wp-content\/uploads\/sites\/5\/2025\/04\/S38cb39d12449472aa6883aba630b9bdec.jpg_960x960q75.jpg_.jpeg\" alt=\"\" \/><\/p>\n","protected":false},"excerpt":{"rendered":"<p>L\u00e4tt att b\u00e4ra Det sp\u00e4nnefria b\u00e4ltet \u00e4r enkelt att ta p\u00e5 och av. Du beh\u00f6ver inte hantera ett metallsp\u00e4nne, vilket [&hellip;]<\/p>\n","protected":false},"featured_media":25998,"comment_status":"open","ping_status":"closed","template":"","meta":{"site-sidebar-layout":"default","site-content-layout":"","ast-site-content-layout":"default","site-content-style":"default","site-sidebar-style":"default","ast-global-header-display":"","ast-banner-title-visibility":"","ast-main-header-display":"","ast-hfb-above-header-display":"","ast-hfb-below-header-display":"","ast-hfb-mobile-header-display":"","site-post-title":"","ast-breadcrumbs-content":"","ast-featured-img":"","footer-sml-layout":"","theme-transparent-header-meta":"default","adv-header-id-meta":"","stick-header-meta":"","header-above-stick-meta":"","header-main-stick-meta":"","header-below-stick-meta":"","astra-migrate-meta-layouts":"set","ast-page-background-enabled":"default","ast-page-background-meta":{"desktop":{"background-color":"var(--ast-global-color-4)","background-image":"","background-repeat":"repeat","background-position":"center center","background-size":"auto","background-attachment":"scroll","background-type":"","background-media":"","overlay-type":"","overlay-color":"","overlay-opacity":"","overlay-gradient":""},"tablet":{"background-color":"","background-image":"","background-repeat":"repeat","background-position":"center center","background-size":"auto","background-attachment":"scroll","background-type":"","background-media":"","overlay-type":"","overlay-color":"","overlay-opacity":"","overlay-gradient":""},"mobile":{"background-color":"","background-image":"","background-repeat":"repeat","background-position":"center center","background-size":"auto","background-attachment":"scroll","background-type":"","background-media":"","overlay-type":"","overlay-color":"","overlay-opacity":"","overlay-gradient":""}},"ast-content-background-meta":{"desktop":{"background-color":"var(--ast-global-color-5)","background-image":"","background-repeat":"repeat","background-position":"center center","background-size":"auto","background-attachment":"scroll","background-type":"","background-media":"","overlay-type":"","overlay-color":"","overlay-opacity":"","overlay-gradient":""},"tablet":{"background-color":"var(--ast-global-color-5)","background-image":"","background-repeat":"repeat","background-position":"center center","background-size":"auto","background-attachment":"scroll","background-type":"","background-media":"","overlay-type":"","overlay-color":"","overlay-opacity":"","overlay-gradient":""},"mobile":{"background-color":"var(--ast-global-color-5)","background-image":"","background-repeat":"repeat","background-position":"center center","background-size":"auto","background-attachment":"scroll","background-type":"","background-media":"","overlay-type":"","overlay-color":"","overlay-opacity":"","overlay-gradient":""}}},"product_brand":[],"product_cat":[993],"product_tag":[],"class_list":{"0":"post-26002","1":"product","2":"type-product","3":"status-publish","4":"has-post-thumbnail","6":"product_cat-footwear-accessories","7":"pa_45898_gyaguvwd-kaffe","8":"pa_45898_gyaguvwd-svart","9":"desktop-align-left","10":"tablet-align-left","11":"mobile-align-left","13":"first","14":"instock","15":"shipping-taxable","16":"purchasable","17":"product-type-variable"},"_links":{"self":[{"href":"https:\/\/keluvo.com\/se\/wp-json\/wp\/v2\/product\/26002","targetHints":{"allow":["GET"]}}],"collection":[{"href":"https:\/\/keluvo.com\/se\/wp-json\/wp\/v2\/product"}],"about":[{"href":"https:\/\/keluvo.com\/se\/wp-json\/wp\/v2\/types\/product"}],"replies":[{"embeddable":true,"href":"https:\/\/keluvo.com\/se\/wp-json\/wp\/v2\/comments?post=26002"}],"wp:featuredmedia":[{"embeddable":true,"href":"https:\/\/keluvo.com\/se\/wp-json\/wp\/v2\/media\/25998"}],"wp:attachment":[{"href":"https:\/\/keluvo.com\/se\/wp-json\/wp\/v2\/media?parent=26002"}],"wp:term":[{"taxonomy":"product_brand","embeddable":true,"href":"https:\/\/keluvo.com\/se\/wp-json\/wp\/v2\/product_brand?post=26002"},{"taxonomy":"product_cat","embeddable":true,"href":"https:\/\/keluvo.com\/se\/wp-json\/wp\/v2\/product_cat?post=26002"},{"taxonomy":"product_tag","embeddable":true,"href":"https:\/\/keluvo.com\/se\/wp-json\/wp\/v2\/product_tag?post=26002"}],"curies":[{"name":"wp","href":"https:\/\/api.w.org\/{rel}","templated":true}]}}