{"id":25983,"date":"2025-09-09T16:45:16","date_gmt":"2025-09-09T13:45:16","guid":{"rendered":"https:\/\/keluvo.com\/se\/product\/leksak-med-hoppande-bil\/"},"modified":"2025-09-09T16:45:23","modified_gmt":"2025-09-09T13:45:23","slug":"leksak-med-hoppande-bil","status":"publish","type":"product","link":"https:\/\/keluvo.com\/se\/product\/leksak-med-hoppande-bil\/","title":{"rendered":"Leksak med hoppande bil"},"content":{"rendered":"<h2 class=\"\" style=\"text-align: center\" data-start=\"149\" data-end=\"177\">Roliga stunts och r\u00f6relser<\/h2>\n<p class=\"\" style=\"text-align: center\" data-start=\"178\" data-end=\"364\">Den hoppande billeksaken kan sv\u00e4nga, rulla och utf\u00f6ra roliga trick. Dess sp\u00e4nnande r\u00f6relser h\u00e5ller barnen aktiva och underh\u00e5llna. Den \u00e4r perfekt f\u00f6r inomhuslek och fungerar bra p\u00e5 m\u00e5nga typer av golv.<\/p>\n<p data-start=\"178\" data-end=\"364\"><img decoding=\"async\" class=\"alignnone size-medium wp-image-13519 aligncenter\" src=\"https:\/\/keluvo.com\/template\/wp-content\/uploads\/sites\/5\/2025\/04\/3f996655-8b89-4abb-9433-b9299435a3a4.webp\" alt=\"\" \/><\/p>\n<h2 class=\"\" style=\"text-align: center\" data-start=\"366\" data-end=\"386\">Enkel att styra<\/h2>\n<p class=\"\" style=\"text-align: center\" data-start=\"387\" data-end=\"618\">Den hoppande billeksaken levereras med en fj\u00e4rrkontroll som fungerar upp till 15 meter bort. Barnen kan enkelt flytta bilen i olika riktningar och njuta av rolig action utan att komma f\u00f6r n\u00e4ra. Fj\u00e4rrkontrollen beh\u00f6ver tv\u00e5 AA-batterier (ing\u00e5r ej).<\/p>\n<p data-start=\"387\" data-end=\"618\"><img decoding=\"async\" class=\"alignnone size-medium wp-image-13529 aligncenter\" src=\"https:\/\/keluvo.com\/template\/wp-content\/uploads\/sites\/5\/2025\/04\/S142ce065c8ac424b98b299fd4b9232fba.jpg_960x960q75.jpg_.jpeg\" alt=\"\" \/><\/p>\n","protected":false},"excerpt":{"rendered":"<p>Roliga stunts och r\u00f6relser Den hoppande billeksaken kan sv\u00e4nga, rulla och utf\u00f6ra roliga trick. Dess sp\u00e4nnande r\u00f6relser h\u00e5ller barnen aktiva [&hellip;]<\/p>\n","protected":false},"featured_media":25979,"comment_status":"open","ping_status":"closed","template":"","meta":{"site-sidebar-layout":"default","site-content-layout":"","ast-site-content-layout":"default","site-content-style":"default","site-sidebar-style":"default","ast-global-header-display":"","ast-banner-title-visibility":"","ast-main-header-display":"","ast-hfb-above-header-display":"","ast-hfb-below-header-display":"","ast-hfb-mobile-header-display":"","site-post-title":"","ast-breadcrumbs-content":"","ast-featured-img":"","footer-sml-layout":"","theme-transparent-header-meta":"default","adv-header-id-meta":"","stick-header-meta":"","header-above-stick-meta":"","header-main-stick-meta":"","header-below-stick-meta":"","astra-migrate-meta-layouts":"set","ast-page-background-enabled":"default","ast-page-background-meta":{"desktop":{"background-color":"var(--ast-global-color-4)","background-image":"","background-repeat":"repeat","background-position":"center center","background-size":"auto","background-attachment":"scroll","background-type":"","background-media":"","overlay-type":"","overlay-color":"","overlay-opacity":"","overlay-gradient":""},"tablet":{"background-color":"","background-image":"","background-repeat":"repeat","background-position":"center center","background-size":"auto","background-attachment":"scroll","background-type":"","background-media":"","overlay-type":"","overlay-color":"","overlay-opacity":"","overlay-gradient":""},"mobile":{"background-color":"","background-image":"","background-repeat":"repeat","background-position":"center center","background-size":"auto","background-attachment":"scroll","background-type":"","background-media":"","overlay-type":"","overlay-color":"","overlay-opacity":"","overlay-gradient":""}},"ast-content-background-meta":{"desktop":{"background-color":"var(--ast-global-color-5)","background-image":"","background-repeat":"repeat","background-position":"center center","background-size":"auto","background-attachment":"scroll","background-type":"","background-media":"","overlay-type":"","overlay-color":"","overlay-opacity":"","overlay-gradient":""},"tablet":{"background-color":"var(--ast-global-color-5)","background-image":"","background-repeat":"repeat","background-position":"center center","background-size":"auto","background-attachment":"scroll","background-type":"","background-media":"","overlay-type":"","overlay-color":"","overlay-opacity":"","overlay-gradient":""},"mobile":{"background-color":"var(--ast-global-color-5)","background-image":"","background-repeat":"repeat","background-position":"center center","background-size":"auto","background-attachment":"scroll","background-type":"","background-media":"","overlay-type":"","overlay-color":"","overlay-opacity":"","overlay-gradient":""}}},"product_brand":[],"product_cat":[990],"product_tag":[],"class_list":{"0":"post-25983","1":"product","2":"type-product","3":"status-publish","4":"has-post-thumbnail","6":"product_cat-toys-childrens-and-baby-products","7":"pa_21751_8ddkr857-bla","8":"pa_21751_8ddkr857-gron","9":"pa_21751_8ddkr857-rod","10":"desktop-align-left","11":"tablet-align-left","12":"mobile-align-left","14":"first","15":"instock","16":"shipping-taxable","17":"purchasable","18":"product-type-variable"},"_links":{"self":[{"href":"https:\/\/keluvo.com\/se\/wp-json\/wp\/v2\/product\/25983","targetHints":{"allow":["GET"]}}],"collection":[{"href":"https:\/\/keluvo.com\/se\/wp-json\/wp\/v2\/product"}],"about":[{"href":"https:\/\/keluvo.com\/se\/wp-json\/wp\/v2\/types\/product"}],"replies":[{"embeddable":true,"href":"https:\/\/keluvo.com\/se\/wp-json\/wp\/v2\/comments?post=25983"}],"wp:featuredmedia":[{"embeddable":true,"href":"https:\/\/keluvo.com\/se\/wp-json\/wp\/v2\/media\/25979"}],"wp:attachment":[{"href":"https:\/\/keluvo.com\/se\/wp-json\/wp\/v2\/media?parent=25983"}],"wp:term":[{"taxonomy":"product_brand","embeddable":true,"href":"https:\/\/keluvo.com\/se\/wp-json\/wp\/v2\/product_brand?post=25983"},{"taxonomy":"product_cat","embeddable":true,"href":"https:\/\/keluvo.com\/se\/wp-json\/wp\/v2\/product_cat?post=25983"},{"taxonomy":"product_tag","embeddable":true,"href":"https:\/\/keluvo.com\/se\/wp-json\/wp\/v2\/product_tag?post=25983"}],"curies":[{"name":"wp","href":"https:\/\/api.w.org\/{rel}","templated":true}]}}