{"id":25918,"date":"2025-09-09T16:43:03","date_gmt":"2025-09-09T13:43:03","guid":{"rendered":"https:\/\/keluvo.com\/se\/product\/anka-glid-leksak\/"},"modified":"2025-09-09T16:43:03","modified_gmt":"2025-09-09T13:43:03","slug":"anka-glid-leksak","status":"publish","type":"product","link":"https:\/\/keluvo.com\/se\/product\/anka-glid-leksak\/","title":{"rendered":"Anka glid leksak"},"content":{"rendered":"<h2 style=\"text-align: center\">Rolig och engagerande lektid<\/h2>\n<p style=\"text-align: center\">Leksaken med ankan som glider h\u00e5ller barnen underh\u00e5llna med glad musik och blinkande LED-lampor. Se n\u00e4r ankorna kl\u00e4ttrar uppf\u00f6r trappan och glider ner, vilket skapar o\u00e4ndligt med skoj. Det \u00e4r ett perfekt s\u00e4tt att ge gl\u00e4dje och skratt till lekstunderna.<\/p>\n<p><img decoding=\"async\" class=\"alignnone size-medium wp-image-9061 aligncenter\" src=\"https:\/\/keluvo.com\/template\/wp-content\/uploads\/sites\/5\/2025\/01\/A85de2a72369e4519a4b81b5a4939f7a2W.jpg_960x960q75.jpg_.jpeg\" alt=\"\" \/><\/p>\n<h2 style=\"text-align: center\">Fr\u00e4mjar tidig utveckling<\/h2>\n<p style=\"text-align: center\">Den h\u00e4r anka-rutschkanan \u00e4r utformad f\u00f6r att fr\u00e4mja hand-\u00f6ga-koordination och nyfikenhet hos barn. De f\u00e4rgglada sp\u00e5ren och de r\u00f6rliga ankorna stimulerar visuell perception, medan de roliga s\u00e5ngerna hj\u00e4lper till att utveckla sensoriska f\u00e4rdigheter. Det \u00e4r ett utm\u00e4rkt verktyg f\u00f6r att st\u00f6dja tidig inl\u00e4rning.<\/p>\n<p><img decoding=\"async\" class=\"alignnone size-medium wp-image-9058 aligncenter\" src=\"https:\/\/keluvo.com\/template\/wp-content\/uploads\/sites\/5\/2025\/01\/A1da1f074257b480ca24b1003a574530fH.jpg_960x960q75.jpg_.jpeg\" alt=\"\" \/><\/p>\n","protected":false},"excerpt":{"rendered":"<p>Rolig och engagerande lektid Leksaken med ankan som glider h\u00e5ller barnen underh\u00e5llna med glad musik och blinkande LED-lampor. Se n\u00e4r [&hellip;]<\/p>\n","protected":false},"featured_media":25914,"comment_status":"open","ping_status":"closed","template":"","meta":{"site-sidebar-layout":"default","site-content-layout":"","ast-site-content-layout":"default","site-content-style":"default","site-sidebar-style":"default","ast-global-header-display":"","ast-banner-title-visibility":"","ast-main-header-display":"","ast-hfb-above-header-display":"","ast-hfb-below-header-display":"","ast-hfb-mobile-header-display":"","site-post-title":"","ast-breadcrumbs-content":"","ast-featured-img":"","footer-sml-layout":"","theme-transparent-header-meta":"default","adv-header-id-meta":"","stick-header-meta":"","header-above-stick-meta":"","header-main-stick-meta":"","header-below-stick-meta":"","astra-migrate-meta-layouts":"set","ast-page-background-enabled":"default","ast-page-background-meta":{"desktop":{"background-color":"var(--ast-global-color-4)","background-image":"","background-repeat":"repeat","background-position":"center center","background-size":"auto","background-attachment":"scroll","background-type":"","background-media":"","overlay-type":"","overlay-color":"","overlay-opacity":"","overlay-gradient":""},"tablet":{"background-color":"","background-image":"","background-repeat":"repeat","background-position":"center center","background-size":"auto","background-attachment":"scroll","background-type":"","background-media":"","overlay-type":"","overlay-color":"","overlay-opacity":"","overlay-gradient":""},"mobile":{"background-color":"","background-image":"","background-repeat":"repeat","background-position":"center center","background-size":"auto","background-attachment":"scroll","background-type":"","background-media":"","overlay-type":"","overlay-color":"","overlay-opacity":"","overlay-gradient":""}},"ast-content-background-meta":{"desktop":{"background-color":"var(--ast-global-color-5)","background-image":"","background-repeat":"repeat","background-position":"center center","background-size":"auto","background-attachment":"scroll","background-type":"","background-media":"","overlay-type":"","overlay-color":"","overlay-opacity":"","overlay-gradient":""},"tablet":{"background-color":"var(--ast-global-color-5)","background-image":"","background-repeat":"repeat","background-position":"center center","background-size":"auto","background-attachment":"scroll","background-type":"","background-media":"","overlay-type":"","overlay-color":"","overlay-opacity":"","overlay-gradient":""},"mobile":{"background-color":"var(--ast-global-color-5)","background-image":"","background-repeat":"repeat","background-position":"center center","background-size":"auto","background-attachment":"scroll","background-type":"","background-media":"","overlay-type":"","overlay-color":"","overlay-opacity":"","overlay-gradient":""}}},"product_brand":[],"product_cat":[990],"product_tag":[],"class_list":{"0":"post-25918","1":"product","2":"type-product","3":"status-publish","4":"has-post-thumbnail","6":"product_cat-toys-childrens-and-baby-products","7":"desktop-align-left","8":"tablet-align-left","9":"mobile-align-left","11":"first","12":"instock","13":"shipping-taxable","14":"purchasable","15":"product-type-simple"},"_links":{"self":[{"href":"https:\/\/keluvo.com\/se\/wp-json\/wp\/v2\/product\/25918","targetHints":{"allow":["GET"]}}],"collection":[{"href":"https:\/\/keluvo.com\/se\/wp-json\/wp\/v2\/product"}],"about":[{"href":"https:\/\/keluvo.com\/se\/wp-json\/wp\/v2\/types\/product"}],"replies":[{"embeddable":true,"href":"https:\/\/keluvo.com\/se\/wp-json\/wp\/v2\/comments?post=25918"}],"wp:featuredmedia":[{"embeddable":true,"href":"https:\/\/keluvo.com\/se\/wp-json\/wp\/v2\/media\/25914"}],"wp:attachment":[{"href":"https:\/\/keluvo.com\/se\/wp-json\/wp\/v2\/media?parent=25918"}],"wp:term":[{"taxonomy":"product_brand","embeddable":true,"href":"https:\/\/keluvo.com\/se\/wp-json\/wp\/v2\/product_brand?post=25918"},{"taxonomy":"product_cat","embeddable":true,"href":"https:\/\/keluvo.com\/se\/wp-json\/wp\/v2\/product_cat?post=25918"},{"taxonomy":"product_tag","embeddable":true,"href":"https:\/\/keluvo.com\/se\/wp-json\/wp\/v2\/product_tag?post=25918"}],"curies":[{"name":"wp","href":"https:\/\/api.w.org\/{rel}","templated":true}]}}