{"id":25858,"date":"2025-09-09T16:41:37","date_gmt":"2025-09-09T13:41:37","guid":{"rendered":"https:\/\/keluvo.com\/se\/product\/chameleon-flytande-ogonskugga\/"},"modified":"2025-09-09T16:42:22","modified_gmt":"2025-09-09T13:42:22","slug":"chameleon-flytande-ogonskugga","status":"publish","type":"product","link":"https:\/\/keluvo.com\/se\/product\/chameleon-flytande-ogonskugga\/","title":{"rendered":"Chameleon flytande \u00f6gonskugga"},"content":{"rendered":"<h2 style=\"text-align: center\">Unik Flerf\u00e4rgad Effekt<\/h2>\n<p style=\"text-align: center\">The chameleon liquid eyeshadow har duokroma pigment som \u00e4ndrar f\u00e4rg i olika vinklar, vilket skapar en sl\u00e5ende och unik look. Denna livfulla effekt g\u00f6r att dina \u00f6gon sticker ut och ger djup och dimension till din makeup. Perfekt f\u00f6r att uppn\u00e5 dj\u00e4rva och kreativa stilar.<\/p>\n<p><img decoding=\"async\" class=\"alignnone size-medium wp-image-7375 aligncenter\" src=\"https:\/\/keluvo.com\/template\/wp-content\/uploads\/sites\/5\/2025\/01\/S5c191f7308024b128ca66ac3596df7cdo.jpg_960x960q75.jpg_.webp\" \/><\/p>\n<h2 style=\"text-align: center\">L\u00e5ngvarig Och Vattenfast<\/h2>\n<p style=\"text-align: center\">Designad f\u00f6r att h\u00e5lla hela dagen \u00e4r chameleon liquid eyeshadow b\u00e5de vattenfast och svettbest\u00e4ndig. Den h\u00e5ller sig p\u00e5 plats utan att kladda och ser till att din makeup f\u00f6rblir felfri. S\u00e4g adj\u00f6 till retuscheringar och hej till en levande makeup som h\u00e5ller hela dagen.<\/p>\n<p><img decoding=\"async\" class=\"alignnone size-medium wp-image-7379 aligncenter\" src=\"https:\/\/keluvo.com\/template\/wp-content\/uploads\/sites\/5\/2025\/01\/S497840a0d61b4e4c85268131de46c27c4.jpg_960x960q75.jpg_.webp\" \/><\/p>\n","protected":false},"excerpt":{"rendered":"<p>Unik Flerf\u00e4rgad Effekt The chameleon liquid eyeshadow har duokroma pigment som \u00e4ndrar f\u00e4rg i olika vinklar, vilket skapar en sl\u00e5ende [&hellip;]<\/p>\n","protected":false},"featured_media":25854,"comment_status":"open","ping_status":"closed","template":"","meta":{"site-sidebar-layout":"default","site-content-layout":"","ast-site-content-layout":"default","site-content-style":"default","site-sidebar-style":"default","ast-global-header-display":"","ast-banner-title-visibility":"","ast-main-header-display":"","ast-hfb-above-header-display":"","ast-hfb-below-header-display":"","ast-hfb-mobile-header-display":"","site-post-title":"","ast-breadcrumbs-content":"","ast-featured-img":"","footer-sml-layout":"","theme-transparent-header-meta":"default","adv-header-id-meta":"","stick-header-meta":"","header-above-stick-meta":"","header-main-stick-meta":"","header-below-stick-meta":"","astra-migrate-meta-layouts":"set","ast-page-background-enabled":"default","ast-page-background-meta":{"desktop":{"background-color":"var(--ast-global-color-4)","background-image":"","background-repeat":"repeat","background-position":"center center","background-size":"auto","background-attachment":"scroll","background-type":"","background-media":"","overlay-type":"","overlay-color":"","overlay-opacity":"","overlay-gradient":""},"tablet":{"background-color":"","background-image":"","background-repeat":"repeat","background-position":"center center","background-size":"auto","background-attachment":"scroll","background-type":"","background-media":"","overlay-type":"","overlay-color":"","overlay-opacity":"","overlay-gradient":""},"mobile":{"background-color":"","background-image":"","background-repeat":"repeat","background-position":"center center","background-size":"auto","background-attachment":"scroll","background-type":"","background-media":"","overlay-type":"","overlay-color":"","overlay-opacity":"","overlay-gradient":""}},"ast-content-background-meta":{"desktop":{"background-color":"var(--ast-global-color-5)","background-image":"","background-repeat":"repeat","background-position":"center center","background-size":"auto","background-attachment":"scroll","background-type":"","background-media":"","overlay-type":"","overlay-color":"","overlay-opacity":"","overlay-gradient":""},"tablet":{"background-color":"var(--ast-global-color-5)","background-image":"","background-repeat":"repeat","background-position":"center center","background-size":"auto","background-attachment":"scroll","background-type":"","background-media":"","overlay-type":"","overlay-color":"","overlay-opacity":"","overlay-gradient":""},"mobile":{"background-color":"var(--ast-global-color-5)","background-image":"","background-repeat":"repeat","background-position":"center center","background-size":"auto","background-attachment":"scroll","background-type":"","background-media":"","overlay-type":"","overlay-color":"","overlay-opacity":"","overlay-gradient":""}}},"product_brand":[],"product_cat":[992],"product_tag":[],"class_list":{"0":"post-25858","1":"product","2":"type-product","3":"status-publish","4":"has-post-thumbnail","6":"product_cat-beauty-and-hygiene-products","7":"pa_40008_0fntlstf-4383","8":"pa_40008_0fntlstf-4384","9":"pa_40008_0fntlstf-4385","10":"pa_40008_0fntlstf-4386","11":"pa_40008_0fntlstf-4387","12":"pa_40008_0fntlstf-4388","13":"pa_40008_0fntlstf-4389","14":"pa_40008_0fntlstf-4390","15":"pa_40008_0fntlstf-4391","16":"pa_40008_0fntlstf-4392","17":"pa_40008_0fntlstf-4393","18":"pa_40008_0fntlstf-4394","19":"pa_40008_0fntlstf-4395","20":"pa_40008_0fntlstf-4396","21":"pa_40008_0fntlstf-4397","22":"pa_40008_0fntlstf-4398","23":"pa_40008_0fntlstf-4399","24":"pa_40008_0fntlstf-4400","25":"pa_40008_0fntlstf-4401","26":"desktop-align-left","27":"tablet-align-left","28":"mobile-align-left","30":"first","31":"instock","32":"shipping-taxable","33":"purchasable","34":"product-type-variable"},"_links":{"self":[{"href":"https:\/\/keluvo.com\/se\/wp-json\/wp\/v2\/product\/25858","targetHints":{"allow":["GET"]}}],"collection":[{"href":"https:\/\/keluvo.com\/se\/wp-json\/wp\/v2\/product"}],"about":[{"href":"https:\/\/keluvo.com\/se\/wp-json\/wp\/v2\/types\/product"}],"replies":[{"embeddable":true,"href":"https:\/\/keluvo.com\/se\/wp-json\/wp\/v2\/comments?post=25858"}],"wp:featuredmedia":[{"embeddable":true,"href":"https:\/\/keluvo.com\/se\/wp-json\/wp\/v2\/media\/25854"}],"wp:attachment":[{"href":"https:\/\/keluvo.com\/se\/wp-json\/wp\/v2\/media?parent=25858"}],"wp:term":[{"taxonomy":"product_brand","embeddable":true,"href":"https:\/\/keluvo.com\/se\/wp-json\/wp\/v2\/product_brand?post=25858"},{"taxonomy":"product_cat","embeddable":true,"href":"https:\/\/keluvo.com\/se\/wp-json\/wp\/v2\/product_cat?post=25858"},{"taxonomy":"product_tag","embeddable":true,"href":"https:\/\/keluvo.com\/se\/wp-json\/wp\/v2\/product_tag?post=25858"}],"curies":[{"name":"wp","href":"https:\/\/api.w.org\/{rel}","templated":true}]}}