{"id":25831,"date":"2025-09-09T16:40:35","date_gmt":"2025-09-09T13:40:35","guid":{"rendered":"https:\/\/keluvo.com\/se\/product\/mugg-i-tra\/"},"modified":"2025-10-07T16:43:01","modified_gmt":"2025-10-07T13:43:01","slug":"mugg-i-tra","status":"publish","type":"product","link":"https:\/\/keluvo.com\/se\/product\/mugg-i-tra\/","title":{"rendered":"Mugg i tr\u00e4"},"content":{"rendered":"<h2 class=\"\" style=\"text-align: center;\" data-start=\"97\" data-end=\"122\">Perfekt f\u00f6r utomhusbruk<\/h2>\n<p class=\"\" style=\"text-align: center;\" data-start=\"123\" data-end=\"382\">Muggen i tr\u00e4 \u00e4r perfekt f\u00f6r camping, vandring och daglig anv\u00e4ndning. Den \u00e4r l\u00e4tt att b\u00e4ra med sig och levereras med ett l\u00e4derrep och tv\u00e5 h\u00e5l s\u00e5 att du kan h\u00e4nga den p\u00e5 ryggs\u00e4cken eller i b\u00e4ltet. Oavsett om du dricker kaffe vid l\u00e4gerelden eller te hemma passar den h\u00e4r muggen f\u00f6r varje \u00f6gonblick.<\/p>\n<p data-start=\"123\" data-end=\"382\"><img decoding=\"async\" class=\"alignnone size-medium wp-image-13507 aligncenter\" src=\"https:\/\/keluvo.com\/template\/wp-content\/uploads\/sites\/5\/2025\/04\/S67c2274dbd6b4fa092f87cb013c250b4f.jpg_960x960q75.jpg_.jpeg\" alt=\"\" \/><\/p>\n<h2 class=\"\" style=\"text-align: center;\" data-start=\"384\" data-end=\"408\">Tillverkad av \u00e4kta tr\u00e4<\/h2>\n<p class=\"\" style=\"text-align: center;\" data-start=\"409\" data-end=\"612\">Varje tr\u00e4mugg \u00e4r handgjord av starkt naturligt tr\u00e4. Varje kopp har sin egen speciella tr\u00e4\u00e5dring, vilket g\u00f6r varje kopp unik. Den \u00e4r s\u00e4ker att anv\u00e4nda, fri fr\u00e5n BPA, och ger en fr\u00e4sch, naturlig k\u00e4nsla medan du dricker.<\/p>\n<p data-start=\"409\" data-end=\"612\"><img decoding=\"async\" class=\"alignnone size-medium wp-image-13504 aligncenter\" src=\"https:\/\/keluvo.com\/template\/wp-content\/uploads\/sites\/5\/2025\/04\/S3efcd89a44fa4625b1a236c083ca0fd96.jpeg\" alt=\"\" \/><\/p>\n","protected":false},"excerpt":{"rendered":"<p>Perfekt f\u00f6r utomhusbruk Muggen i tr\u00e4 \u00e4r perfekt f\u00f6r camping, vandring och daglig anv\u00e4ndning. Den \u00e4r l\u00e4tt att b\u00e4ra med [&hellip;]<\/p>\n","protected":false},"featured_media":25827,"comment_status":"open","ping_status":"closed","template":"","meta":{"site-sidebar-layout":"default","site-content-layout":"","ast-site-content-layout":"default","site-content-style":"default","site-sidebar-style":"default","ast-global-header-display":"","ast-banner-title-visibility":"","ast-main-header-display":"","ast-hfb-above-header-display":"","ast-hfb-below-header-display":"","ast-hfb-mobile-header-display":"","site-post-title":"","ast-breadcrumbs-content":"","ast-featured-img":"","footer-sml-layout":"","theme-transparent-header-meta":"default","adv-header-id-meta":"","stick-header-meta":"","header-above-stick-meta":"","header-main-stick-meta":"","header-below-stick-meta":"","astra-migrate-meta-layouts":"set","ast-page-background-enabled":"default","ast-page-background-meta":{"desktop":{"background-color":"var(--ast-global-color-4)","background-image":"","background-repeat":"repeat","background-position":"center center","background-size":"auto","background-attachment":"scroll","background-type":"","background-media":"","overlay-type":"","overlay-color":"","overlay-opacity":"","overlay-gradient":""},"tablet":{"background-color":"","background-image":"","background-repeat":"repeat","background-position":"center center","background-size":"auto","background-attachment":"scroll","background-type":"","background-media":"","overlay-type":"","overlay-color":"","overlay-opacity":"","overlay-gradient":""},"mobile":{"background-color":"","background-image":"","background-repeat":"repeat","background-position":"center center","background-size":"auto","background-attachment":"scroll","background-type":"","background-media":"","overlay-type":"","overlay-color":"","overlay-opacity":"","overlay-gradient":""}},"ast-content-background-meta":{"desktop":{"background-color":"var(--ast-global-color-5)","background-image":"","background-repeat":"repeat","background-position":"center center","background-size":"auto","background-attachment":"scroll","background-type":"","background-media":"","overlay-type":"","overlay-color":"","overlay-opacity":"","overlay-gradient":""},"tablet":{"background-color":"var(--ast-global-color-5)","background-image":"","background-repeat":"repeat","background-position":"center center","background-size":"auto","background-attachment":"scroll","background-type":"","background-media":"","overlay-type":"","overlay-color":"","overlay-opacity":"","overlay-gradient":""},"mobile":{"background-color":"var(--ast-global-color-5)","background-image":"","background-repeat":"repeat","background-position":"center center","background-size":"auto","background-attachment":"scroll","background-type":"","background-media":"","overlay-type":"","overlay-color":"","overlay-opacity":"","overlay-gradient":""}}},"product_brand":[],"product_cat":[1001],"product_tag":[],"class_list":{"0":"post-25831","1":"product","2":"type-product","3":"status-publish","4":"has-post-thumbnail","6":"product_cat-household-goods","7":"pa_29172_n4mp1qq6-alg","8":"pa_29172_n4mp1qq6-bjorn","9":"pa_29172_n4mp1qq6-fisk","10":"pa_29172_n4mp1qq6-hjortkalv","11":"pa_29172_n4mp1qq6-rav","12":"pa_29172_n4mp1qq6-varg","13":"pa_29172_n4mp1qq6-vildsvin","14":"desktop-align-left","15":"tablet-align-left","16":"mobile-align-left","18":"first","19":"instock","20":"shipping-taxable","21":"purchasable","22":"product-type-variable"},"_links":{"self":[{"href":"https:\/\/keluvo.com\/se\/wp-json\/wp\/v2\/product\/25831","targetHints":{"allow":["GET"]}}],"collection":[{"href":"https:\/\/keluvo.com\/se\/wp-json\/wp\/v2\/product"}],"about":[{"href":"https:\/\/keluvo.com\/se\/wp-json\/wp\/v2\/types\/product"}],"replies":[{"embeddable":true,"href":"https:\/\/keluvo.com\/se\/wp-json\/wp\/v2\/comments?post=25831"}],"wp:featuredmedia":[{"embeddable":true,"href":"https:\/\/keluvo.com\/se\/wp-json\/wp\/v2\/media\/25827"}],"wp:attachment":[{"href":"https:\/\/keluvo.com\/se\/wp-json\/wp\/v2\/media?parent=25831"}],"wp:term":[{"taxonomy":"product_brand","embeddable":true,"href":"https:\/\/keluvo.com\/se\/wp-json\/wp\/v2\/product_brand?post=25831"},{"taxonomy":"product_cat","embeddable":true,"href":"https:\/\/keluvo.com\/se\/wp-json\/wp\/v2\/product_cat?post=25831"},{"taxonomy":"product_tag","embeddable":true,"href":"https:\/\/keluvo.com\/se\/wp-json\/wp\/v2\/product_tag?post=25831"}],"curies":[{"name":"wp","href":"https:\/\/api.w.org\/{rel}","templated":true}]}}