{"id":25818,"date":"2025-09-09T16:39:43","date_gmt":"2025-09-09T13:39:43","guid":{"rendered":"https:\/\/keluvo.com\/se\/product\/somlos-spik\/"},"modified":"2025-09-16T01:24:31","modified_gmt":"2025-09-15T22:24:31","slug":"somlos-spik","status":"publish","type":"product","link":"https:\/\/keluvo.com\/se\/product\/somlos-spik\/","title":{"rendered":"S\u00f6ml\u00f6s spik"},"content":{"rendered":"<h2 style=\"text-align: center\" data-start=\"0\" data-end=\"32\">H\u00e5llbar och rostbest\u00e4ndig<\/h2>\n<p class=\"\" style=\"text-align: center\" data-start=\"33\" data-end=\"288\">Den s\u00f6ml\u00f6sa spiken \u00e4r tillverkad av h\u00f6gkvalitativt galvaniserat st\u00e5l, vilket s\u00e4kerst\u00e4ller att den motst\u00e5r rost och b\u00f6jning. Det h\u00e5llbara materialet g\u00f6r att spiken beh\u00e5ller sin form \u00e4ven under tung anv\u00e4ndning, vilket ger l\u00e5ngsiktig tillf\u00f6rlitlighet f\u00f6r alla dina renoveringsprojekt.<\/p>\n<p data-start=\"33\" data-end=\"288\"><img decoding=\"async\" class=\"alignnone size-medium wp-image-13480 aligncenter\" src=\"https:\/\/keluvo.com\/template\/wp-content\/uploads\/sites\/5\/2025\/04\/Sc5a63267f92646b683c71817a4678afcd.jpg_960x960q75.jpg_.jpeg\" alt=\"\" \/><\/p>\n<h2 style=\"text-align: center\" data-start=\"290\" data-end=\"313\">Enkel installation<\/h2>\n<p class=\"\" style=\"text-align: center\" data-start=\"314\" data-end=\"571\">Med den speciella hylsan som \u00e4r utformad f\u00f6r den s\u00f6ml\u00f6sa spiken kan du enkelt s\u00e4tta in och s\u00e4kra den utan att beh\u00f6va en hammare eller borr. S\u00e4tt bara in spiken i hylsan och tryck p\u00e5 handtaget f\u00f6r att f\u00e4sta den p\u00e5 plats, vilket g\u00f6r installationen snabb och problemfri.<\/p>\n<p data-start=\"314\" data-end=\"571\"><img decoding=\"async\" class=\"alignnone size-medium wp-image-13477 aligncenter\" src=\"https:\/\/keluvo.com\/template\/wp-content\/uploads\/sites\/5\/2025\/04\/S1d795ef37c1f4f8dbfbf9ae64f871fe0Y.jpg_960x960q75.jpg_.jpeg\" alt=\"\" \/><\/p>\n","protected":false},"excerpt":{"rendered":"<p>H\u00e5llbar och rostbest\u00e4ndig Den s\u00f6ml\u00f6sa spiken \u00e4r tillverkad av h\u00f6gkvalitativt galvaniserat st\u00e5l, vilket s\u00e4kerst\u00e4ller att den motst\u00e5r rost och b\u00f6jning. [&hellip;]<\/p>\n","protected":false},"featured_media":25814,"comment_status":"open","ping_status":"closed","template":"","meta":{"site-sidebar-layout":"default","site-content-layout":"","ast-site-content-layout":"default","site-content-style":"default","site-sidebar-style":"default","ast-global-header-display":"","ast-banner-title-visibility":"","ast-main-header-display":"","ast-hfb-above-header-display":"","ast-hfb-below-header-display":"","ast-hfb-mobile-header-display":"","site-post-title":"","ast-breadcrumbs-content":"","ast-featured-img":"","footer-sml-layout":"","theme-transparent-header-meta":"default","adv-header-id-meta":"","stick-header-meta":"","header-above-stick-meta":"","header-main-stick-meta":"","header-below-stick-meta":"","astra-migrate-meta-layouts":"set","ast-page-background-enabled":"default","ast-page-background-meta":{"desktop":{"background-color":"var(--ast-global-color-4)","background-image":"","background-repeat":"repeat","background-position":"center center","background-size":"auto","background-attachment":"scroll","background-type":"","background-media":"","overlay-type":"","overlay-color":"","overlay-opacity":"","overlay-gradient":""},"tablet":{"background-color":"","background-image":"","background-repeat":"repeat","background-position":"center center","background-size":"auto","background-attachment":"scroll","background-type":"","background-media":"","overlay-type":"","overlay-color":"","overlay-opacity":"","overlay-gradient":""},"mobile":{"background-color":"","background-image":"","background-repeat":"repeat","background-position":"center center","background-size":"auto","background-attachment":"scroll","background-type":"","background-media":"","overlay-type":"","overlay-color":"","overlay-opacity":"","overlay-gradient":""}},"ast-content-background-meta":{"desktop":{"background-color":"var(--ast-global-color-5)","background-image":"","background-repeat":"repeat","background-position":"center center","background-size":"auto","background-attachment":"scroll","background-type":"","background-media":"","overlay-type":"","overlay-color":"","overlay-opacity":"","overlay-gradient":""},"tablet":{"background-color":"var(--ast-global-color-5)","background-image":"","background-repeat":"repeat","background-position":"center center","background-size":"auto","background-attachment":"scroll","background-type":"","background-media":"","overlay-type":"","overlay-color":"","overlay-opacity":"","overlay-gradient":""},"mobile":{"background-color":"var(--ast-global-color-5)","background-image":"","background-repeat":"repeat","background-position":"center center","background-size":"auto","background-attachment":"scroll","background-type":"","background-media":"","overlay-type":"","overlay-color":"","overlay-opacity":"","overlay-gradient":""}}},"product_brand":[],"product_cat":[993],"product_tag":[],"class_list":{"0":"post-25818","1":"product","2":"type-product","3":"status-publish","4":"has-post-thumbnail","6":"product_cat-footwear-accessories","7":"pa_29930_1bwkgnav-50-st","8":"pa_29930_1bwkgnav-100-st","9":"desktop-align-left","10":"tablet-align-left","11":"mobile-align-left","13":"first","14":"instock","15":"shipping-taxable","16":"purchasable","17":"product-type-variable"},"_links":{"self":[{"href":"https:\/\/keluvo.com\/se\/wp-json\/wp\/v2\/product\/25818","targetHints":{"allow":["GET"]}}],"collection":[{"href":"https:\/\/keluvo.com\/se\/wp-json\/wp\/v2\/product"}],"about":[{"href":"https:\/\/keluvo.com\/se\/wp-json\/wp\/v2\/types\/product"}],"replies":[{"embeddable":true,"href":"https:\/\/keluvo.com\/se\/wp-json\/wp\/v2\/comments?post=25818"}],"wp:featuredmedia":[{"embeddable":true,"href":"https:\/\/keluvo.com\/se\/wp-json\/wp\/v2\/media\/25814"}],"wp:attachment":[{"href":"https:\/\/keluvo.com\/se\/wp-json\/wp\/v2\/media?parent=25818"}],"wp:term":[{"taxonomy":"product_brand","embeddable":true,"href":"https:\/\/keluvo.com\/se\/wp-json\/wp\/v2\/product_brand?post=25818"},{"taxonomy":"product_cat","embeddable":true,"href":"https:\/\/keluvo.com\/se\/wp-json\/wp\/v2\/product_cat?post=25818"},{"taxonomy":"product_tag","embeddable":true,"href":"https:\/\/keluvo.com\/se\/wp-json\/wp\/v2\/product_tag?post=25818"}],"curies":[{"name":"wp","href":"https:\/\/api.w.org\/{rel}","templated":true}]}}