{"id":25801,"date":"2025-09-09T16:39:07","date_gmt":"2025-09-09T13:39:07","guid":{"rendered":"https:\/\/keluvo.com\/se\/product\/skrapa-kartan\/"},"modified":"2025-09-09T16:39:12","modified_gmt":"2025-09-09T13:39:12","slug":"skrapa-kartan","status":"publish","type":"product","link":"https:\/\/keluvo.com\/se\/product\/skrapa-kartan\/","title":{"rendered":"Skrapa kartan"},"content":{"rendered":"<h2 style=\"text-align: center\">Sp\u00e5ra dina rese\u00e4ventyr<\/h2>\n<p style=\"text-align: center\">Med skrapkartan kan du spela in dina resor genom att skrapa bort det guldbelagda lagret f\u00f6r att avsl\u00f6ja livfulla f\u00e4rger under. Markera de l\u00e4nder och platser som du har bes\u00f6kt p\u00e5 ett roligt och interaktivt s\u00e4tt. Det \u00e4r en perfekt minnessak f\u00f6r rese\u00e4lskare.<\/p>\n<p><img decoding=\"async\" class=\"alignnone size-medium wp-image-9237 aligncenter\" src=\"https:\/\/keluvo.com\/template\/wp-content\/uploads\/sites\/5\/2025\/01\/20c5d89e-f901-4b22-a287-6a7833fbb84e.webp\" alt=\"\" \/><\/p>\n<h2 style=\"text-align: center\">H\u00f6gkvalitativ Kraftpappersdesign<\/h2>\n<p style=\"text-align: center\">Skrapkartan \u00e4r tillverkad av h\u00e5llbart kraftpapper och har en guldpl\u00e4terad bel\u00e4ggning som \u00e4r l\u00e4tt att skrapa bort. Dess tydliga och detaljerade design ger en komplett bild av v\u00e4rlden, vilket g\u00f6r den b\u00e5de funktionell och dekorativ f\u00f6r ditt hem eller kontor.<\/p>\n<p><img decoding=\"async\" class=\"alignnone size-medium wp-image-9234 aligncenter\" src=\"https:\/\/keluvo.com\/template\/wp-content\/uploads\/sites\/5\/2025\/01\/1d9d0533-7c53-407b-97d3-6e40ccd2ea22.webp\" alt=\"\" \/><\/p>\n","protected":false},"excerpt":{"rendered":"<p>Sp\u00e5ra dina rese\u00e4ventyr Med skrapkartan kan du spela in dina resor genom att skrapa bort det guldbelagda lagret f\u00f6r att [&hellip;]<\/p>\n","protected":false},"featured_media":25797,"comment_status":"open","ping_status":"closed","template":"","meta":{"site-sidebar-layout":"default","site-content-layout":"","ast-site-content-layout":"default","site-content-style":"default","site-sidebar-style":"default","ast-global-header-display":"","ast-banner-title-visibility":"","ast-main-header-display":"","ast-hfb-above-header-display":"","ast-hfb-below-header-display":"","ast-hfb-mobile-header-display":"","site-post-title":"","ast-breadcrumbs-content":"","ast-featured-img":"","footer-sml-layout":"","theme-transparent-header-meta":"default","adv-header-id-meta":"","stick-header-meta":"","header-above-stick-meta":"","header-main-stick-meta":"","header-below-stick-meta":"","astra-migrate-meta-layouts":"set","ast-page-background-enabled":"default","ast-page-background-meta":{"desktop":{"background-color":"var(--ast-global-color-4)","background-image":"","background-repeat":"repeat","background-position":"center center","background-size":"auto","background-attachment":"scroll","background-type":"","background-media":"","overlay-type":"","overlay-color":"","overlay-opacity":"","overlay-gradient":""},"tablet":{"background-color":"","background-image":"","background-repeat":"repeat","background-position":"center center","background-size":"auto","background-attachment":"scroll","background-type":"","background-media":"","overlay-type":"","overlay-color":"","overlay-opacity":"","overlay-gradient":""},"mobile":{"background-color":"","background-image":"","background-repeat":"repeat","background-position":"center center","background-size":"auto","background-attachment":"scroll","background-type":"","background-media":"","overlay-type":"","overlay-color":"","overlay-opacity":"","overlay-gradient":""}},"ast-content-background-meta":{"desktop":{"background-color":"var(--ast-global-color-5)","background-image":"","background-repeat":"repeat","background-position":"center center","background-size":"auto","background-attachment":"scroll","background-type":"","background-media":"","overlay-type":"","overlay-color":"","overlay-opacity":"","overlay-gradient":""},"tablet":{"background-color":"var(--ast-global-color-5)","background-image":"","background-repeat":"repeat","background-position":"center center","background-size":"auto","background-attachment":"scroll","background-type":"","background-media":"","overlay-type":"","overlay-color":"","overlay-opacity":"","overlay-gradient":""},"mobile":{"background-color":"var(--ast-global-color-5)","background-image":"","background-repeat":"repeat","background-position":"center center","background-size":"auto","background-attachment":"scroll","background-type":"","background-media":"","overlay-type":"","overlay-color":"","overlay-opacity":"","overlay-gradient":""}}},"product_brand":[],"product_cat":[993],"product_tag":[],"class_list":{"0":"post-25801","1":"product","2":"type-product","3":"status-publish","4":"has-post-thumbnail","6":"product_cat-footwear-accessories","7":"pa_44265_5zqu6xol-30x42cm","8":"pa_44265_5zqu6xol-58x83cm","9":"desktop-align-left","10":"tablet-align-left","11":"mobile-align-left","13":"first","14":"instock","15":"shipping-taxable","16":"purchasable","17":"product-type-variable"},"_links":{"self":[{"href":"https:\/\/keluvo.com\/se\/wp-json\/wp\/v2\/product\/25801","targetHints":{"allow":["GET"]}}],"collection":[{"href":"https:\/\/keluvo.com\/se\/wp-json\/wp\/v2\/product"}],"about":[{"href":"https:\/\/keluvo.com\/se\/wp-json\/wp\/v2\/types\/product"}],"replies":[{"embeddable":true,"href":"https:\/\/keluvo.com\/se\/wp-json\/wp\/v2\/comments?post=25801"}],"wp:featuredmedia":[{"embeddable":true,"href":"https:\/\/keluvo.com\/se\/wp-json\/wp\/v2\/media\/25797"}],"wp:attachment":[{"href":"https:\/\/keluvo.com\/se\/wp-json\/wp\/v2\/media?parent=25801"}],"wp:term":[{"taxonomy":"product_brand","embeddable":true,"href":"https:\/\/keluvo.com\/se\/wp-json\/wp\/v2\/product_brand?post=25801"},{"taxonomy":"product_cat","embeddable":true,"href":"https:\/\/keluvo.com\/se\/wp-json\/wp\/v2\/product_cat?post=25801"},{"taxonomy":"product_tag","embeddable":true,"href":"https:\/\/keluvo.com\/se\/wp-json\/wp\/v2\/product_tag?post=25801"}],"curies":[{"name":"wp","href":"https:\/\/api.w.org\/{rel}","templated":true}]}}