{"id":25784,"date":"2025-09-09T16:38:32","date_gmt":"2025-09-09T13:38:32","guid":{"rendered":"https:\/\/keluvo.com\/se\/product\/roterande-kattleksak\/"},"modified":"2025-09-22T20:02:10","modified_gmt":"2025-09-22T17:02:10","slug":"roterande-kattleksak","status":"publish","type":"product","link":"https:\/\/keluvo.com\/se\/product\/roterande-kattleksak\/","title":{"rendered":"Roterande kattleksak"},"content":{"rendered":"<h2 style=\"text-align: center\">Rolig Och Engagerande Lek<\/h2>\n<p style=\"text-align: center\">Den roterande kattleksaken har f\u00e4rgglada fj\u00e4rilar och f\u00e5glar som snurrar i alla riktningar och h\u00e5ller din katt underh\u00e5llen i timmar. Den sp\u00e4nnande r\u00f6relsen f\u00e5ngar deras uppm\u00e4rksamhet och uppmuntrar dem att h\u00e5lla sig aktiva och glada. Det \u00e4r det perfekta s\u00e4ttet att h\u00e5lla ditt husdjur engagerat och samtidigt ha o\u00e4ndligt roligt.<\/p>\n<p><img decoding=\"async\" class=\"alignnone size-medium wp-image-9704 aligncenter\" src=\"https:\/\/keluvo.com\/template\/wp-content\/uploads\/sites\/5\/2025\/01\/Hf69b0226fda24c01bfa22b3ea5cb604d5.jpg_960x960q75.jpg_.jpeg\" alt=\"\" \/><\/p>\n<h2 style=\"text-align: center\">Skydda Ditt Hem<\/h2>\n<p style=\"text-align: center\">Den h\u00e4r leksaken \u00e4r utformad f\u00f6r att f\u00f6rhindra att katter krafsar p\u00e5 dina m\u00f6bler och golv. Genom att ge dem n\u00e5got interaktivt att leka med uppmuntrar den till h\u00e4lsosam klo\u00f6vning och st\u00f6der din katts naturliga instinkter. Den roterande kattleksaken bidrar till att skapa en rolig och s\u00e4ker milj\u00f6 f\u00f6r b\u00e5de ditt husdjur och ditt hem.<\/p>\n<p><img decoding=\"async\" class=\"alignnone size-medium wp-image-9706 aligncenter\" src=\"https:\/\/keluvo.com\/template\/wp-content\/uploads\/sites\/5\/2025\/01\/09c9e01e-f7b7-451e-8075-e0f664a85e8e.webp\" alt=\"\" \/><\/p>\n","protected":false},"excerpt":{"rendered":"<p>Rolig Och Engagerande Lek Den roterande kattleksaken har f\u00e4rgglada fj\u00e4rilar och f\u00e5glar som snurrar i alla riktningar och h\u00e5ller din [&hellip;]<\/p>\n","protected":false},"featured_media":25780,"comment_status":"open","ping_status":"closed","template":"","meta":{"site-sidebar-layout":"default","site-content-layout":"","ast-site-content-layout":"default","site-content-style":"default","site-sidebar-style":"default","ast-global-header-display":"","ast-banner-title-visibility":"","ast-main-header-display":"","ast-hfb-above-header-display":"","ast-hfb-below-header-display":"","ast-hfb-mobile-header-display":"","site-post-title":"","ast-breadcrumbs-content":"","ast-featured-img":"","footer-sml-layout":"","theme-transparent-header-meta":"default","adv-header-id-meta":"","stick-header-meta":"","header-above-stick-meta":"","header-main-stick-meta":"","header-below-stick-meta":"","astra-migrate-meta-layouts":"set","ast-page-background-enabled":"default","ast-page-background-meta":{"desktop":{"background-color":"var(--ast-global-color-4)","background-image":"","background-repeat":"repeat","background-position":"center center","background-size":"auto","background-attachment":"scroll","background-type":"","background-media":"","overlay-type":"","overlay-color":"","overlay-opacity":"","overlay-gradient":""},"tablet":{"background-color":"","background-image":"","background-repeat":"repeat","background-position":"center center","background-size":"auto","background-attachment":"scroll","background-type":"","background-media":"","overlay-type":"","overlay-color":"","overlay-opacity":"","overlay-gradient":""},"mobile":{"background-color":"","background-image":"","background-repeat":"repeat","background-position":"center center","background-size":"auto","background-attachment":"scroll","background-type":"","background-media":"","overlay-type":"","overlay-color":"","overlay-opacity":"","overlay-gradient":""}},"ast-content-background-meta":{"desktop":{"background-color":"var(--ast-global-color-5)","background-image":"","background-repeat":"repeat","background-position":"center center","background-size":"auto","background-attachment":"scroll","background-type":"","background-media":"","overlay-type":"","overlay-color":"","overlay-opacity":"","overlay-gradient":""},"tablet":{"background-color":"var(--ast-global-color-5)","background-image":"","background-repeat":"repeat","background-position":"center center","background-size":"auto","background-attachment":"scroll","background-type":"","background-media":"","overlay-type":"","overlay-color":"","overlay-opacity":"","overlay-gradient":""},"mobile":{"background-color":"var(--ast-global-color-5)","background-image":"","background-repeat":"repeat","background-position":"center center","background-size":"auto","background-attachment":"scroll","background-type":"","background-media":"","overlay-type":"","overlay-color":"","overlay-opacity":"","overlay-gradient":""}}},"product_brand":[],"product_cat":[997],"product_tag":[],"class_list":{"0":"post-25784","1":"product","2":"type-product","3":"status-publish","4":"has-post-thumbnail","6":"product_cat-pets-products","7":"pa_41857_b2jgo2aw-bee","8":"pa_41857_b2jgo2aw-fagel","9":"pa_41857_b2jgo2aw-fjarilar","10":"desktop-align-left","11":"tablet-align-left","12":"mobile-align-left","14":"first","15":"instock","16":"shipping-taxable","17":"purchasable","18":"product-type-variable"},"_links":{"self":[{"href":"https:\/\/keluvo.com\/se\/wp-json\/wp\/v2\/product\/25784","targetHints":{"allow":["GET"]}}],"collection":[{"href":"https:\/\/keluvo.com\/se\/wp-json\/wp\/v2\/product"}],"about":[{"href":"https:\/\/keluvo.com\/se\/wp-json\/wp\/v2\/types\/product"}],"replies":[{"embeddable":true,"href":"https:\/\/keluvo.com\/se\/wp-json\/wp\/v2\/comments?post=25784"}],"wp:featuredmedia":[{"embeddable":true,"href":"https:\/\/keluvo.com\/se\/wp-json\/wp\/v2\/media\/25780"}],"wp:attachment":[{"href":"https:\/\/keluvo.com\/se\/wp-json\/wp\/v2\/media?parent=25784"}],"wp:term":[{"taxonomy":"product_brand","embeddable":true,"href":"https:\/\/keluvo.com\/se\/wp-json\/wp\/v2\/product_brand?post=25784"},{"taxonomy":"product_cat","embeddable":true,"href":"https:\/\/keluvo.com\/se\/wp-json\/wp\/v2\/product_cat?post=25784"},{"taxonomy":"product_tag","embeddable":true,"href":"https:\/\/keluvo.com\/se\/wp-json\/wp\/v2\/product_tag?post=25784"}],"curies":[{"name":"wp","href":"https:\/\/api.w.org\/{rel}","templated":true}]}}