{"id":25765,"date":"2025-09-09T16:37:52","date_gmt":"2025-09-09T13:37:52","guid":{"rendered":"https:\/\/keluvo.com\/se\/product\/smart-kontakt\/"},"modified":"2025-09-09T16:38:02","modified_gmt":"2025-09-09T13:38:02","slug":"smart-kontakt","status":"publish","type":"product","link":"https:\/\/keluvo.com\/se\/product\/smart-kontakt\/","title":{"rendered":"Smart kontakt"},"content":{"rendered":"<h2 class=\"\" style=\"text-align: center\" data-start=\"0\" data-end=\"24\">Enkel fj\u00e4rrkontroll<\/h2>\n<p class=\"\" style=\"text-align: center\" data-start=\"25\" data-end=\"190\">Den smarta kontakten fungerar med 433Mhz tr\u00e5dl\u00f6s kontroll. Du kan sl\u00e5 p\u00e5 eller st\u00e4nga av dina enheter p\u00e5 avst\u00e5nd. Den st\u00f6der upp till 20 fj\u00e4rrkontroller, s\u00e5 att hela familjen kan anv\u00e4nda den.<\/p>\n<p data-start=\"25\" data-end=\"190\"><img decoding=\"async\" class=\"alignnone size-medium wp-image-13641 aligncenter\" src=\"https:\/\/keluvo.com\/template\/wp-content\/uploads\/sites\/5\/2025\/04\/WhatsApp-Image-2025-04-08-at-09.45.12_dc7464af.jpg\" alt=\"\" \/><\/p>\n<h2 class=\"\" style=\"text-align: center\" data-start=\"192\" data-end=\"218\">Stark och s\u00e4ker str\u00f6m<\/h2>\n<p class=\"\" style=\"text-align: center\" data-start=\"219\" data-end=\"385\">Den h\u00e4r smarta kontakten st\u00f6der upp till 15A, vilket g\u00f6r den s\u00e4ker f\u00f6r de flesta hush\u00e5llsenheter som fl\u00e4ktar och lampor. Den f\u00f6rblir avst\u00e4ngd som standard n\u00e4r str\u00f6mmen kommer tillbaka, vilket ger dig extra s\u00e4kerhet.<\/p>\n<p data-start=\"219\" data-end=\"385\"><img decoding=\"async\" class=\"alignnone size-medium wp-image-13638 aligncenter\" src=\"https:\/\/keluvo.com\/template\/wp-content\/uploads\/sites\/5\/2025\/04\/WhatsApp-Image-2025-04-08-at-09.45.25_1c00dbca.jpg\" alt=\"\" \/><\/p>\n","protected":false},"excerpt":{"rendered":"<p>Enkel fj\u00e4rrkontroll Den smarta kontakten fungerar med 433Mhz tr\u00e5dl\u00f6s kontroll. Du kan sl\u00e5 p\u00e5 eller st\u00e4nga av dina enheter p\u00e5 [&hellip;]<\/p>\n","protected":false},"featured_media":25761,"comment_status":"open","ping_status":"closed","template":"","meta":{"site-sidebar-layout":"default","site-content-layout":"","ast-site-content-layout":"default","site-content-style":"default","site-sidebar-style":"default","ast-global-header-display":"","ast-banner-title-visibility":"","ast-main-header-display":"","ast-hfb-above-header-display":"","ast-hfb-below-header-display":"","ast-hfb-mobile-header-display":"","site-post-title":"","ast-breadcrumbs-content":"","ast-featured-img":"","footer-sml-layout":"","theme-transparent-header-meta":"default","adv-header-id-meta":"","stick-header-meta":"","header-above-stick-meta":"","header-main-stick-meta":"","header-below-stick-meta":"","astra-migrate-meta-layouts":"set","ast-page-background-enabled":"default","ast-page-background-meta":{"desktop":{"background-color":"var(--ast-global-color-4)","background-image":"","background-repeat":"repeat","background-position":"center center","background-size":"auto","background-attachment":"scroll","background-type":"","background-media":"","overlay-type":"","overlay-color":"","overlay-opacity":"","overlay-gradient":""},"tablet":{"background-color":"","background-image":"","background-repeat":"repeat","background-position":"center center","background-size":"auto","background-attachment":"scroll","background-type":"","background-media":"","overlay-type":"","overlay-color":"","overlay-opacity":"","overlay-gradient":""},"mobile":{"background-color":"","background-image":"","background-repeat":"repeat","background-position":"center center","background-size":"auto","background-attachment":"scroll","background-type":"","background-media":"","overlay-type":"","overlay-color":"","overlay-opacity":"","overlay-gradient":""}},"ast-content-background-meta":{"desktop":{"background-color":"var(--ast-global-color-5)","background-image":"","background-repeat":"repeat","background-position":"center center","background-size":"auto","background-attachment":"scroll","background-type":"","background-media":"","overlay-type":"","overlay-color":"","overlay-opacity":"","overlay-gradient":""},"tablet":{"background-color":"var(--ast-global-color-5)","background-image":"","background-repeat":"repeat","background-position":"center center","background-size":"auto","background-attachment":"scroll","background-type":"","background-media":"","overlay-type":"","overlay-color":"","overlay-opacity":"","overlay-gradient":""},"mobile":{"background-color":"var(--ast-global-color-5)","background-image":"","background-repeat":"repeat","background-position":"center center","background-size":"auto","background-attachment":"scroll","background-type":"","background-media":"","overlay-type":"","overlay-color":"","overlay-opacity":"","overlay-gradient":""}}},"product_brand":[],"product_cat":[15],"product_tag":[],"class_list":{"0":"post-25765","1":"product","2":"type-product","3":"status-publish","4":"has-post-thumbnail","6":"product_cat-uncategorized","7":"pa_19806_aajm5t7m-a","8":"pa_19806_aajm5t7m-b","9":"pa_19806_aajm5t7m-c","10":"desktop-align-left","11":"tablet-align-left","12":"mobile-align-left","14":"first","15":"instock","16":"shipping-taxable","17":"purchasable","18":"product-type-variable"},"_links":{"self":[{"href":"https:\/\/keluvo.com\/se\/wp-json\/wp\/v2\/product\/25765","targetHints":{"allow":["GET"]}}],"collection":[{"href":"https:\/\/keluvo.com\/se\/wp-json\/wp\/v2\/product"}],"about":[{"href":"https:\/\/keluvo.com\/se\/wp-json\/wp\/v2\/types\/product"}],"replies":[{"embeddable":true,"href":"https:\/\/keluvo.com\/se\/wp-json\/wp\/v2\/comments?post=25765"}],"wp:featuredmedia":[{"embeddable":true,"href":"https:\/\/keluvo.com\/se\/wp-json\/wp\/v2\/media\/25761"}],"wp:attachment":[{"href":"https:\/\/keluvo.com\/se\/wp-json\/wp\/v2\/media?parent=25765"}],"wp:term":[{"taxonomy":"product_brand","embeddable":true,"href":"https:\/\/keluvo.com\/se\/wp-json\/wp\/v2\/product_brand?post=25765"},{"taxonomy":"product_cat","embeddable":true,"href":"https:\/\/keluvo.com\/se\/wp-json\/wp\/v2\/product_cat?post=25765"},{"taxonomy":"product_tag","embeddable":true,"href":"https:\/\/keluvo.com\/se\/wp-json\/wp\/v2\/product_tag?post=25765"}],"curies":[{"name":"wp","href":"https:\/\/api.w.org\/{rel}","templated":true}]}}