{"id":25702,"date":"2025-09-09T16:35:59","date_gmt":"2025-09-09T13:35:59","guid":{"rendered":"https:\/\/keluvo.com\/se\/product\/golvmatta-av-skumplast-10-st\/"},"modified":"2025-09-09T16:36:15","modified_gmt":"2025-09-09T13:36:15","slug":"golvmatta-av-skumplast-10-st","status":"publish","type":"product","link":"https:\/\/keluvo.com\/se\/product\/golvmatta-av-skumplast-10-st\/","title":{"rendered":"Golvmatta av skumplast (10 st)"},"content":{"rendered":"<h2 style=\"text-align: center\">Mjuk Och Bekv\u00e4m Yta<\/h2>\n<p style=\"text-align: center\">Skumgolvmattorna \u00e4r tillverkade av EVA-skum och t\u00e4ckta med plyschkorallfleece, vilket ger en mjuk och mysig yta. De \u00e4r perfekta f\u00f6r sovrum, lekrum eller barnkammare och ger barnen en bekv\u00e4m plats att leka eller koppla av p\u00e5, s\u00e4rskilt under de kallare m\u00e5naderna.<\/p>\n<p><img decoding=\"async\" class=\"alignnone size-medium wp-image-7462 aligncenter\" src=\"https:\/\/keluvo.com\/template\/wp-content\/uploads\/sites\/5\/2025\/01\/S98426b2953b047c782321141194be8765.jpg_960x960q75.jpg_.webp\" \/><\/p>\n<h2 style=\"text-align: center\">L\u00e4tt Att Montera Och Anpassa<\/h2>\n<p style=\"text-align: center\">Golvmattorna i skumplast har en sammankopplad design och kan enkelt arrangeras som ett pussel f\u00f6r att passa alla utrymmen. Med de medf\u00f6ljande kantbitarna passar mattorna s\u00f6ml\u00f6st mot v\u00e4ggar, vilket skapar ett rent och polerat utseende utan behov av kapning.<\/p>\n<p><img decoding=\"async\" class=\"alignnone size-medium wp-image-7463 aligncenter\" src=\"https:\/\/keluvo.com\/template\/wp-content\/uploads\/sites\/5\/2025\/01\/S6817d72607df4d929331b176d68c5c40x.jpg_960x960q75.jpg_.webp\" \/><\/p>\n","protected":false},"excerpt":{"rendered":"<p>Mjuk Och Bekv\u00e4m Yta Skumgolvmattorna \u00e4r tillverkade av EVA-skum och t\u00e4ckta med plyschkorallfleece, vilket ger en mjuk och mysig yta. [&hellip;]<\/p>\n","protected":false},"featured_media":25698,"comment_status":"open","ping_status":"closed","template":"","meta":{"site-sidebar-layout":"default","site-content-layout":"","ast-site-content-layout":"default","site-content-style":"default","site-sidebar-style":"default","ast-global-header-display":"","ast-banner-title-visibility":"","ast-main-header-display":"","ast-hfb-above-header-display":"","ast-hfb-below-header-display":"","ast-hfb-mobile-header-display":"","site-post-title":"","ast-breadcrumbs-content":"","ast-featured-img":"","footer-sml-layout":"","theme-transparent-header-meta":"default","adv-header-id-meta":"","stick-header-meta":"","header-above-stick-meta":"","header-main-stick-meta":"","header-below-stick-meta":"","astra-migrate-meta-layouts":"set","ast-page-background-enabled":"default","ast-page-background-meta":{"desktop":{"background-color":"var(--ast-global-color-4)","background-image":"","background-repeat":"repeat","background-position":"center center","background-size":"auto","background-attachment":"scroll","background-type":"","background-media":"","overlay-type":"","overlay-color":"","overlay-opacity":"","overlay-gradient":""},"tablet":{"background-color":"","background-image":"","background-repeat":"repeat","background-position":"center center","background-size":"auto","background-attachment":"scroll","background-type":"","background-media":"","overlay-type":"","overlay-color":"","overlay-opacity":"","overlay-gradient":""},"mobile":{"background-color":"","background-image":"","background-repeat":"repeat","background-position":"center center","background-size":"auto","background-attachment":"scroll","background-type":"","background-media":"","overlay-type":"","overlay-color":"","overlay-opacity":"","overlay-gradient":""}},"ast-content-background-meta":{"desktop":{"background-color":"var(--ast-global-color-5)","background-image":"","background-repeat":"repeat","background-position":"center center","background-size":"auto","background-attachment":"scroll","background-type":"","background-media":"","overlay-type":"","overlay-color":"","overlay-opacity":"","overlay-gradient":""},"tablet":{"background-color":"var(--ast-global-color-5)","background-image":"","background-repeat":"repeat","background-position":"center center","background-size":"auto","background-attachment":"scroll","background-type":"","background-media":"","overlay-type":"","overlay-color":"","overlay-opacity":"","overlay-gradient":""},"mobile":{"background-color":"var(--ast-global-color-5)","background-image":"","background-repeat":"repeat","background-position":"center center","background-size":"auto","background-attachment":"scroll","background-type":"","background-media":"","overlay-type":"","overlay-color":"","overlay-opacity":"","overlay-gradient":""}}},"product_brand":[],"product_cat":[1001],"product_tag":[],"class_list":{"0":"post-25702","1":"product","2":"type-product","3":"status-publish","4":"has-post-thumbnail","6":"product_cat-household-goods","7":"pa_45781_i1she7sv-bla-vit","8":"pa_45781_i1she7sv-brun-vit","9":"pa_45781_i1she7sv-gra","10":"pa_45781_i1she7sv-gron-vit","11":"pa_45781_i1she7sv-rodrosa","12":"pa_45781_i1she7sv-rosa","13":"pa_45781_i1she7sv-vit","14":"desktop-align-left","15":"tablet-align-left","16":"mobile-align-left","18":"first","19":"instock","20":"shipping-taxable","21":"purchasable","22":"product-type-variable"},"_links":{"self":[{"href":"https:\/\/keluvo.com\/se\/wp-json\/wp\/v2\/product\/25702","targetHints":{"allow":["GET"]}}],"collection":[{"href":"https:\/\/keluvo.com\/se\/wp-json\/wp\/v2\/product"}],"about":[{"href":"https:\/\/keluvo.com\/se\/wp-json\/wp\/v2\/types\/product"}],"replies":[{"embeddable":true,"href":"https:\/\/keluvo.com\/se\/wp-json\/wp\/v2\/comments?post=25702"}],"wp:featuredmedia":[{"embeddable":true,"href":"https:\/\/keluvo.com\/se\/wp-json\/wp\/v2\/media\/25698"}],"wp:attachment":[{"href":"https:\/\/keluvo.com\/se\/wp-json\/wp\/v2\/media?parent=25702"}],"wp:term":[{"taxonomy":"product_brand","embeddable":true,"href":"https:\/\/keluvo.com\/se\/wp-json\/wp\/v2\/product_brand?post=25702"},{"taxonomy":"product_cat","embeddable":true,"href":"https:\/\/keluvo.com\/se\/wp-json\/wp\/v2\/product_cat?post=25702"},{"taxonomy":"product_tag","embeddable":true,"href":"https:\/\/keluvo.com\/se\/wp-json\/wp\/v2\/product_tag?post=25702"}],"curies":[{"name":"wp","href":"https:\/\/api.w.org\/{rel}","templated":true}]}}