{"id":25683,"date":"2025-09-09T16:35:20","date_gmt":"2025-09-09T13:35:20","guid":{"rendered":"https:\/\/keluvo.com\/se\/product\/flaskborste\/"},"modified":"2025-09-16T01:25:21","modified_gmt":"2025-09-15T22:25:21","slug":"flaskborste","status":"publish","type":"product","link":"https:\/\/keluvo.com\/se\/product\/flaskborste\/","title":{"rendered":"Flaskborste"},"content":{"rendered":"<h2 style=\"text-align: center\">3-i-1 Reng\u00f6ringskraft<\/h2>\n<p style=\"text-align: center\">Flaskborsten levereras med tre unika borsthuvuden f\u00f6r att hantera alla dina reng\u00f6ringsbehov. Den U-formade silikonborsten \u00e4r perfekt f\u00f6r reng\u00f6ring av flaskans kanter, medan den flerstr\u00e4ngade slitsborsten n\u00e5r in i smala luckor. Vinkelborsten med borst garanterar noggrann reng\u00f6ring av sv\u00e5r\u00e5tkomliga h\u00f6rn, vilket g\u00f6r detta till en allt-i-ett-reng\u00f6ringsl\u00f6sning.<\/p>\n<p><img decoding=\"async\" class=\"alignnone size-medium wp-image-9731 aligncenter\" src=\"https:\/\/keluvo.com\/template\/wp-content\/uploads\/sites\/5\/2025\/01\/S626b70ffdfa9482aba64847f2dba573dU.jpg_960x960q75.jpg_.jpeg\" alt=\"\" \/><\/p>\n<h2 style=\"text-align: center\">H\u00e5llbar och V\u00e4rmet\u00e5lig<\/h2>\n<p style=\"text-align: center\">Flaskborsten \u00e4r tillverkad av h\u00f6gkvalitativ PP och silikon och \u00e4r byggd f\u00f6r att h\u00e5lla och klarar temperaturer upp till 80\u00b0C. Den \u00e4r s\u00e4ker, tv\u00e4ttbar och motst\u00e5ndskraftig mot brott, vilket garanterar tillf\u00f6rlitlig anv\u00e4ndning f\u00f6r en m\u00e4ngd olika reng\u00f6ringsuppgifter. Ett h\u00e5llbart verktyg som du kan lita p\u00e5 f\u00f6r daglig anv\u00e4ndning.<\/p>\n<p><img decoding=\"async\" class=\"alignnone size-medium wp-image-9732 aligncenter\" src=\"https:\/\/keluvo.com\/template\/wp-content\/uploads\/sites\/5\/2025\/01\/S3d7b618c2759426bb6f2f492cefc434cA.jpg_960x960q75.jpg_.jpeg\" alt=\"\" \/><\/p>\n","protected":false},"excerpt":{"rendered":"<p>3-i-1 Reng\u00f6ringskraft Flaskborsten levereras med tre unika borsthuvuden f\u00f6r att hantera alla dina reng\u00f6ringsbehov. Den U-formade silikonborsten \u00e4r perfekt f\u00f6r [&hellip;]<\/p>\n","protected":false},"featured_media":25679,"comment_status":"open","ping_status":"closed","template":"","meta":{"site-sidebar-layout":"default","site-content-layout":"","ast-site-content-layout":"default","site-content-style":"default","site-sidebar-style":"default","ast-global-header-display":"","ast-banner-title-visibility":"","ast-main-header-display":"","ast-hfb-above-header-display":"","ast-hfb-below-header-display":"","ast-hfb-mobile-header-display":"","site-post-title":"","ast-breadcrumbs-content":"","ast-featured-img":"","footer-sml-layout":"","theme-transparent-header-meta":"default","adv-header-id-meta":"","stick-header-meta":"","header-above-stick-meta":"","header-main-stick-meta":"","header-below-stick-meta":"","astra-migrate-meta-layouts":"set","ast-page-background-enabled":"default","ast-page-background-meta":{"desktop":{"background-color":"var(--ast-global-color-4)","background-image":"","background-repeat":"repeat","background-position":"center center","background-size":"auto","background-attachment":"scroll","background-type":"","background-media":"","overlay-type":"","overlay-color":"","overlay-opacity":"","overlay-gradient":""},"tablet":{"background-color":"","background-image":"","background-repeat":"repeat","background-position":"center center","background-size":"auto","background-attachment":"scroll","background-type":"","background-media":"","overlay-type":"","overlay-color":"","overlay-opacity":"","overlay-gradient":""},"mobile":{"background-color":"","background-image":"","background-repeat":"repeat","background-position":"center center","background-size":"auto","background-attachment":"scroll","background-type":"","background-media":"","overlay-type":"","overlay-color":"","overlay-opacity":"","overlay-gradient":""}},"ast-content-background-meta":{"desktop":{"background-color":"var(--ast-global-color-5)","background-image":"","background-repeat":"repeat","background-position":"center center","background-size":"auto","background-attachment":"scroll","background-type":"","background-media":"","overlay-type":"","overlay-color":"","overlay-opacity":"","overlay-gradient":""},"tablet":{"background-color":"var(--ast-global-color-5)","background-image":"","background-repeat":"repeat","background-position":"center center","background-size":"auto","background-attachment":"scroll","background-type":"","background-media":"","overlay-type":"","overlay-color":"","overlay-opacity":"","overlay-gradient":""},"mobile":{"background-color":"var(--ast-global-color-5)","background-image":"","background-repeat":"repeat","background-position":"center center","background-size":"auto","background-attachment":"scroll","background-type":"","background-media":"","overlay-type":"","overlay-color":"","overlay-opacity":"","overlay-gradient":""}}},"product_brand":[],"product_cat":[996],"product_tag":[],"class_list":{"0":"post-25683","1":"product","2":"type-product","3":"status-publish","4":"has-post-thumbnail","6":"product_cat-tools","7":"pa_42927_jc1ond2z-bla","8":"pa_42927_jc1ond2z-gron","9":"pa_42927_jc1ond2z-svart","10":"desktop-align-left","11":"tablet-align-left","12":"mobile-align-left","14":"first","15":"instock","16":"shipping-taxable","17":"purchasable","18":"product-type-variable"},"_links":{"self":[{"href":"https:\/\/keluvo.com\/se\/wp-json\/wp\/v2\/product\/25683","targetHints":{"allow":["GET"]}}],"collection":[{"href":"https:\/\/keluvo.com\/se\/wp-json\/wp\/v2\/product"}],"about":[{"href":"https:\/\/keluvo.com\/se\/wp-json\/wp\/v2\/types\/product"}],"replies":[{"embeddable":true,"href":"https:\/\/keluvo.com\/se\/wp-json\/wp\/v2\/comments?post=25683"}],"wp:featuredmedia":[{"embeddable":true,"href":"https:\/\/keluvo.com\/se\/wp-json\/wp\/v2\/media\/25679"}],"wp:attachment":[{"href":"https:\/\/keluvo.com\/se\/wp-json\/wp\/v2\/media?parent=25683"}],"wp:term":[{"taxonomy":"product_brand","embeddable":true,"href":"https:\/\/keluvo.com\/se\/wp-json\/wp\/v2\/product_brand?post=25683"},{"taxonomy":"product_cat","embeddable":true,"href":"https:\/\/keluvo.com\/se\/wp-json\/wp\/v2\/product_cat?post=25683"},{"taxonomy":"product_tag","embeddable":true,"href":"https:\/\/keluvo.com\/se\/wp-json\/wp\/v2\/product_tag?post=25683"}],"curies":[{"name":"wp","href":"https:\/\/api.w.org\/{rel}","templated":true}]}}