{"id":25627,"date":"2025-09-09T16:33:42","date_gmt":"2025-09-09T13:33:42","guid":{"rendered":"https:\/\/keluvo.com\/se\/product\/armband-med-zodiakstenar\/"},"modified":"2025-09-16T01:26:05","modified_gmt":"2025-09-15T22:26:05","slug":"armband-med-zodiakstenar","status":"publish","type":"product","link":"https:\/\/keluvo.com\/se\/product\/armband-med-zodiakstenar\/","title":{"rendered":"Armband med zodiakstenar"},"content":{"rendered":"<h2 style=\"text-align: center\">Personlig Zodiakdesign<\/h2>\n<p style=\"text-align: center\">Armbandet med zodiakstenar \u00e4r utformat f\u00f6r att \u00e5terspegla ditt unika astrologiska tecken. Med symbolerna f\u00f6r de 12 stj\u00e4rntecknen \u00e4r det en meningsfull accessoar som kopplar samman dig med ditt stj\u00e4rntecken. Armbandet \u00e4r perfekt f\u00f6r att ge en personlig touch till din vardagslook.<\/p>\n<p><img decoding=\"async\" class=\"alignnone size-medium wp-image-8885 aligncenter\" src=\"https:\/\/keluvo.com\/template\/wp-content\/uploads\/sites\/5\/2025\/01\/a6c8fb53-59f4-41eb-93be-b82bc3b3d89b.webp\" alt=\"\" \/><\/p>\n<h2 style=\"text-align: center\">Naturstenar Av H\u00f6g Kvalitet<\/h2>\n<p style=\"text-align: center\">Armbandet \u00e4r tillverkat av 8 mm naturstensp\u00e4rlor och \u00e4r b\u00e5de h\u00e5llbart och elegant. Den sl\u00e4ta, polerade ytan p\u00e5 stenarna ger en bekv\u00e4m passform samtidigt som den visar upp deras naturliga sk\u00f6nhet. Det \u00e4r designat f\u00f6r l\u00e5ngvarigt slitage och tidl\u00f6s stil.<\/p>\n<p><img decoding=\"async\" class=\"alignnone size-medium wp-image-8896 aligncenter\" src=\"https:\/\/keluvo.com\/template\/wp-content\/uploads\/sites\/5\/2025\/01\/S6d4e897ed7a8407594182bbdb4f6d782T.jpg_960x960q75.jpg_.jpeg\" alt=\"\" \/><\/p>\n","protected":false},"excerpt":{"rendered":"<p>Personlig Zodiakdesign Armbandet med zodiakstenar \u00e4r utformat f\u00f6r att \u00e5terspegla ditt unika astrologiska tecken. Med symbolerna f\u00f6r de 12 stj\u00e4rntecknen [&hellip;]<\/p>\n","protected":false},"featured_media":25623,"comment_status":"open","ping_status":"closed","template":"","meta":{"site-sidebar-layout":"default","site-content-layout":"","ast-site-content-layout":"default","site-content-style":"default","site-sidebar-style":"default","ast-global-header-display":"","ast-banner-title-visibility":"","ast-main-header-display":"","ast-hfb-above-header-display":"","ast-hfb-below-header-display":"","ast-hfb-mobile-header-display":"","site-post-title":"","ast-breadcrumbs-content":"","ast-featured-img":"","footer-sml-layout":"","theme-transparent-header-meta":"default","adv-header-id-meta":"","stick-header-meta":"","header-above-stick-meta":"","header-main-stick-meta":"","header-below-stick-meta":"","astra-migrate-meta-layouts":"set","ast-page-background-enabled":"default","ast-page-background-meta":{"desktop":{"background-color":"var(--ast-global-color-4)","background-image":"","background-repeat":"repeat","background-position":"center center","background-size":"auto","background-attachment":"scroll","background-type":"","background-media":"","overlay-type":"","overlay-color":"","overlay-opacity":"","overlay-gradient":""},"tablet":{"background-color":"","background-image":"","background-repeat":"repeat","background-position":"center center","background-size":"auto","background-attachment":"scroll","background-type":"","background-media":"","overlay-type":"","overlay-color":"","overlay-opacity":"","overlay-gradient":""},"mobile":{"background-color":"","background-image":"","background-repeat":"repeat","background-position":"center center","background-size":"auto","background-attachment":"scroll","background-type":"","background-media":"","overlay-type":"","overlay-color":"","overlay-opacity":"","overlay-gradient":""}},"ast-content-background-meta":{"desktop":{"background-color":"var(--ast-global-color-5)","background-image":"","background-repeat":"repeat","background-position":"center center","background-size":"auto","background-attachment":"scroll","background-type":"","background-media":"","overlay-type":"","overlay-color":"","overlay-opacity":"","overlay-gradient":""},"tablet":{"background-color":"var(--ast-global-color-5)","background-image":"","background-repeat":"repeat","background-position":"center center","background-size":"auto","background-attachment":"scroll","background-type":"","background-media":"","overlay-type":"","overlay-color":"","overlay-opacity":"","overlay-gradient":""},"mobile":{"background-color":"var(--ast-global-color-5)","background-image":"","background-repeat":"repeat","background-position":"center center","background-size":"auto","background-attachment":"scroll","background-type":"","background-media":"","overlay-type":"","overlay-color":"","overlay-opacity":"","overlay-gradient":""}}},"product_brand":[],"product_cat":[993],"product_tag":[],"class_list":{"0":"post-25627","1":"product","2":"type-product","3":"status-publish","4":"has-post-thumbnail","6":"product_cat-footwear-accessories","7":"pa_38088_hvhibjc3-cancer","8":"pa_38088_hvhibjc3-fiskarna","9":"pa_38088_hvhibjc3-jungfrun","10":"pa_38088_hvhibjc3-leo","11":"pa_38088_hvhibjc3-oxen","12":"pa_38088_hvhibjc3-skorpionen","13":"pa_38088_hvhibjc3-skytten","14":"pa_38088_hvhibjc3-stenbocken","15":"pa_38088_hvhibjc3-tvillingarna","16":"pa_38088_hvhibjc3-vaduren","17":"pa_38088_hvhibjc3-vagen","18":"pa_38088_hvhibjc3-vattumannen","19":"desktop-align-left","20":"tablet-align-left","21":"mobile-align-left","23":"first","24":"instock","25":"shipping-taxable","26":"purchasable","27":"product-type-variable"},"_links":{"self":[{"href":"https:\/\/keluvo.com\/se\/wp-json\/wp\/v2\/product\/25627","targetHints":{"allow":["GET"]}}],"collection":[{"href":"https:\/\/keluvo.com\/se\/wp-json\/wp\/v2\/product"}],"about":[{"href":"https:\/\/keluvo.com\/se\/wp-json\/wp\/v2\/types\/product"}],"replies":[{"embeddable":true,"href":"https:\/\/keluvo.com\/se\/wp-json\/wp\/v2\/comments?post=25627"}],"wp:featuredmedia":[{"embeddable":true,"href":"https:\/\/keluvo.com\/se\/wp-json\/wp\/v2\/media\/25623"}],"wp:attachment":[{"href":"https:\/\/keluvo.com\/se\/wp-json\/wp\/v2\/media?parent=25627"}],"wp:term":[{"taxonomy":"product_brand","embeddable":true,"href":"https:\/\/keluvo.com\/se\/wp-json\/wp\/v2\/product_brand?post=25627"},{"taxonomy":"product_cat","embeddable":true,"href":"https:\/\/keluvo.com\/se\/wp-json\/wp\/v2\/product_cat?post=25627"},{"taxonomy":"product_tag","embeddable":true,"href":"https:\/\/keluvo.com\/se\/wp-json\/wp\/v2\/product_tag?post=25627"}],"curies":[{"name":"wp","href":"https:\/\/api.w.org\/{rel}","templated":true}]}}