{"id":25612,"date":"2025-09-09T16:33:03","date_gmt":"2025-09-09T13:33:03","guid":{"rendered":"https:\/\/keluvo.com\/se\/product\/forvaringspaket\/"},"modified":"2025-09-16T01:24:40","modified_gmt":"2025-09-15T22:24:40","slug":"forvaringspaket","status":"publish","type":"product","link":"https:\/\/keluvo.com\/se\/product\/forvaringspaket\/","title":{"rendered":"F\u00f6rvaringspaket"},"content":{"rendered":"<h2 style=\"text-align: center\">Stor och praktisk f\u00f6rvaring<\/h2>\n<p style=\"text-align: center\">F\u00f6rvaringspaketet erbjuder gott om utrymme f\u00f6r att organisera dina f\u00f6rem\u00e5l. Dess breda design hj\u00e4lper till att h\u00e5lla sakerna prydliga och l\u00e4ttillg\u00e4ngliga. Perfekt f\u00f6r f\u00f6rvaring av kosmetika, k\u00f6kskryddor eller kontorsmaterial.<\/p>\n<p><img decoding=\"async\" class=\"alignnone size-medium wp-image-10277 aligncenter\" src=\"https:\/\/keluvo.com\/template\/wp-content\/uploads\/sites\/5\/2025\/02\/S539a33f0253543d1bb6f28f7b32247ebW.jpg_960x960q75.jpg_.jpeg\" alt=\"\" \/><\/p>\n<h2 style=\"text-align: center\">Starkt och h\u00e5llbart material<\/h2>\n<p style=\"text-align: center\">Tillverkat av h\u00f6gkvalitativt PP-material \u00e4r f\u00f6rvaringspaketet robust och h\u00e5llbart. Dess sl\u00e4ta kanter garanterar s\u00e4ker anv\u00e4ndning utan vassa h\u00f6rn. Ett p\u00e5litligt val f\u00f6r att organisera alla utrymmen.<\/p>\n<p><img decoding=\"async\" class=\"alignnone size-medium wp-image-10280 aligncenter\" src=\"https:\/\/keluvo.com\/template\/wp-content\/uploads\/sites\/5\/2025\/02\/S1c4e59f2315c4e688def7aae69ec14dfP.jpg_960x960q75.jpg_.jpeg\" alt=\"\" \/><\/p>\n","protected":false},"excerpt":{"rendered":"<p>Stor och praktisk f\u00f6rvaring F\u00f6rvaringspaketet erbjuder gott om utrymme f\u00f6r att organisera dina f\u00f6rem\u00e5l. Dess breda design hj\u00e4lper till att [&hellip;]<\/p>\n","protected":false},"featured_media":25608,"comment_status":"open","ping_status":"closed","template":"","meta":{"site-sidebar-layout":"default","site-content-layout":"","ast-site-content-layout":"default","site-content-style":"default","site-sidebar-style":"default","ast-global-header-display":"","ast-banner-title-visibility":"","ast-main-header-display":"","ast-hfb-above-header-display":"","ast-hfb-below-header-display":"","ast-hfb-mobile-header-display":"","site-post-title":"","ast-breadcrumbs-content":"","ast-featured-img":"","footer-sml-layout":"","theme-transparent-header-meta":"default","adv-header-id-meta":"","stick-header-meta":"","header-above-stick-meta":"","header-main-stick-meta":"","header-below-stick-meta":"","astra-migrate-meta-layouts":"set","ast-page-background-enabled":"default","ast-page-background-meta":{"desktop":{"background-color":"var(--ast-global-color-4)","background-image":"","background-repeat":"repeat","background-position":"center center","background-size":"auto","background-attachment":"scroll","background-type":"","background-media":"","overlay-type":"","overlay-color":"","overlay-opacity":"","overlay-gradient":""},"tablet":{"background-color":"","background-image":"","background-repeat":"repeat","background-position":"center center","background-size":"auto","background-attachment":"scroll","background-type":"","background-media":"","overlay-type":"","overlay-color":"","overlay-opacity":"","overlay-gradient":""},"mobile":{"background-color":"","background-image":"","background-repeat":"repeat","background-position":"center center","background-size":"auto","background-attachment":"scroll","background-type":"","background-media":"","overlay-type":"","overlay-color":"","overlay-opacity":"","overlay-gradient":""}},"ast-content-background-meta":{"desktop":{"background-color":"var(--ast-global-color-5)","background-image":"","background-repeat":"repeat","background-position":"center center","background-size":"auto","background-attachment":"scroll","background-type":"","background-media":"","overlay-type":"","overlay-color":"","overlay-opacity":"","overlay-gradient":""},"tablet":{"background-color":"var(--ast-global-color-5)","background-image":"","background-repeat":"repeat","background-position":"center center","background-size":"auto","background-attachment":"scroll","background-type":"","background-media":"","overlay-type":"","overlay-color":"","overlay-opacity":"","overlay-gradient":""},"mobile":{"background-color":"var(--ast-global-color-5)","background-image":"","background-repeat":"repeat","background-position":"center center","background-size":"auto","background-attachment":"scroll","background-type":"","background-media":"","overlay-type":"","overlay-color":"","overlay-opacity":"","overlay-gradient":""}}},"product_brand":[],"product_cat":[1001],"product_tag":[],"class_list":{"0":"post-25612","1":"product","2":"type-product","3":"status-publish","4":"has-post-thumbnail","6":"product_cat-household-goods","7":"pa_39849_017kbete-gra","8":"pa_39849_017kbete-vit","9":"desktop-align-left","10":"tablet-align-left","11":"mobile-align-left","13":"first","14":"instock","15":"shipping-taxable","16":"purchasable","17":"product-type-variable"},"_links":{"self":[{"href":"https:\/\/keluvo.com\/se\/wp-json\/wp\/v2\/product\/25612","targetHints":{"allow":["GET"]}}],"collection":[{"href":"https:\/\/keluvo.com\/se\/wp-json\/wp\/v2\/product"}],"about":[{"href":"https:\/\/keluvo.com\/se\/wp-json\/wp\/v2\/types\/product"}],"replies":[{"embeddable":true,"href":"https:\/\/keluvo.com\/se\/wp-json\/wp\/v2\/comments?post=25612"}],"wp:featuredmedia":[{"embeddable":true,"href":"https:\/\/keluvo.com\/se\/wp-json\/wp\/v2\/media\/25608"}],"wp:attachment":[{"href":"https:\/\/keluvo.com\/se\/wp-json\/wp\/v2\/media?parent=25612"}],"wp:term":[{"taxonomy":"product_brand","embeddable":true,"href":"https:\/\/keluvo.com\/se\/wp-json\/wp\/v2\/product_brand?post=25612"},{"taxonomy":"product_cat","embeddable":true,"href":"https:\/\/keluvo.com\/se\/wp-json\/wp\/v2\/product_cat?post=25612"},{"taxonomy":"product_tag","embeddable":true,"href":"https:\/\/keluvo.com\/se\/wp-json\/wp\/v2\/product_tag?post=25612"}],"curies":[{"name":"wp","href":"https:\/\/api.w.org\/{rel}","templated":true}]}}