{"id":25591,"date":"2025-09-09T16:32:29","date_gmt":"2025-09-09T13:32:29","guid":{"rendered":"https:\/\/keluvo.com\/se\/product\/larplatta-for-barn\/"},"modified":"2025-09-09T16:32:40","modified_gmt":"2025-09-09T13:32:40","slug":"larplatta-for-barn","status":"publish","type":"product","link":"https:\/\/keluvo.com\/se\/product\/larplatta-for-barn\/","title":{"rendered":"L\u00e4rplatta f\u00f6r barn"},"content":{"rendered":"<h2 style=\"text-align: center\">Perfekt f\u00f6r l\u00e4rande och lek<\/h2>\n<p style=\"text-align: center\">Den h\u00e4r l\u00e4rplattan f\u00f6r barn \u00e4r utformad f\u00f6r b\u00e5de utbildning och n\u00f6je. Med Android 10 och tillg\u00e5ng till Google Play kan barnen ladda ner pedagogiska appar, spel och videor. Det \u00e4r det perfekta verktyget f\u00f6r att hj\u00e4lpa barn att l\u00e4ra sig samtidigt som de underh\u00e5lls.<\/p>\n<p><img decoding=\"async\" class=\"alignnone size-medium wp-image-7084 aligncenter\" src=\"https:\/\/keluvo.com\/template\/wp-content\/uploads\/sites\/5\/2025\/01\/8d5c0272-900c-4215-b438-b37820c020e2.webp\" alt=\"\" \/><\/p>\n<h2 style=\"text-align: center\">Dubbla kameror f\u00f6r kreativt skoj<\/h2>\n<p style=\"text-align: center\">Barnens l\u00e4rplatta har dubbla kameror, s\u00e5 att barnen enkelt kan ta foton och spela in videor. Dessa funktioner uppmuntrar kreativitet och l\u00e5ter barnen f\u00e5nga sina favorit\u00f6gonblick. Det \u00e4r ett roligt s\u00e4tt att utforska fotografering och videoskapande.<\/p>\n<p style=\"text-align: center\"><img decoding=\"async\" class=\"alignnone size-medium wp-image-7097\" src=\"https:\/\/keluvo.com\/template\/wp-content\/uploads\/sites\/5\/2025\/01\/33eb89d7-84cf-4f40-93a2-250047a260f9.webp\" alt=\"\" \/><\/p>\n","protected":false},"excerpt":{"rendered":"<p>Perfekt f\u00f6r l\u00e4rande och lek Den h\u00e4r l\u00e4rplattan f\u00f6r barn \u00e4r utformad f\u00f6r b\u00e5de utbildning och n\u00f6je. Med Android 10 [&hellip;]<\/p>\n","protected":false},"featured_media":25587,"comment_status":"open","ping_status":"closed","template":"","meta":{"site-sidebar-layout":"default","site-content-layout":"","ast-site-content-layout":"default","site-content-style":"default","site-sidebar-style":"default","ast-global-header-display":"","ast-banner-title-visibility":"","ast-main-header-display":"","ast-hfb-above-header-display":"","ast-hfb-below-header-display":"","ast-hfb-mobile-header-display":"","site-post-title":"","ast-breadcrumbs-content":"","ast-featured-img":"","footer-sml-layout":"","theme-transparent-header-meta":"default","adv-header-id-meta":"","stick-header-meta":"","header-above-stick-meta":"","header-main-stick-meta":"","header-below-stick-meta":"","astra-migrate-meta-layouts":"set","ast-page-background-enabled":"default","ast-page-background-meta":{"desktop":{"background-color":"var(--ast-global-color-4)","background-image":"","background-repeat":"repeat","background-position":"center center","background-size":"auto","background-attachment":"scroll","background-type":"","background-media":"","overlay-type":"","overlay-color":"","overlay-opacity":"","overlay-gradient":""},"tablet":{"background-color":"","background-image":"","background-repeat":"repeat","background-position":"center center","background-size":"auto","background-attachment":"scroll","background-type":"","background-media":"","overlay-type":"","overlay-color":"","overlay-opacity":"","overlay-gradient":""},"mobile":{"background-color":"","background-image":"","background-repeat":"repeat","background-position":"center center","background-size":"auto","background-attachment":"scroll","background-type":"","background-media":"","overlay-type":"","overlay-color":"","overlay-opacity":"","overlay-gradient":""}},"ast-content-background-meta":{"desktop":{"background-color":"var(--ast-global-color-5)","background-image":"","background-repeat":"repeat","background-position":"center center","background-size":"auto","background-attachment":"scroll","background-type":"","background-media":"","overlay-type":"","overlay-color":"","overlay-opacity":"","overlay-gradient":""},"tablet":{"background-color":"var(--ast-global-color-5)","background-image":"","background-repeat":"repeat","background-position":"center center","background-size":"auto","background-attachment":"scroll","background-type":"","background-media":"","overlay-type":"","overlay-color":"","overlay-opacity":"","overlay-gradient":""},"mobile":{"background-color":"var(--ast-global-color-5)","background-image":"","background-repeat":"repeat","background-position":"center center","background-size":"auto","background-attachment":"scroll","background-type":"","background-media":"","overlay-type":"","overlay-color":"","overlay-opacity":"","overlay-gradient":""}}},"product_brand":[],"product_cat":[990],"product_tag":[],"class_list":{"0":"post-25591","1":"product","2":"type-product","3":"status-publish","4":"has-post-thumbnail","6":"product_cat-toys-childrens-and-baby-products","7":"pa_43237_a39czvig-bla","8":"pa_43237_a39czvig-gron","9":"pa_43237_a39czvig-orange","10":"pa_43237_a39czvig-rosa","11":"desktop-align-left","12":"tablet-align-left","13":"mobile-align-left","15":"first","16":"instock","17":"shipping-taxable","18":"purchasable","19":"product-type-variable"},"_links":{"self":[{"href":"https:\/\/keluvo.com\/se\/wp-json\/wp\/v2\/product\/25591","targetHints":{"allow":["GET"]}}],"collection":[{"href":"https:\/\/keluvo.com\/se\/wp-json\/wp\/v2\/product"}],"about":[{"href":"https:\/\/keluvo.com\/se\/wp-json\/wp\/v2\/types\/product"}],"replies":[{"embeddable":true,"href":"https:\/\/keluvo.com\/se\/wp-json\/wp\/v2\/comments?post=25591"}],"wp:featuredmedia":[{"embeddable":true,"href":"https:\/\/keluvo.com\/se\/wp-json\/wp\/v2\/media\/25587"}],"wp:attachment":[{"href":"https:\/\/keluvo.com\/se\/wp-json\/wp\/v2\/media?parent=25591"}],"wp:term":[{"taxonomy":"product_brand","embeddable":true,"href":"https:\/\/keluvo.com\/se\/wp-json\/wp\/v2\/product_brand?post=25591"},{"taxonomy":"product_cat","embeddable":true,"href":"https:\/\/keluvo.com\/se\/wp-json\/wp\/v2\/product_cat?post=25591"},{"taxonomy":"product_tag","embeddable":true,"href":"https:\/\/keluvo.com\/se\/wp-json\/wp\/v2\/product_tag?post=25591"}],"curies":[{"name":"wp","href":"https:\/\/api.w.org\/{rel}","templated":true}]}}