{"id":25546,"date":"2025-09-09T11:58:12","date_gmt":"2025-09-09T08:58:12","guid":{"rendered":"https:\/\/keluvo.com\/se\/product\/magsafe-hallare-for-biltelefon\/"},"modified":"2025-09-16T01:25:40","modified_gmt":"2025-09-15T22:25:40","slug":"magsafe-hallare-for-biltelefon","status":"publish","type":"product","link":"https:\/\/keluvo.com\/se\/product\/magsafe-hallare-for-biltelefon\/","title":{"rendered":"Magsafe h\u00e5llare f\u00f6r biltelefon"},"content":{"rendered":"<h2 style=\"text-align: center\">Starkt Magnetiskt Grepp<\/h2>\n<p style=\"text-align: center\">MagSafe biltelefonh\u00e5llare ger en s\u00e4ker magnetisk anslutning som ser till att din telefon h\u00e5lls p\u00e5 plats under k\u00f6rningen. Den \u00e4r kompatibel med Magsafe-aktiverade enheter som iPhone 14 och 13 Pro Max. Njut av bekymmersfri k\u00f6rning med ett fast och p\u00e5litligt grepp.<\/p>\n<p><img decoding=\"async\" class=\"alignnone size-medium wp-image-7902 aligncenter\" src=\"https:\/\/keluvo.com\/template\/wp-content\/uploads\/sites\/5\/2025\/01\/1b3f5b63-68e5-4c91-afb1-9993e7b2850c.webp\" alt=\"\" \/><\/p>\n<h2 style=\"text-align: center\">Snygg Och H\u00e5llbar Design<\/h2>\n<p style=\"text-align: center\">H\u00e5llaren f\u00f6r biltelefoner Magsafe \u00e4r tillverkad av h\u00f6gkvalitativ legering och kombinerar h\u00e5llbarhet med en snygg svart och silverf\u00e4rgad finish. Den eleganta designen kompletterar alla fordonsinteri\u00f6rer och g\u00f6r den b\u00e5de funktionell och visuellt tilltalande. Den \u00e4r byggd f\u00f6r att h\u00e5lla l\u00e4nge och \u00e4r ett perfekt val f\u00f6r daglig anv\u00e4ndning.<\/p>\n<p><img decoding=\"async\" class=\"alignnone size-medium wp-image-7903 aligncenter\" src=\"https:\/\/keluvo.com\/template\/wp-content\/uploads\/sites\/5\/2025\/01\/89e008ba-cb5d-482c-b577-d73d9a0d24b1.webp\" alt=\"\" \/><\/p>\n","protected":false},"excerpt":{"rendered":"<p>Starkt Magnetiskt Grepp MagSafe biltelefonh\u00e5llare ger en s\u00e4ker magnetisk anslutning som ser till att din telefon h\u00e5lls p\u00e5 plats under [&hellip;]<\/p>\n","protected":false},"featured_media":25542,"comment_status":"open","ping_status":"closed","template":"","meta":{"site-sidebar-layout":"default","site-content-layout":"","ast-site-content-layout":"default","site-content-style":"default","site-sidebar-style":"default","ast-global-header-display":"","ast-banner-title-visibility":"","ast-main-header-display":"","ast-hfb-above-header-display":"","ast-hfb-below-header-display":"","ast-hfb-mobile-header-display":"","site-post-title":"","ast-breadcrumbs-content":"","ast-featured-img":"","footer-sml-layout":"","theme-transparent-header-meta":"default","adv-header-id-meta":"","stick-header-meta":"","header-above-stick-meta":"","header-main-stick-meta":"","header-below-stick-meta":"","astra-migrate-meta-layouts":"set","ast-page-background-enabled":"default","ast-page-background-meta":{"desktop":{"background-color":"var(--ast-global-color-4)","background-image":"","background-repeat":"repeat","background-position":"center center","background-size":"auto","background-attachment":"scroll","background-type":"","background-media":"","overlay-type":"","overlay-color":"","overlay-opacity":"","overlay-gradient":""},"tablet":{"background-color":"","background-image":"","background-repeat":"repeat","background-position":"center center","background-size":"auto","background-attachment":"scroll","background-type":"","background-media":"","overlay-type":"","overlay-color":"","overlay-opacity":"","overlay-gradient":""},"mobile":{"background-color":"","background-image":"","background-repeat":"repeat","background-position":"center center","background-size":"auto","background-attachment":"scroll","background-type":"","background-media":"","overlay-type":"","overlay-color":"","overlay-opacity":"","overlay-gradient":""}},"ast-content-background-meta":{"desktop":{"background-color":"var(--ast-global-color-5)","background-image":"","background-repeat":"repeat","background-position":"center center","background-size":"auto","background-attachment":"scroll","background-type":"","background-media":"","overlay-type":"","overlay-color":"","overlay-opacity":"","overlay-gradient":""},"tablet":{"background-color":"var(--ast-global-color-5)","background-image":"","background-repeat":"repeat","background-position":"center center","background-size":"auto","background-attachment":"scroll","background-type":"","background-media":"","overlay-type":"","overlay-color":"","overlay-opacity":"","overlay-gradient":""},"mobile":{"background-color":"var(--ast-global-color-5)","background-image":"","background-repeat":"repeat","background-position":"center center","background-size":"auto","background-attachment":"scroll","background-type":"","background-media":"","overlay-type":"","overlay-color":"","overlay-opacity":"","overlay-gradient":""}}},"product_brand":[],"product_cat":[998],"product_tag":[],"class_list":{"0":"post-25546","1":"product","2":"type-product","3":"status-publish","4":"has-post-thumbnail","6":"product_cat-automotive-products","7":"pa_46581_l0qpydnd-silver","8":"pa_46581_l0qpydnd-svart","9":"desktop-align-left","10":"tablet-align-left","11":"mobile-align-left","13":"first","14":"instock","15":"shipping-taxable","16":"purchasable","17":"product-type-variable"},"_links":{"self":[{"href":"https:\/\/keluvo.com\/se\/wp-json\/wp\/v2\/product\/25546","targetHints":{"allow":["GET"]}}],"collection":[{"href":"https:\/\/keluvo.com\/se\/wp-json\/wp\/v2\/product"}],"about":[{"href":"https:\/\/keluvo.com\/se\/wp-json\/wp\/v2\/types\/product"}],"replies":[{"embeddable":true,"href":"https:\/\/keluvo.com\/se\/wp-json\/wp\/v2\/comments?post=25546"}],"wp:featuredmedia":[{"embeddable":true,"href":"https:\/\/keluvo.com\/se\/wp-json\/wp\/v2\/media\/25542"}],"wp:attachment":[{"href":"https:\/\/keluvo.com\/se\/wp-json\/wp\/v2\/media?parent=25546"}],"wp:term":[{"taxonomy":"product_brand","embeddable":true,"href":"https:\/\/keluvo.com\/se\/wp-json\/wp\/v2\/product_brand?post=25546"},{"taxonomy":"product_cat","embeddable":true,"href":"https:\/\/keluvo.com\/se\/wp-json\/wp\/v2\/product_cat?post=25546"},{"taxonomy":"product_tag","embeddable":true,"href":"https:\/\/keluvo.com\/se\/wp-json\/wp\/v2\/product_tag?post=25546"}],"curies":[{"name":"wp","href":"https:\/\/api.w.org\/{rel}","templated":true}]}}