{"id":25518,"date":"2025-09-09T11:57:08","date_gmt":"2025-09-09T08:57:08","guid":{"rendered":"https:\/\/keluvo.com\/se\/product\/atergangstranare-for-tennis\/"},"modified":"2025-09-16T01:25:48","modified_gmt":"2025-09-15T22:25:48","slug":"atergangstranare-for-tennis","status":"publish","type":"product","link":"https:\/\/keluvo.com\/se\/product\/atergangstranare-for-tennis\/","title":{"rendered":"\u00c5terg\u00e5ngstr\u00e4nare f\u00f6r tennis"},"content":{"rendered":"<h2 style=\"text-align: center\">\ud83c\udfbe Tr\u00e4na tennis n\u00e4r som helst, var som helst<\/h2>\n<p style=\"text-align: center\">Med tennis rebound trainer kan du tr\u00e4na utan en partner, vilket g\u00f6r den perfekt f\u00f6r solotr\u00e4ning. Den kan anv\u00e4ndas inomhus eller utomhus, s\u00e5 att du kan f\u00f6rb\u00e4ttra dina f\u00e4rdigheter var som helst. Det g\u00f6r den till ett utm\u00e4rkt verktyg f\u00f6r spelare p\u00e5 alla niv\u00e5er.<\/p>\n<p><img decoding=\"async\" class=\"size-full wp-image-14551 aligncenter\" src=\"https:\/\/keluvo.com\/template\/wp-content\/uploads\/sites\/5\/2025\/01\/tennistrainervideo-ezgif.com-gif-to-webp-converter.webp\" alt=\"\" \/><\/p>\n<h2 style=\"text-align: center\">\ud83d\udee0 S\u00e5 h\u00e4r st\u00e4ller du upp den<\/h2>\n<p style=\"text-align: center\"><span style=\"font-weight: 400\">Fyll basen med vatten eller sand f\u00f6r att h\u00e5lla den stadig. Svinga iv\u00e4g och se bollen studsa tillbaka till dig!<\/span><\/p>\n<p><img decoding=\"async\" class=\"alignnone size-medium wp-image-9897 aligncenter\" src=\"https:\/\/keluvo.com\/template\/wp-content\/uploads\/sites\/5\/2025\/01\/S1589f2bd720d455a8144a45bf12be729N.jpeg\" alt=\"\" \/><\/p>\n<h2 style=\"text-align: center\">\u2705 Varf\u00f6r du kommer att \u00e4lska det<\/h2>\n<ul>\n<li style=\"font-weight: 400\"><b>Tr\u00e4na ensam: <\/b><span style=\"font-weight: 400\">Ingen partner? Det \u00e4r inget problem! Det elastiska repet tar tillbaka bollen efter varje tr\u00e4ff.<\/span><span style=\"font-weight: 400\"><br \/>\n<\/span><\/li>\n<li style=\"font-weight: 400\"><b>Inga r\u00f6riga trassel: <\/b><span style=\"font-weight: 400\">Inbyggda sp\u00e5r h\u00e5ller repet och bollen prydligt n\u00e4r de inte anv\u00e4nds. Inga knutar, ingen r\u00f6ra.<\/span><\/li>\n<li style=\"font-weight: 400\"><b>Stark &amp; h\u00e5llbar: <\/b><span style=\"font-weight: 400\">Tillverkad av h\u00f6gkvalitativ PE-plast, tjocka gummibollar och elastiskt nylonrep f\u00f6r l\u00e5ngvarigt kul.<\/span><\/li>\n<li style=\"font-weight: 400\"><b>B\u00e4rbar och l\u00e4ttviktig: <\/b><span style=\"font-weight: 400\">T\u00f6m basen och anv\u00e4nd sidohandtaget f\u00f6r att b\u00e4ra den var som helst \u2013 park, domstol, bakg\u00e5rd, allt du beh\u00f6ver!<\/span><\/li>\n<li><b>Kul f\u00f6r alla niv\u00e5er: <\/b><span style=\"font-weight: 400\">Perfekt f\u00f6r nyb\u00f6rjare eller avancerade spelare som vill f\u00f6rb\u00e4ttra sitt spel.<\/span><\/li>\n<\/ul>\n<p><img decoding=\"async\" class=\"alignnone size-medium wp-image-9901 aligncenter\" src=\"https:\/\/keluvo.com\/template\/wp-content\/uploads\/sites\/5\/2025\/01\/S96da17b05fa340e396131cdd79d2d9f3a.jpeg\" alt=\"\" \/><\/p>\n<h2 style=\"text-align: center\">\ud83d\udce6 Inneh\u00e5ll i f\u00f6rpackningen<\/h2>\n<ul>\n<li style=\"font-weight: 400\"><span style=\"font-weight: 400\">1x \u00c5terg\u00e5ngstr\u00e4nare f\u00f6r tennis bas<\/span><\/li>\n<li style=\"font-weight: 400\"><span style=\"font-weight: 400\">3x tennisbollar med tillh\u00f6rande elastiskt rep (4 meter vardera)<\/span><\/li>\n<li><span style=\"font-weight: 400\">Inbyggda sp\u00e5r f\u00f6r enkel f\u00f6rvaring<\/span><span style=\"font-weight: 400\"><br \/>\n<\/span><\/li>\n<\/ul>\n<p style=\"text-align: center\"><em>Tryck en liten knut p\u00e5 repet innan du tr\u00e4nar f\u00f6r att h\u00e5lla bollen s\u00e4ker.<\/em><\/p>\n","protected":false},"excerpt":{"rendered":"<p>\ud83c\udfbe Tr\u00e4na tennis n\u00e4r som helst, var som helst Med tennis rebound trainer kan du tr\u00e4na utan en partner, vilket [&hellip;]<\/p>\n","protected":false},"featured_media":25514,"comment_status":"open","ping_status":"closed","template":"","meta":{"site-sidebar-layout":"default","site-content-layout":"","ast-site-content-layout":"default","site-content-style":"default","site-sidebar-style":"default","ast-global-header-display":"","ast-banner-title-visibility":"","ast-main-header-display":"","ast-hfb-above-header-display":"","ast-hfb-below-header-display":"","ast-hfb-mobile-header-display":"","site-post-title":"","ast-breadcrumbs-content":"","ast-featured-img":"","footer-sml-layout":"","theme-transparent-header-meta":"default","adv-header-id-meta":"","stick-header-meta":"","header-above-stick-meta":"","header-main-stick-meta":"","header-below-stick-meta":"","astra-migrate-meta-layouts":"set","ast-page-background-enabled":"default","ast-page-background-meta":{"desktop":{"background-color":"var(--ast-global-color-4)","background-image":"","background-repeat":"repeat","background-position":"center center","background-size":"auto","background-attachment":"scroll","background-type":"","background-media":"","overlay-type":"","overlay-color":"","overlay-opacity":"","overlay-gradient":""},"tablet":{"background-color":"","background-image":"","background-repeat":"repeat","background-position":"center center","background-size":"auto","background-attachment":"scroll","background-type":"","background-media":"","overlay-type":"","overlay-color":"","overlay-opacity":"","overlay-gradient":""},"mobile":{"background-color":"","background-image":"","background-repeat":"repeat","background-position":"center center","background-size":"auto","background-attachment":"scroll","background-type":"","background-media":"","overlay-type":"","overlay-color":"","overlay-opacity":"","overlay-gradient":""}},"ast-content-background-meta":{"desktop":{"background-color":"var(--ast-global-color-5)","background-image":"","background-repeat":"repeat","background-position":"center center","background-size":"auto","background-attachment":"scroll","background-type":"","background-media":"","overlay-type":"","overlay-color":"","overlay-opacity":"","overlay-gradient":""},"tablet":{"background-color":"var(--ast-global-color-5)","background-image":"","background-repeat":"repeat","background-position":"center center","background-size":"auto","background-attachment":"scroll","background-type":"","background-media":"","overlay-type":"","overlay-color":"","overlay-opacity":"","overlay-gradient":""},"mobile":{"background-color":"var(--ast-global-color-5)","background-image":"","background-repeat":"repeat","background-position":"center center","background-size":"auto","background-attachment":"scroll","background-type":"","background-media":"","overlay-type":"","overlay-color":"","overlay-opacity":"","overlay-gradient":""}}},"product_brand":[],"product_cat":[993],"product_tag":[],"class_list":{"0":"post-25518","1":"product","2":"type-product","3":"status-publish","4":"has-post-thumbnail","6":"product_cat-footwear-accessories","7":"desktop-align-left","8":"tablet-align-left","9":"mobile-align-left","11":"first","12":"instock","13":"shipping-taxable","14":"purchasable","15":"product-type-simple"},"_links":{"self":[{"href":"https:\/\/keluvo.com\/se\/wp-json\/wp\/v2\/product\/25518","targetHints":{"allow":["GET"]}}],"collection":[{"href":"https:\/\/keluvo.com\/se\/wp-json\/wp\/v2\/product"}],"about":[{"href":"https:\/\/keluvo.com\/se\/wp-json\/wp\/v2\/types\/product"}],"replies":[{"embeddable":true,"href":"https:\/\/keluvo.com\/se\/wp-json\/wp\/v2\/comments?post=25518"}],"wp:featuredmedia":[{"embeddable":true,"href":"https:\/\/keluvo.com\/se\/wp-json\/wp\/v2\/media\/25514"}],"wp:attachment":[{"href":"https:\/\/keluvo.com\/se\/wp-json\/wp\/v2\/media?parent=25518"}],"wp:term":[{"taxonomy":"product_brand","embeddable":true,"href":"https:\/\/keluvo.com\/se\/wp-json\/wp\/v2\/product_brand?post=25518"},{"taxonomy":"product_cat","embeddable":true,"href":"https:\/\/keluvo.com\/se\/wp-json\/wp\/v2\/product_cat?post=25518"},{"taxonomy":"product_tag","embeddable":true,"href":"https:\/\/keluvo.com\/se\/wp-json\/wp\/v2\/product_tag?post=25518"}],"curies":[{"name":"wp","href":"https:\/\/api.w.org\/{rel}","templated":true}]}}