{"id":25485,"date":"2025-09-09T11:55:46","date_gmt":"2025-09-09T08:55:46","guid":{"rendered":"https:\/\/keluvo.com\/se\/product\/swan-sil-for-diskho\/"},"modified":"2025-09-16T01:25:47","modified_gmt":"2025-09-15T22:25:47","slug":"swan-sil-for-diskho","status":"publish","type":"product","link":"https:\/\/keluvo.com\/se\/product\/swan-sil-for-diskho\/","title":{"rendered":"Swan sil f\u00f6r diskho"},"content":{"rendered":"<h2 style=\"text-align: center\">Effektiv matfilter<\/h2>\n<p style=\"text-align: center\">Svanfilter \u00e4r tillverkat av slitstarkt rostfritt st\u00e5l och utformat f\u00f6r att effektivt filtrera mat och skr\u00e4p fr\u00e5n din diskb\u00e4nk. Dess unika svanform g\u00f6r att den passar p\u00e5 alla kranar, vilket g\u00f6r den till ett viktigt verktyg f\u00f6r ett renare k\u00f6k.<\/p>\n<p><img decoding=\"async\" class=\"size-full wp-image-14529 aligncenter\" src=\"https:\/\/keluvo.com\/template\/wp-content\/uploads\/sites\/5\/2024\/12\/sinkstrainer-ezgif.com-gif-to-webp-converter.webp\" alt=\"\" \/><\/p>\n<h2 style=\"text-align: center\">\u2705 Varf\u00f6r du kommer att \u00e4lska den<\/h2>\n<p>Utnyttjar utrymmet smart: <span style=\"font-weight: 400\">Den speciella triangelformen passar snyggt i h\u00f6rnet, vilket sparar utrymme och l\u00e4mnar diskb\u00e4nken \u00f6ppen<\/span><\/p>\n<p>Stoppar igens\u00e4ttningar innan de b\u00f6rjar: <span style=\"font-weight: 400\">F\u00e5ngar upp matrester, ben, fiskfj\u00e4ll och teblad &#8211; inga fler igensatta r\u00f6r<\/span><\/p>\n<p>Stark och h\u00e5llbar: <span style=\"font-weight: 400\">Tillverkad av rostfritt st\u00e5l. Rostfritt, t\u00e5ligt och byggt f\u00f6r att h\u00e5lla<\/span><\/p>\n<p>El\u00e4tt att reng\u00f6ra: <span style=\"font-weight: 400\">Lyft bara ut den, t\u00f6m den i papperskorgen, sk\u00f6lj och \u00e5teranv\u00e4nd. R\u00f6r inte vid smutsigt avfall<\/span><\/p>\n<p>Inte bara f\u00f6r avlopp: <span style=\"font-weight: 400\">Du kan \u00e4ven anv\u00e4nda den som frukth\u00e5llare eller f\u00f6r sm\u00e5 k\u00f6ksredskap. Praktiskt och vackert<\/span><\/p>\n<p>H\u00e5lls p\u00e5 plats: <span style=\"font-weight: 400\">Dess svanform och stabila struktur g\u00f6r att den st\u00e5r stadigt och s\u00e4kert i diskb\u00e4nksh\u00f6rnet<\/span><\/p>\n<h2 style=\"text-align: center\"><img decoding=\"async\" class=\"alignnone size-medium wp-image-6097 aligncenter\" style=\"font-size: 16px;font-style: inherit;font-weight: inherit\" src=\"https:\/\/keluvo.com\/template\/wp-content\/uploads\/sites\/5\/2024\/12\/32e39ea9-09b6-4984-9ca6-c3f6552cb0b2.webp\" alt=\"\" \/><\/h2>\n<h2 style=\"text-align: center\">\ud83d\udce6 Vad ing\u00e5r i paketet<\/h2>\n<ul>\n<li style=\"font-weight: 400\"><span style=\"font-weight: 400\">1x swan diskb\u00e4nksfilter.<\/span><\/li>\n<\/ul>\n","protected":false},"excerpt":{"rendered":"<p>Effektiv matfilter Svanfilter \u00e4r tillverkat av slitstarkt rostfritt st\u00e5l och utformat f\u00f6r att effektivt filtrera mat och skr\u00e4p fr\u00e5n din [&hellip;]<\/p>\n","protected":false},"featured_media":25481,"comment_status":"open","ping_status":"closed","template":"","meta":{"site-sidebar-layout":"default","site-content-layout":"","ast-site-content-layout":"default","site-content-style":"default","site-sidebar-style":"default","ast-global-header-display":"","ast-banner-title-visibility":"","ast-main-header-display":"","ast-hfb-above-header-display":"","ast-hfb-below-header-display":"","ast-hfb-mobile-header-display":"","site-post-title":"","ast-breadcrumbs-content":"","ast-featured-img":"","footer-sml-layout":"","theme-transparent-header-meta":"default","adv-header-id-meta":"","stick-header-meta":"","header-above-stick-meta":"","header-main-stick-meta":"","header-below-stick-meta":"","astra-migrate-meta-layouts":"set","ast-page-background-enabled":"default","ast-page-background-meta":{"desktop":{"background-color":"var(--ast-global-color-4)","background-image":"","background-repeat":"repeat","background-position":"center center","background-size":"auto","background-attachment":"scroll","background-type":"","background-media":"","overlay-type":"","overlay-color":"","overlay-opacity":"","overlay-gradient":""},"tablet":{"background-color":"","background-image":"","background-repeat":"repeat","background-position":"center center","background-size":"auto","background-attachment":"scroll","background-type":"","background-media":"","overlay-type":"","overlay-color":"","overlay-opacity":"","overlay-gradient":""},"mobile":{"background-color":"","background-image":"","background-repeat":"repeat","background-position":"center center","background-size":"auto","background-attachment":"scroll","background-type":"","background-media":"","overlay-type":"","overlay-color":"","overlay-opacity":"","overlay-gradient":""}},"ast-content-background-meta":{"desktop":{"background-color":"var(--ast-global-color-5)","background-image":"","background-repeat":"repeat","background-position":"center center","background-size":"auto","background-attachment":"scroll","background-type":"","background-media":"","overlay-type":"","overlay-color":"","overlay-opacity":"","overlay-gradient":""},"tablet":{"background-color":"var(--ast-global-color-5)","background-image":"","background-repeat":"repeat","background-position":"center center","background-size":"auto","background-attachment":"scroll","background-type":"","background-media":"","overlay-type":"","overlay-color":"","overlay-opacity":"","overlay-gradient":""},"mobile":{"background-color":"var(--ast-global-color-5)","background-image":"","background-repeat":"repeat","background-position":"center center","background-size":"auto","background-attachment":"scroll","background-type":"","background-media":"","overlay-type":"","overlay-color":"","overlay-opacity":"","overlay-gradient":""}}},"product_brand":[],"product_cat":[1001],"product_tag":[],"class_list":{"0":"post-25485","1":"product","2":"type-product","3":"status-publish","4":"has-post-thumbnail","6":"product_cat-household-goods","7":"pa_39690_4x3x8oh2-liten","8":"pa_39690_4x3x8oh2-stor","9":"desktop-align-left","10":"tablet-align-left","11":"mobile-align-left","13":"first","14":"instock","15":"shipping-taxable","16":"purchasable","17":"product-type-variable"},"_links":{"self":[{"href":"https:\/\/keluvo.com\/se\/wp-json\/wp\/v2\/product\/25485","targetHints":{"allow":["GET"]}}],"collection":[{"href":"https:\/\/keluvo.com\/se\/wp-json\/wp\/v2\/product"}],"about":[{"href":"https:\/\/keluvo.com\/se\/wp-json\/wp\/v2\/types\/product"}],"replies":[{"embeddable":true,"href":"https:\/\/keluvo.com\/se\/wp-json\/wp\/v2\/comments?post=25485"}],"wp:featuredmedia":[{"embeddable":true,"href":"https:\/\/keluvo.com\/se\/wp-json\/wp\/v2\/media\/25481"}],"wp:attachment":[{"href":"https:\/\/keluvo.com\/se\/wp-json\/wp\/v2\/media?parent=25485"}],"wp:term":[{"taxonomy":"product_brand","embeddable":true,"href":"https:\/\/keluvo.com\/se\/wp-json\/wp\/v2\/product_brand?post=25485"},{"taxonomy":"product_cat","embeddable":true,"href":"https:\/\/keluvo.com\/se\/wp-json\/wp\/v2\/product_cat?post=25485"},{"taxonomy":"product_tag","embeddable":true,"href":"https:\/\/keluvo.com\/se\/wp-json\/wp\/v2\/product_tag?post=25485"}],"curies":[{"name":"wp","href":"https:\/\/api.w.org\/{rel}","templated":true}]}}