{"id":25470,"date":"2025-09-09T11:55:07","date_gmt":"2025-09-09T08:55:07","guid":{"rendered":"https:\/\/keluvo.com\/se\/product\/drinkskal-med-kyckling\/"},"modified":"2025-09-22T20:02:11","modified_gmt":"2025-09-22T17:02:11","slug":"drinkskal-med-kyckling","status":"publish","type":"product","link":"https:\/\/keluvo.com\/se\/product\/drinkskal-med-kyckling\/","title":{"rendered":"Drinksk\u00e5l med kyckling"},"content":{"rendered":"<h2 style=\"text-align: center\">Automatisk Vattenf\u00f6rs\u00f6rjning<\/h2>\n<p style=\"text-align: center\">Dricksk\u00e5len f\u00f6r kycklingar ger ett j\u00e4mnt fl\u00f6de av vatten, vilket s\u00e4kerst\u00e4ller att fj\u00e4derf\u00e4 f\u00e5r i sig tillr\u00e4ckligt med v\u00e4tska utan st\u00e4ndig p\u00e5fyllning. Den hj\u00e4lper till att h\u00e5lla vattnet rent och fr\u00e4scht f\u00f6r ankor, vaktlar, duvor och kycklingar.<\/p>\n<p><img decoding=\"async\" class=\"alignnone size-medium wp-image-10626 aligncenter\" src=\"https:\/\/keluvo.com\/template\/wp-content\/uploads\/sites\/5\/2025\/02\/S9db084c03dff4b0bbc01d766da21d974t.jpg_960x960q75.jpg_.jpeg\" alt=\"\" \/><\/p>\n<h2 style=\"text-align: center\">Enkel Att Installera Och Anv\u00e4nda<\/h2>\n<p style=\"text-align: center\">Drickssk\u00e5len f\u00f6r kycklingar \u00e4r utformad f\u00f6r bekv\u00e4mlighet och kan enkelt f\u00e4stas p\u00e5 vattenbeh\u00e5llare. Dess automatiska design minskar anstr\u00e4ngningen, vilket g\u00f6r den idealisk f\u00f6r b\u00e5de sm\u00e5 g\u00e5rdar och hemmav\u00e5rd av fj\u00e4derf\u00e4.<\/p>\n<p><img decoding=\"async\" class=\"alignnone size-medium wp-image-10623 aligncenter\" src=\"https:\/\/keluvo.com\/template\/wp-content\/uploads\/sites\/5\/2025\/02\/Sf1079b43564f49ebb62d2da28567141b7.jpeg\" alt=\"\" \/><\/p>\n","protected":false},"excerpt":{"rendered":"<p>Automatisk Vattenf\u00f6rs\u00f6rjning Dricksk\u00e5len f\u00f6r kycklingar ger ett j\u00e4mnt fl\u00f6de av vatten, vilket s\u00e4kerst\u00e4ller att fj\u00e4derf\u00e4 f\u00e5r i sig tillr\u00e4ckligt med [&hellip;]<\/p>\n","protected":false},"featured_media":25466,"comment_status":"open","ping_status":"closed","template":"","meta":{"site-sidebar-layout":"default","site-content-layout":"","ast-site-content-layout":"default","site-content-style":"default","site-sidebar-style":"default","ast-global-header-display":"","ast-banner-title-visibility":"","ast-main-header-display":"","ast-hfb-above-header-display":"","ast-hfb-below-header-display":"","ast-hfb-mobile-header-display":"","site-post-title":"","ast-breadcrumbs-content":"","ast-featured-img":"","footer-sml-layout":"","theme-transparent-header-meta":"default","adv-header-id-meta":"","stick-header-meta":"","header-above-stick-meta":"","header-main-stick-meta":"","header-below-stick-meta":"","astra-migrate-meta-layouts":"set","ast-page-background-enabled":"default","ast-page-background-meta":{"desktop":{"background-color":"var(--ast-global-color-4)","background-image":"","background-repeat":"repeat","background-position":"center center","background-size":"auto","background-attachment":"scroll","background-type":"","background-media":"","overlay-type":"","overlay-color":"","overlay-opacity":"","overlay-gradient":""},"tablet":{"background-color":"","background-image":"","background-repeat":"repeat","background-position":"center center","background-size":"auto","background-attachment":"scroll","background-type":"","background-media":"","overlay-type":"","overlay-color":"","overlay-opacity":"","overlay-gradient":""},"mobile":{"background-color":"","background-image":"","background-repeat":"repeat","background-position":"center center","background-size":"auto","background-attachment":"scroll","background-type":"","background-media":"","overlay-type":"","overlay-color":"","overlay-opacity":"","overlay-gradient":""}},"ast-content-background-meta":{"desktop":{"background-color":"var(--ast-global-color-5)","background-image":"","background-repeat":"repeat","background-position":"center center","background-size":"auto","background-attachment":"scroll","background-type":"","background-media":"","overlay-type":"","overlay-color":"","overlay-opacity":"","overlay-gradient":""},"tablet":{"background-color":"var(--ast-global-color-5)","background-image":"","background-repeat":"repeat","background-position":"center center","background-size":"auto","background-attachment":"scroll","background-type":"","background-media":"","overlay-type":"","overlay-color":"","overlay-opacity":"","overlay-gradient":""},"mobile":{"background-color":"var(--ast-global-color-5)","background-image":"","background-repeat":"repeat","background-position":"center center","background-size":"auto","background-attachment":"scroll","background-type":"","background-media":"","overlay-type":"","overlay-color":"","overlay-opacity":"","overlay-gradient":""}}},"product_brand":[],"product_cat":[993],"product_tag":[],"class_list":{"0":"post-25470","1":"product","2":"type-product","3":"status-publish","4":"has-post-thumbnail","6":"product_cat-footwear-accessories","7":"pa_41585_ci2uhrwu-2-st","8":"pa_41585_ci2uhrwu-10-st","9":"desktop-align-left","10":"tablet-align-left","11":"mobile-align-left","13":"first","14":"instock","15":"shipping-taxable","16":"purchasable","17":"product-type-variable"},"_links":{"self":[{"href":"https:\/\/keluvo.com\/se\/wp-json\/wp\/v2\/product\/25470","targetHints":{"allow":["GET"]}}],"collection":[{"href":"https:\/\/keluvo.com\/se\/wp-json\/wp\/v2\/product"}],"about":[{"href":"https:\/\/keluvo.com\/se\/wp-json\/wp\/v2\/types\/product"}],"replies":[{"embeddable":true,"href":"https:\/\/keluvo.com\/se\/wp-json\/wp\/v2\/comments?post=25470"}],"wp:featuredmedia":[{"embeddable":true,"href":"https:\/\/keluvo.com\/se\/wp-json\/wp\/v2\/media\/25466"}],"wp:attachment":[{"href":"https:\/\/keluvo.com\/se\/wp-json\/wp\/v2\/media?parent=25470"}],"wp:term":[{"taxonomy":"product_brand","embeddable":true,"href":"https:\/\/keluvo.com\/se\/wp-json\/wp\/v2\/product_brand?post=25470"},{"taxonomy":"product_cat","embeddable":true,"href":"https:\/\/keluvo.com\/se\/wp-json\/wp\/v2\/product_cat?post=25470"},{"taxonomy":"product_tag","embeddable":true,"href":"https:\/\/keluvo.com\/se\/wp-json\/wp\/v2\/product_tag?post=25470"}],"curies":[{"name":"wp","href":"https:\/\/api.w.org\/{rel}","templated":true}]}}