{"id":25452,"date":"2025-09-09T11:54:38","date_gmt":"2025-09-09T08:54:38","guid":{"rendered":"https:\/\/keluvo.com\/se\/product\/3d-bokhylla-mugg\/"},"modified":"2025-09-16T01:25:00","modified_gmt":"2025-09-15T22:25:00","slug":"3d-bokhylla-mugg","status":"publish","type":"product","link":"https:\/\/keluvo.com\/se\/product\/3d-bokhylla-mugg\/","title":{"rendered":"3D bokhylla mugg"},"content":{"rendered":"<h2 class=\"\" style=\"text-align: center\" data-start=\"0\" data-end=\"31\">Unik 3D-bokhylledesign<\/h2>\n<p class=\"\" style=\"text-align: center\" data-start=\"32\" data-end=\"262\">3D-bokhyllemuggen (300 ml) har en rolig och kreativ design som ser ut som ett litet bokh\u00f6rn. Den \u00e4r perfekt f\u00f6r alla som \u00e4lskar att l\u00e4sa och vill visa upp sin passion. Det detaljerade bokhylletrycket ger den en varm och mysig k\u00e4nsla.<\/p>\n<p data-start=\"32\" data-end=\"262\"><img decoding=\"async\" class=\"alignnone size-medium wp-image-13928 aligncenter\" src=\"https:\/\/keluvo.com\/template\/wp-content\/uploads\/sites\/5\/2025\/04\/S7a7dfff6736448d29dc4aa38c4b02299q.jpg_960x960q75.jpg_.jpeg\" alt=\"\" \/><\/p>\n<h2 class=\"\" style=\"text-align: center\" data-start=\"264\" data-end=\"292\">Starkt Keramiskt Material<\/h2>\n<p class=\"\" style=\"text-align: center\" data-start=\"293\" data-end=\"476\">Tillverkad av h\u00f6gkvalitativ keramik \u00e4r 3D-bokhyllemuggen byggd f\u00f6r att h\u00e5lla. Den k\u00e4nns smidig i handen och h\u00e5ller din dryck varm. Den h\u00e4r muggen \u00e4r b\u00e5de praktisk och snygg f\u00f6r vardagsbruk.<\/p>\n<p style=\"text-align: center\" data-start=\"293\" data-end=\"476\"><img decoding=\"async\" class=\"alignnone size-medium wp-image-13931\" src=\"https:\/\/keluvo.com\/template\/wp-content\/uploads\/sites\/5\/2025\/04\/S31008652de504c6cb63f210528ea8e4bo.jpg_960x960q75.jpg_.jpeg\" alt=\"\" \/><\/p>\n","protected":false},"excerpt":{"rendered":"<p>Unik 3D-bokhylledesign 3D-bokhyllemuggen (300 ml) har en rolig och kreativ design som ser ut som ett litet bokh\u00f6rn. Den \u00e4r [&hellip;]<\/p>\n","protected":false},"featured_media":25448,"comment_status":"open","ping_status":"closed","template":"","meta":{"site-sidebar-layout":"default","site-content-layout":"","ast-site-content-layout":"default","site-content-style":"default","site-sidebar-style":"default","ast-global-header-display":"","ast-banner-title-visibility":"","ast-main-header-display":"","ast-hfb-above-header-display":"","ast-hfb-below-header-display":"","ast-hfb-mobile-header-display":"","site-post-title":"","ast-breadcrumbs-content":"","ast-featured-img":"","footer-sml-layout":"","theme-transparent-header-meta":"default","adv-header-id-meta":"","stick-header-meta":"","header-above-stick-meta":"","header-main-stick-meta":"","header-below-stick-meta":"","astra-migrate-meta-layouts":"set","ast-page-background-enabled":"default","ast-page-background-meta":{"desktop":{"background-color":"var(--ast-global-color-4)","background-image":"","background-repeat":"repeat","background-position":"center center","background-size":"auto","background-attachment":"scroll","background-type":"","background-media":"","overlay-type":"","overlay-color":"","overlay-opacity":"","overlay-gradient":""},"tablet":{"background-color":"","background-image":"","background-repeat":"repeat","background-position":"center center","background-size":"auto","background-attachment":"scroll","background-type":"","background-media":"","overlay-type":"","overlay-color":"","overlay-opacity":"","overlay-gradient":""},"mobile":{"background-color":"","background-image":"","background-repeat":"repeat","background-position":"center center","background-size":"auto","background-attachment":"scroll","background-type":"","background-media":"","overlay-type":"","overlay-color":"","overlay-opacity":"","overlay-gradient":""}},"ast-content-background-meta":{"desktop":{"background-color":"var(--ast-global-color-5)","background-image":"","background-repeat":"repeat","background-position":"center center","background-size":"auto","background-attachment":"scroll","background-type":"","background-media":"","overlay-type":"","overlay-color":"","overlay-opacity":"","overlay-gradient":""},"tablet":{"background-color":"var(--ast-global-color-5)","background-image":"","background-repeat":"repeat","background-position":"center center","background-size":"auto","background-attachment":"scroll","background-type":"","background-media":"","overlay-type":"","overlay-color":"","overlay-opacity":"","overlay-gradient":""},"mobile":{"background-color":"var(--ast-global-color-5)","background-image":"","background-repeat":"repeat","background-position":"center center","background-size":"auto","background-attachment":"scroll","background-type":"","background-media":"","overlay-type":"","overlay-color":"","overlay-opacity":"","overlay-gradient":""}}},"product_brand":[],"product_cat":[1001],"product_tag":[],"class_list":{"0":"post-25452","1":"product","2":"type-product","3":"status-publish","4":"has-post-thumbnail","6":"product_cat-household-goods","7":"pa_32198_lbwsbs40-beige","8":"pa_32198_lbwsbs40-bla","9":"pa_32198_lbwsbs40-gra","10":"desktop-align-left","11":"tablet-align-left","12":"mobile-align-left","14":"first","15":"instock","16":"shipping-taxable","17":"purchasable","18":"product-type-variable"},"_links":{"self":[{"href":"https:\/\/keluvo.com\/se\/wp-json\/wp\/v2\/product\/25452","targetHints":{"allow":["GET"]}}],"collection":[{"href":"https:\/\/keluvo.com\/se\/wp-json\/wp\/v2\/product"}],"about":[{"href":"https:\/\/keluvo.com\/se\/wp-json\/wp\/v2\/types\/product"}],"replies":[{"embeddable":true,"href":"https:\/\/keluvo.com\/se\/wp-json\/wp\/v2\/comments?post=25452"}],"wp:featuredmedia":[{"embeddable":true,"href":"https:\/\/keluvo.com\/se\/wp-json\/wp\/v2\/media\/25448"}],"wp:attachment":[{"href":"https:\/\/keluvo.com\/se\/wp-json\/wp\/v2\/media?parent=25452"}],"wp:term":[{"taxonomy":"product_brand","embeddable":true,"href":"https:\/\/keluvo.com\/se\/wp-json\/wp\/v2\/product_brand?post=25452"},{"taxonomy":"product_cat","embeddable":true,"href":"https:\/\/keluvo.com\/se\/wp-json\/wp\/v2\/product_cat?post=25452"},{"taxonomy":"product_tag","embeddable":true,"href":"https:\/\/keluvo.com\/se\/wp-json\/wp\/v2\/product_tag?post=25452"}],"curies":[{"name":"wp","href":"https:\/\/api.w.org\/{rel}","templated":true}]}}