{"id":25440,"date":"2025-09-09T11:54:16","date_gmt":"2025-09-09T08:54:16","guid":{"rendered":"https:\/\/keluvo.com\/se\/product\/hundavvisare\/"},"modified":"2025-09-09T11:54:16","modified_gmt":"2025-09-09T08:54:16","slug":"hundavvisare","status":"publish","type":"product","link":"https:\/\/keluvo.com\/se\/product\/hundavvisare\/","title":{"rendered":"Hundavvisare"},"content":{"rendered":"<h2 class=\"\" style=\"text-align: center\" data-start=\"0\" data-end=\"20\">H\u00e5ller hundar borta<\/h2>\n<p class=\"\" style=\"text-align: center\" data-start=\"21\" data-end=\"229\">Hundrepellern anv\u00e4nder starka ljudv\u00e5gor f\u00f6r att h\u00e5lla o\u00f6nskade hundar p\u00e5 avst\u00e5nd. Det hj\u00e4lper till att f\u00f6rhindra hundattacker n\u00e4r du promenerar eller tillbringar tid utomhus. S\u00e4kert f\u00f6r m\u00e4nniskor och husdjur, det \u00e4r ett smart s\u00e4tt att h\u00e5lla sig skyddad.<\/p>\n<p data-start=\"21\" data-end=\"229\"><img decoding=\"async\" class=\"alignnone size-medium wp-image-13873 aligncenter\" src=\"https:\/\/keluvo.com\/template\/wp-content\/uploads\/sites\/5\/2025\/04\/Sfae8e4e4dd6a499094589fe0678c95fbK.jpg_960x960q75.jpg_.jpeg\" alt=\"\" \/><\/p>\n<h2 class=\"\" style=\"text-align: center\" data-start=\"231\" data-end=\"257\">S\u00e4ker och ofarlig anv\u00e4ndning<\/h2>\n<p class=\"\" style=\"text-align: center\" data-start=\"258\" data-end=\"438\">Den h\u00e4r hundavvisaren anv\u00e4nder ultraljud som djur ogillar men m\u00e4nniskor inte kan h\u00f6ra. Det skadar inte husdjur eller vilda djur. Det \u00e4r ett s\u00e4kert s\u00e4tt att stoppa sk\u00e4llande eller o\u00f6nskade bes\u00f6k.<\/p>\n<p data-start=\"258\" data-end=\"438\"><img decoding=\"async\" class=\"alignnone size-medium wp-image-13867 aligncenter\" src=\"https:\/\/keluvo.com\/template\/wp-content\/uploads\/sites\/5\/2025\/04\/S95dcf7bf14104c47acf20bce2160ca2ed.jpg_960x960q75.jpg_.jpeg\" alt=\"\" \/><\/p>\n","protected":false},"excerpt":{"rendered":"<p>H\u00e5ller hundar borta Hundrepellern anv\u00e4nder starka ljudv\u00e5gor f\u00f6r att h\u00e5lla o\u00f6nskade hundar p\u00e5 avst\u00e5nd. Det hj\u00e4lper till att f\u00f6rhindra hundattacker [&hellip;]<\/p>\n","protected":false},"featured_media":25436,"comment_status":"open","ping_status":"closed","template":"","meta":{"site-sidebar-layout":"default","site-content-layout":"","ast-site-content-layout":"default","site-content-style":"default","site-sidebar-style":"default","ast-global-header-display":"","ast-banner-title-visibility":"","ast-main-header-display":"","ast-hfb-above-header-display":"","ast-hfb-below-header-display":"","ast-hfb-mobile-header-display":"","site-post-title":"","ast-breadcrumbs-content":"","ast-featured-img":"","footer-sml-layout":"","theme-transparent-header-meta":"default","adv-header-id-meta":"","stick-header-meta":"","header-above-stick-meta":"","header-main-stick-meta":"","header-below-stick-meta":"","astra-migrate-meta-layouts":"set","ast-page-background-enabled":"default","ast-page-background-meta":{"desktop":{"background-color":"var(--ast-global-color-4)","background-image":"","background-repeat":"repeat","background-position":"center center","background-size":"auto","background-attachment":"scroll","background-type":"","background-media":"","overlay-type":"","overlay-color":"","overlay-opacity":"","overlay-gradient":""},"tablet":{"background-color":"","background-image":"","background-repeat":"repeat","background-position":"center center","background-size":"auto","background-attachment":"scroll","background-type":"","background-media":"","overlay-type":"","overlay-color":"","overlay-opacity":"","overlay-gradient":""},"mobile":{"background-color":"","background-image":"","background-repeat":"repeat","background-position":"center center","background-size":"auto","background-attachment":"scroll","background-type":"","background-media":"","overlay-type":"","overlay-color":"","overlay-opacity":"","overlay-gradient":""}},"ast-content-background-meta":{"desktop":{"background-color":"var(--ast-global-color-5)","background-image":"","background-repeat":"repeat","background-position":"center center","background-size":"auto","background-attachment":"scroll","background-type":"","background-media":"","overlay-type":"","overlay-color":"","overlay-opacity":"","overlay-gradient":""},"tablet":{"background-color":"var(--ast-global-color-5)","background-image":"","background-repeat":"repeat","background-position":"center center","background-size":"auto","background-attachment":"scroll","background-type":"","background-media":"","overlay-type":"","overlay-color":"","overlay-opacity":"","overlay-gradient":""},"mobile":{"background-color":"var(--ast-global-color-5)","background-image":"","background-repeat":"repeat","background-position":"center center","background-size":"auto","background-attachment":"scroll","background-type":"","background-media":"","overlay-type":"","overlay-color":"","overlay-opacity":"","overlay-gradient":""}}},"product_brand":[],"product_cat":[997],"product_tag":[],"class_list":{"0":"post-25440","1":"product","2":"type-product","3":"status-publish","4":"has-post-thumbnail","6":"product_cat-pets-products","7":"desktop-align-left","8":"tablet-align-left","9":"mobile-align-left","11":"first","12":"instock","13":"shipping-taxable","14":"purchasable","15":"product-type-simple"},"_links":{"self":[{"href":"https:\/\/keluvo.com\/se\/wp-json\/wp\/v2\/product\/25440","targetHints":{"allow":["GET"]}}],"collection":[{"href":"https:\/\/keluvo.com\/se\/wp-json\/wp\/v2\/product"}],"about":[{"href":"https:\/\/keluvo.com\/se\/wp-json\/wp\/v2\/types\/product"}],"replies":[{"embeddable":true,"href":"https:\/\/keluvo.com\/se\/wp-json\/wp\/v2\/comments?post=25440"}],"wp:featuredmedia":[{"embeddable":true,"href":"https:\/\/keluvo.com\/se\/wp-json\/wp\/v2\/media\/25436"}],"wp:attachment":[{"href":"https:\/\/keluvo.com\/se\/wp-json\/wp\/v2\/media?parent=25440"}],"wp:term":[{"taxonomy":"product_brand","embeddable":true,"href":"https:\/\/keluvo.com\/se\/wp-json\/wp\/v2\/product_brand?post=25440"},{"taxonomy":"product_cat","embeddable":true,"href":"https:\/\/keluvo.com\/se\/wp-json\/wp\/v2\/product_cat?post=25440"},{"taxonomy":"product_tag","embeddable":true,"href":"https:\/\/keluvo.com\/se\/wp-json\/wp\/v2\/product_tag?post=25440"}],"curies":[{"name":"wp","href":"https:\/\/api.w.org\/{rel}","templated":true}]}}