{"id":25364,"date":"2025-09-09T11:52:13","date_gmt":"2025-09-09T08:52:13","guid":{"rendered":"https:\/\/keluvo.com\/se\/product\/golvmatta-for-kok\/"},"modified":"2025-09-09T11:53:14","modified_gmt":"2025-09-09T08:53:14","slug":"golvmatta-for-kok","status":"publish","type":"product","link":"https:\/\/keluvo.com\/se\/product\/golvmatta-for-kok\/","title":{"rendered":"Golvmatta f\u00f6r k\u00f6k"},"content":{"rendered":"<h2 style=\"text-align: center\">\ud83e\uddfc H\u00e5ll dig s\u00e4ker, ren och bekv\u00e4m hemma!<\/h2>\n<p style=\"text-align: center\"><span style=\"font-weight: 400\">Tr\u00f6tt p\u00e5 att halka eller spilla i k\u00f6ket?<\/span><span style=\"font-weight: 400\"><br \/>\n<\/span><\/p>\n<p style=\"text-align: center\"><span style=\"font-weight: 400\">Denna k\u00f6ksmatta \u00e4r den perfekta hj\u00e4lpen f\u00f6r alla upptagna hem. Den \u00e4r mjuk, s\u00e4ker och superl\u00e4tt att reng\u00f6ra. Oavsett om du lagar mat, diskar eller g\u00e5r in utifr\u00e5n &#8211; den h\u00e4r mattan har din rygg!<\/span><\/p>\n<p><img decoding=\"async\" class=\"size-full wp-image-14521 aligncenter\" src=\"https:\/\/keluvo.com\/template\/wp-content\/uploads\/sites\/5\/2025\/04\/bathmatvideo-ezgif.com-gif-to-webp-converter.webp\" alt=\"\" \/><\/p>\n<h2 class=\"\" style=\"text-align: center\" data-start=\"235\" data-end=\"261\">\ud83e\uddfd Absorberar Vatten Snabbt<\/h2>\n<p class=\"\" style=\"text-align: center\" data-start=\"262\" data-end=\"440\">Den h\u00e4r k\u00f6ksmattan absorberar l\u00e4tt vatten och torkar snabbt, vilket h\u00e5ller golvet rent och torrt. Den fungerar utm\u00e4rkt n\u00e4ra diskb\u00e4nkar eller i omr\u00e5den d\u00e4r spill \u00e4r vanligt. Perfekt f\u00f6r upptagna hem.<\/p>\n<p><img decoding=\"async\" class=\"alignnone size-full wp-image-13995 aligncenter\" src=\"https:\/\/keluvo.com\/template\/wp-content\/uploads\/sites\/5\/2025\/04\/Saee7f2d4dc95464e96f52f2fbcc858c1T.jpg_960x960q75.jpg_.jpeg\" alt=\"\" \/><\/p>\n<h2 style=\"text-align: center\">\u2705 Varf\u00f6r Du Kommer Att \u00c4lska Den<\/h2>\n<p><b>100% Vattent\u00e4t<\/b><b><br \/>\n<\/b><span style=\"font-weight: 400\"> Inga fler genombl\u00f6ta golv! Spill? Inga problem, bara torka och g\u00e5<\/span><\/p>\n<p><b>Antislip-s\u00e4kerhet<\/b><b><br \/>\n<\/b><span style=\"font-weight: 400\"> Mattan h\u00e5ller sig stadigt p\u00e5 plats s\u00e5 att du inte glider eller glider \u2013 \u00e4ven med v\u00e5ta f\u00f6tter<\/span><\/p>\n<p><b>Mjuk &amp; stark<\/b><b><br \/>\n<\/b><span style=\"font-weight: 400\"> Tillverkad av slitstark polyester och byggd med avancerade s\u00f6mmar, den \u00e4r gjord f\u00f6r att h\u00e5lla<\/span><\/p>\n<p><b>Passar \u00f6verallt<\/b><b><br \/>\n<\/b><span style=\"font-weight: 400\"> Anv\u00e4nd den i k\u00f6ket, vid d\u00f6rren eller i alla rum som f\u00e5r mycket fottrafik<\/span><\/p>\n<p><b>L\u00e4tt att reng\u00f6ra<\/b><b><br \/>\n<\/b><span style=\"font-weight: 400\"> Tv\u00e4tta helt enkelt f\u00f6r hand och h\u00e4ng p\u00e5 tork. Snabbt, enkelt och problemfritt<\/span><\/p>\n<p><b>Modernt utseende<\/b><b><br \/>\n<\/b><span style=\"font-weight: 400\"> Levereras i ett snyggt tryck som passar alla vuxna hem \u2013 snyggt, enkelt och mysigt<\/span><span style=\"font-weight: 400\"><br \/>\n<\/span><\/p>\n<h2 style=\"text-align: center\">\ud83d\udce6 Vad Ing\u00e5r I Paketet<\/h2>\n<ul>\n<li style=\"font-weight: 400\"><span style=\"font-weight: 400\">1x k\u00f6ksmatta (vattent\u00e4t, halkfri, maskintillverkad polyester).<\/span><span style=\"font-weight: 400\"><br \/>\n<\/span><\/li>\n<\/ul>\n","protected":false},"excerpt":{"rendered":"<p>\ud83e\uddfc H\u00e5ll dig s\u00e4ker, ren och bekv\u00e4m hemma! Tr\u00f6tt p\u00e5 att halka eller spilla i k\u00f6ket? Denna k\u00f6ksmatta \u00e4r den [&hellip;]<\/p>\n","protected":false},"featured_media":25360,"comment_status":"open","ping_status":"closed","template":"","meta":{"site-sidebar-layout":"default","site-content-layout":"","ast-site-content-layout":"default","site-content-style":"default","site-sidebar-style":"default","ast-global-header-display":"","ast-banner-title-visibility":"","ast-main-header-display":"","ast-hfb-above-header-display":"","ast-hfb-below-header-display":"","ast-hfb-mobile-header-display":"","site-post-title":"","ast-breadcrumbs-content":"","ast-featured-img":"","footer-sml-layout":"","theme-transparent-header-meta":"default","adv-header-id-meta":"","stick-header-meta":"","header-above-stick-meta":"","header-main-stick-meta":"","header-below-stick-meta":"","astra-migrate-meta-layouts":"set","ast-page-background-enabled":"default","ast-page-background-meta":{"desktop":{"background-color":"var(--ast-global-color-4)","background-image":"","background-repeat":"repeat","background-position":"center center","background-size":"auto","background-attachment":"scroll","background-type":"","background-media":"","overlay-type":"","overlay-color":"","overlay-opacity":"","overlay-gradient":""},"tablet":{"background-color":"","background-image":"","background-repeat":"repeat","background-position":"center center","background-size":"auto","background-attachment":"scroll","background-type":"","background-media":"","overlay-type":"","overlay-color":"","overlay-opacity":"","overlay-gradient":""},"mobile":{"background-color":"","background-image":"","background-repeat":"repeat","background-position":"center center","background-size":"auto","background-attachment":"scroll","background-type":"","background-media":"","overlay-type":"","overlay-color":"","overlay-opacity":"","overlay-gradient":""}},"ast-content-background-meta":{"desktop":{"background-color":"var(--ast-global-color-5)","background-image":"","background-repeat":"repeat","background-position":"center center","background-size":"auto","background-attachment":"scroll","background-type":"","background-media":"","overlay-type":"","overlay-color":"","overlay-opacity":"","overlay-gradient":""},"tablet":{"background-color":"var(--ast-global-color-5)","background-image":"","background-repeat":"repeat","background-position":"center center","background-size":"auto","background-attachment":"scroll","background-type":"","background-media":"","overlay-type":"","overlay-color":"","overlay-opacity":"","overlay-gradient":""},"mobile":{"background-color":"var(--ast-global-color-5)","background-image":"","background-repeat":"repeat","background-position":"center center","background-size":"auto","background-attachment":"scroll","background-type":"","background-media":"","overlay-type":"","overlay-color":"","overlay-opacity":"","overlay-gradient":""}}},"product_brand":[],"product_cat":[1001],"product_tag":[],"class_list":{"0":"post-25364","1":"product","2":"type-product","3":"status-publish","4":"has-post-thumbnail","6":"product_cat-household-goods","7":"pa_29009_i5tnvas6-4298","8":"pa_29009_i5tnvas6-4299","9":"pa_29009_i5tnvas6-4300","10":"pa_29009_i5tnvas6-4301","11":"pa_29009_i5tnvas6-4302","12":"pa_29009_i5tnvas6-4303","13":"pa_29009_i5tnvas6-4304","14":"pa_29009_i5tnvas6-4305","15":"pa_29009_zxzfq662-40x60cm","16":"pa_29009_zxzfq662-40x120cm","17":"pa_29009_zxzfq662-50x160cm","18":"desktop-align-left","19":"tablet-align-left","20":"mobile-align-left","22":"first","23":"instock","24":"shipping-taxable","25":"purchasable","26":"product-type-variable","27":"has-default-attributes"},"_links":{"self":[{"href":"https:\/\/keluvo.com\/se\/wp-json\/wp\/v2\/product\/25364","targetHints":{"allow":["GET"]}}],"collection":[{"href":"https:\/\/keluvo.com\/se\/wp-json\/wp\/v2\/product"}],"about":[{"href":"https:\/\/keluvo.com\/se\/wp-json\/wp\/v2\/types\/product"}],"replies":[{"embeddable":true,"href":"https:\/\/keluvo.com\/se\/wp-json\/wp\/v2\/comments?post=25364"}],"wp:featuredmedia":[{"embeddable":true,"href":"https:\/\/keluvo.com\/se\/wp-json\/wp\/v2\/media\/25360"}],"wp:attachment":[{"href":"https:\/\/keluvo.com\/se\/wp-json\/wp\/v2\/media?parent=25364"}],"wp:term":[{"taxonomy":"product_brand","embeddable":true,"href":"https:\/\/keluvo.com\/se\/wp-json\/wp\/v2\/product_brand?post=25364"},{"taxonomy":"product_cat","embeddable":true,"href":"https:\/\/keluvo.com\/se\/wp-json\/wp\/v2\/product_cat?post=25364"},{"taxonomy":"product_tag","embeddable":true,"href":"https:\/\/keluvo.com\/se\/wp-json\/wp\/v2\/product_tag?post=25364"}],"curies":[{"name":"wp","href":"https:\/\/api.w.org\/{rel}","templated":true}]}}