{"id":25309,"date":"2025-09-09T11:50:14","date_gmt":"2025-09-09T08:50:14","guid":{"rendered":"https:\/\/keluvo.com\/se\/product\/led-majslampa\/"},"modified":"2025-09-09T13:43:51","modified_gmt":"2025-09-09T10:43:51","slug":"led-majslampa","status":"publish","type":"product","link":"https:\/\/keluvo.com\/se\/product\/led-majslampa\/","title":{"rendered":"LED-majslampa"},"content":{"rendered":"<h2 class=\"\" style=\"text-align: center\" data-start=\"90\" data-end=\"120\">Energibesparande Prestanda<\/h2>\n<p class=\"\" style=\"text-align: center\" data-start=\"121\" data-end=\"320\">LED-majslampan anv\u00e4nder upp till 90% mindre el \u00e4n vanliga gl\u00f6dlampor. Detta hj\u00e4lper till att s\u00e4nka din energir\u00e4kning och \u00e4r b\u00e4ttre f\u00f6r milj\u00f6n. Det \u00e4r ett smart val f\u00f6r b\u00e5de hem- och kontorsbelysning.<\/p>\n<p data-start=\"121\" data-end=\"320\"><img decoding=\"async\" class=\"alignnone size-medium wp-image-13898 aligncenter\" src=\"https:\/\/keluvo.com\/template\/wp-content\/uploads\/sites\/5\/2025\/04\/91ddce95-9676-44b1-8be2-33b985c2019b.webp\" alt=\"\" \/><\/p>\n<h2 class=\"\" style=\"text-align: center\" data-start=\"322\" data-end=\"353\">L\u00e5ng Anv\u00e4ndning Utan Byte<\/h2>\n<p class=\"\" style=\"text-align: center\" data-start=\"354\" data-end=\"572\">Med en livsl\u00e4ngd p\u00e5 upp till 50 000 timmar h\u00e5ller LED-majslampan mycket l\u00e4ngre \u00e4n traditionella gl\u00f6dlampor. Du beh\u00f6ver inte byta ut den ofta, vilket sparar tid och anstr\u00e4ngning. Perfekt f\u00f6r platser d\u00e4r du beh\u00f6ver ett stadigt, vardagligt ljus.<\/p>\n<p data-start=\"354\" data-end=\"572\"><img decoding=\"async\" class=\"alignnone size-medium wp-image-13899 aligncenter\" src=\"https:\/\/keluvo.com\/template\/wp-content\/uploads\/sites\/5\/2025\/04\/d9d39ac8-d7e8-40cd-9d1b-29f1c56b91c8.webp\" alt=\"\" \/><\/p>\n","protected":false},"excerpt":{"rendered":"<p>Energibesparande Prestanda LED-majslampan anv\u00e4nder upp till 90% mindre el \u00e4n vanliga gl\u00f6dlampor. Detta hj\u00e4lper till att s\u00e4nka din energir\u00e4kning och [&hellip;]<\/p>\n","protected":false},"featured_media":25305,"comment_status":"open","ping_status":"closed","template":"","meta":{"site-sidebar-layout":"default","site-content-layout":"","ast-site-content-layout":"default","site-content-style":"default","site-sidebar-style":"default","ast-global-header-display":"","ast-banner-title-visibility":"","ast-main-header-display":"","ast-hfb-above-header-display":"","ast-hfb-below-header-display":"","ast-hfb-mobile-header-display":"","site-post-title":"","ast-breadcrumbs-content":"","ast-featured-img":"","footer-sml-layout":"","theme-transparent-header-meta":"default","adv-header-id-meta":"","stick-header-meta":"","header-above-stick-meta":"","header-main-stick-meta":"","header-below-stick-meta":"","astra-migrate-meta-layouts":"set","ast-page-background-enabled":"default","ast-page-background-meta":{"desktop":{"background-color":"var(--ast-global-color-4)","background-image":"","background-repeat":"repeat","background-position":"center center","background-size":"auto","background-attachment":"scroll","background-type":"","background-media":"","overlay-type":"","overlay-color":"","overlay-opacity":"","overlay-gradient":""},"tablet":{"background-color":"","background-image":"","background-repeat":"repeat","background-position":"center center","background-size":"auto","background-attachment":"scroll","background-type":"","background-media":"","overlay-type":"","overlay-color":"","overlay-opacity":"","overlay-gradient":""},"mobile":{"background-color":"","background-image":"","background-repeat":"repeat","background-position":"center center","background-size":"auto","background-attachment":"scroll","background-type":"","background-media":"","overlay-type":"","overlay-color":"","overlay-opacity":"","overlay-gradient":""}},"ast-content-background-meta":{"desktop":{"background-color":"var(--ast-global-color-5)","background-image":"","background-repeat":"repeat","background-position":"center center","background-size":"auto","background-attachment":"scroll","background-type":"","background-media":"","overlay-type":"","overlay-color":"","overlay-opacity":"","overlay-gradient":""},"tablet":{"background-color":"var(--ast-global-color-5)","background-image":"","background-repeat":"repeat","background-position":"center center","background-size":"auto","background-attachment":"scroll","background-type":"","background-media":"","overlay-type":"","overlay-color":"","overlay-opacity":"","overlay-gradient":""},"mobile":{"background-color":"var(--ast-global-color-5)","background-image":"","background-repeat":"repeat","background-position":"center center","background-size":"auto","background-attachment":"scroll","background-type":"","background-media":"","overlay-type":"","overlay-color":"","overlay-opacity":"","overlay-gradient":""}}},"product_brand":[],"product_cat":[1001],"product_tag":[],"class_list":{"0":"post-25309","1":"product","2":"type-product","3":"status-publish","4":"has-post-thumbnail","6":"product_cat-household-goods","7":"pa_37615_hhwrnybe-12w","8":"pa_37615_hhwrnybe-16w","9":"pa_37615_hhwrnybe-20w","10":"pa_37615_thq0vqg3-cool","11":"pa_37615_thq0vqg3-neutral","12":"pa_37615_thq0vqg3-varm","13":"desktop-align-left","14":"tablet-align-left","15":"mobile-align-left","17":"first","18":"instock","19":"shipping-taxable","20":"purchasable","21":"product-type-variable","22":"has-default-attributes"},"_links":{"self":[{"href":"https:\/\/keluvo.com\/se\/wp-json\/wp\/v2\/product\/25309","targetHints":{"allow":["GET"]}}],"collection":[{"href":"https:\/\/keluvo.com\/se\/wp-json\/wp\/v2\/product"}],"about":[{"href":"https:\/\/keluvo.com\/se\/wp-json\/wp\/v2\/types\/product"}],"replies":[{"embeddable":true,"href":"https:\/\/keluvo.com\/se\/wp-json\/wp\/v2\/comments?post=25309"}],"wp:featuredmedia":[{"embeddable":true,"href":"https:\/\/keluvo.com\/se\/wp-json\/wp\/v2\/media\/25305"}],"wp:attachment":[{"href":"https:\/\/keluvo.com\/se\/wp-json\/wp\/v2\/media?parent=25309"}],"wp:term":[{"taxonomy":"product_brand","embeddable":true,"href":"https:\/\/keluvo.com\/se\/wp-json\/wp\/v2\/product_brand?post=25309"},{"taxonomy":"product_cat","embeddable":true,"href":"https:\/\/keluvo.com\/se\/wp-json\/wp\/v2\/product_cat?post=25309"},{"taxonomy":"product_tag","embeddable":true,"href":"https:\/\/keluvo.com\/se\/wp-json\/wp\/v2\/product_tag?post=25309"}],"curies":[{"name":"wp","href":"https:\/\/api.w.org\/{rel}","templated":true}]}}