{"id":25289,"date":"2025-09-09T11:49:34","date_gmt":"2025-09-09T08:49:34","guid":{"rendered":"https:\/\/keluvo.com\/se\/product\/hangsmycke-med-parla\/"},"modified":"2025-09-16T01:26:01","modified_gmt":"2025-09-15T22:26:01","slug":"hangsmycke-med-parla","status":"publish","type":"product","link":"https:\/\/keluvo.com\/se\/product\/hangsmycke-med-parla\/","title":{"rendered":"H\u00e4ngsmycke med p\u00e4rla"},"content":{"rendered":"<h2 class=\"\" style=\"text-align: center\" data-start=\"0\" data-end=\"31\">Snygg och elegant design<\/h2>\n<p class=\"\" style=\"text-align: center\" data-start=\"32\" data-end=\"234\">P\u00e4rlsmycket har en enkel men i\u00f6gonfallande design med en sl\u00e4t p\u00e4rla och guldf\u00e4rgade p\u00e4rlor. Det ger en mjuk, elegant touch till alla outfits. Perfekt f\u00f6r b\u00e5de avslappnade och uppkl\u00e4dda tillf\u00e4llen.<\/p>\n<p data-start=\"32\" data-end=\"234\"><img decoding=\"async\" class=\"alignnone size-full wp-image-13981 aligncenter\" src=\"https:\/\/keluvo.com\/template\/wp-content\/uploads\/sites\/5\/2025\/04\/S1dd40ed737a946a49fc86ccc4033de015.jpg_960x960q75.jpg_.jpeg\" alt=\"\" \/><\/p>\n<h2 class=\"\" style=\"text-align: center\" data-start=\"236\" data-end=\"259\">Handgjort Med Omsorg<\/h2>\n<p class=\"\" style=\"text-align: center\" data-start=\"260\" data-end=\"472\">Varje del av detta p\u00e4rlsmycke \u00e4r handgjort med omsorg om detaljerna. Den starka kedjan och de noggrant placerade p\u00e4rlorna g\u00f6r det b\u00e5de vackert och h\u00e5llbart. Ett utm\u00e4rkt val f\u00f6r kvinnor som \u00e4lskar unika accessoarer.<\/p>\n<p data-start=\"260\" data-end=\"472\"><img decoding=\"async\" class=\"alignnone size-full wp-image-13983 aligncenter\" src=\"https:\/\/keluvo.com\/template\/wp-content\/uploads\/sites\/5\/2025\/04\/S3dc0f4f77ade4939a68076f446560a01O.jpg_960x960q75.jpg_.jpeg\" alt=\"\" \/><\/p>\n","protected":false},"excerpt":{"rendered":"<p>Snygg och elegant design P\u00e4rlsmycket har en enkel men i\u00f6gonfallande design med en sl\u00e4t p\u00e4rla och guldf\u00e4rgade p\u00e4rlor. Det ger [&hellip;]<\/p>\n","protected":false},"featured_media":25285,"comment_status":"open","ping_status":"closed","template":"","meta":{"site-sidebar-layout":"default","site-content-layout":"","ast-site-content-layout":"default","site-content-style":"default","site-sidebar-style":"default","ast-global-header-display":"","ast-banner-title-visibility":"","ast-main-header-display":"","ast-hfb-above-header-display":"","ast-hfb-below-header-display":"","ast-hfb-mobile-header-display":"","site-post-title":"","ast-breadcrumbs-content":"","ast-featured-img":"","footer-sml-layout":"","theme-transparent-header-meta":"default","adv-header-id-meta":"","stick-header-meta":"","header-above-stick-meta":"","header-main-stick-meta":"","header-below-stick-meta":"","astra-migrate-meta-layouts":"set","ast-page-background-enabled":"default","ast-page-background-meta":{"desktop":{"background-color":"var(--ast-global-color-4)","background-image":"","background-repeat":"repeat","background-position":"center center","background-size":"auto","background-attachment":"scroll","background-type":"","background-media":"","overlay-type":"","overlay-color":"","overlay-opacity":"","overlay-gradient":""},"tablet":{"background-color":"","background-image":"","background-repeat":"repeat","background-position":"center center","background-size":"auto","background-attachment":"scroll","background-type":"","background-media":"","overlay-type":"","overlay-color":"","overlay-opacity":"","overlay-gradient":""},"mobile":{"background-color":"","background-image":"","background-repeat":"repeat","background-position":"center center","background-size":"auto","background-attachment":"scroll","background-type":"","background-media":"","overlay-type":"","overlay-color":"","overlay-opacity":"","overlay-gradient":""}},"ast-content-background-meta":{"desktop":{"background-color":"var(--ast-global-color-5)","background-image":"","background-repeat":"repeat","background-position":"center center","background-size":"auto","background-attachment":"scroll","background-type":"","background-media":"","overlay-type":"","overlay-color":"","overlay-opacity":"","overlay-gradient":""},"tablet":{"background-color":"var(--ast-global-color-5)","background-image":"","background-repeat":"repeat","background-position":"center center","background-size":"auto","background-attachment":"scroll","background-type":"","background-media":"","overlay-type":"","overlay-color":"","overlay-opacity":"","overlay-gradient":""},"mobile":{"background-color":"var(--ast-global-color-5)","background-image":"","background-repeat":"repeat","background-position":"center center","background-size":"auto","background-attachment":"scroll","background-type":"","background-media":"","overlay-type":"","overlay-color":"","overlay-opacity":"","overlay-gradient":""}}},"product_brand":[],"product_cat":[993],"product_tag":[],"class_list":{"0":"post-25289","1":"product","2":"type-product","3":"status-publish","4":"has-post-thumbnail","6":"product_cat-footwear-accessories","7":"pa_28161_6pu9ifn4-gron","8":"pa_28161_6pu9ifn4-rod","9":"pa_28161_6pu9ifn4-svart","10":"pa_28161_6pu9ifn4-vit","11":"desktop-align-left","12":"tablet-align-left","13":"mobile-align-left","15":"first","16":"instock","17":"shipping-taxable","18":"purchasable","19":"product-type-variable"},"_links":{"self":[{"href":"https:\/\/keluvo.com\/se\/wp-json\/wp\/v2\/product\/25289","targetHints":{"allow":["GET"]}}],"collection":[{"href":"https:\/\/keluvo.com\/se\/wp-json\/wp\/v2\/product"}],"about":[{"href":"https:\/\/keluvo.com\/se\/wp-json\/wp\/v2\/types\/product"}],"replies":[{"embeddable":true,"href":"https:\/\/keluvo.com\/se\/wp-json\/wp\/v2\/comments?post=25289"}],"wp:featuredmedia":[{"embeddable":true,"href":"https:\/\/keluvo.com\/se\/wp-json\/wp\/v2\/media\/25285"}],"wp:attachment":[{"href":"https:\/\/keluvo.com\/se\/wp-json\/wp\/v2\/media?parent=25289"}],"wp:term":[{"taxonomy":"product_brand","embeddable":true,"href":"https:\/\/keluvo.com\/se\/wp-json\/wp\/v2\/product_brand?post=25289"},{"taxonomy":"product_cat","embeddable":true,"href":"https:\/\/keluvo.com\/se\/wp-json\/wp\/v2\/product_cat?post=25289"},{"taxonomy":"product_tag","embeddable":true,"href":"https:\/\/keluvo.com\/se\/wp-json\/wp\/v2\/product_tag?post=25289"}],"curies":[{"name":"wp","href":"https:\/\/api.w.org\/{rel}","templated":true}]}}