{"id":25270,"date":"2025-09-09T11:49:03","date_gmt":"2025-09-09T08:49:03","guid":{"rendered":"https:\/\/keluvo.com\/se\/product\/magnetisk-verktygsorganisator\/"},"modified":"2025-09-09T11:49:10","modified_gmt":"2025-09-09T08:49:10","slug":"magnetisk-verktygsorganisator","status":"publish","type":"product","link":"https:\/\/keluvo.com\/se\/product\/magnetisk-verktygsorganisator\/","title":{"rendered":"Magnetisk verktygsorganisat\u00f6r"},"content":{"rendered":"<h2 style=\"text-align: center\">\ud83d\udee0\ufe0f H\u00e5ll dina verktyg p\u00e5 plats, alltid redo att anv\u00e4ndas!<\/h2>\n<p style=\"text-align: center\"><span style=\"font-weight: 400\">S\u00e4g adj\u00f6 till r\u00f6riga l\u00e5dor och borttappade verktyg! <\/span><span style=\"font-weight: 400\">Den magnetiska verktygsorganisat\u00f6ren \u00e4r det enklaste s\u00e4ttet att h\u00e5lla dina verktyg snygga, s\u00e4kra och alltid inom r\u00e4ckh\u00e5ll.<\/span><\/p>\n<p data-start=\"30\" data-end=\"242\"><img decoding=\"async\" class=\"size-full wp-image-14519 aligncenter\" src=\"https:\/\/keluvo.com\/template\/wp-content\/uploads\/sites\/5\/2025\/04\/magneticholdervideo-ezgif.com-gif-to-webp-converter.webp\" alt=\"\" \/><\/p>\n<h2 style=\"text-align: center\">\u2705 Vad du kommer att \u00e4lska<\/h2>\n<p>Starkt &amp; s\u00e4kert grepp: Kraftfulla magneter h\u00e5ller dina metallverktyg stadigt p\u00e5 plats. Glider inte. Inget fall<\/p>\n<p>Sparar tid: Hitta det verktyg du beh\u00f6ver p\u00e5 n\u00e5gra sekunder. Inget mer gr\u00e4vande genom r\u00f6riga l\u00e5dor<\/p>\n<p>Justerbar storlek: Levereras med ett l\u00e4nksp\u00e4nne s\u00e5 att du kan f\u00f6rl\u00e4nga remsan f\u00f6r att passa fler verktyg<\/p>\n<p>L\u00e4tt att installera: Borra bara in i v\u00e4ggen med hj\u00e4lp av medf\u00f6ljande skruvar och ankare. Monteras p\u00e5 n\u00e5gra minuter<\/p>\n<p>Passar i alla utrymmen: Perfekt f\u00f6r garage, verkst\u00e4der, verktygsbodar och till och med inuti sk\u00e5pbilar eller sl\u00e4pvagnar<\/p>\n<p>Ser rent och professionellt ut: F\u00e5r ditt utrymme att se organiserat, st\u00e4dat och redo ut<\/p>\n<h2 class=\"\" style=\"text-align: center\" data-start=\"244\" data-end=\"273\"><img decoding=\"async\" class=\"alignnone size-medium wp-image-13921 aligncenter\" style=\"font-size: 16px;font-style: inherit;font-weight: inherit\" src=\"https:\/\/keluvo.com\/template\/wp-content\/uploads\/sites\/5\/2025\/04\/S29531152af474fc2a9490e48f9b5a07eO.jpg_960x960q75.jpg_.jpeg\" alt=\"\" \/><\/h2>\n<h2 style=\"text-align: center\">\ud83e\uddf0 Vad ing\u00e5r i paketet<\/h2>\n<ul>\n<li style=\"font-weight: 400\"><span style=\"font-weight: 400\">1x magnetisk verktygsorganisationslist<\/span><\/li>\n<li style=\"font-weight: 400\"><span style=\"font-weight: 400\">1x kl\u00e4mma (f\u00f6r att f\u00f6rl\u00e4nga listen)<\/span><\/li>\n<li style=\"font-weight: 400\"><span style=\"font-weight: 400\">2x skruvar<\/span><\/li>\n<li style=\"font-weight: 400\"><span style=\"font-weight: 400\">Enkla installationsinstruktioner.<\/span><\/li>\n<\/ul>\n","protected":false},"excerpt":{"rendered":"<p>\ud83d\udee0\ufe0f H\u00e5ll dina verktyg p\u00e5 plats, alltid redo att anv\u00e4ndas! S\u00e4g adj\u00f6 till r\u00f6riga l\u00e5dor och borttappade verktyg! Den magnetiska [&hellip;]<\/p>\n","protected":false},"featured_media":25266,"comment_status":"open","ping_status":"closed","template":"","meta":{"site-sidebar-layout":"default","site-content-layout":"","ast-site-content-layout":"default","site-content-style":"default","site-sidebar-style":"default","ast-global-header-display":"","ast-banner-title-visibility":"","ast-main-header-display":"","ast-hfb-above-header-display":"","ast-hfb-below-header-display":"","ast-hfb-mobile-header-display":"","site-post-title":"","ast-breadcrumbs-content":"","ast-featured-img":"","footer-sml-layout":"","theme-transparent-header-meta":"default","adv-header-id-meta":"","stick-header-meta":"","header-above-stick-meta":"","header-main-stick-meta":"","header-below-stick-meta":"","astra-migrate-meta-layouts":"set","ast-page-background-enabled":"default","ast-page-background-meta":{"desktop":{"background-color":"var(--ast-global-color-4)","background-image":"","background-repeat":"repeat","background-position":"center center","background-size":"auto","background-attachment":"scroll","background-type":"","background-media":"","overlay-type":"","overlay-color":"","overlay-opacity":"","overlay-gradient":""},"tablet":{"background-color":"","background-image":"","background-repeat":"repeat","background-position":"center center","background-size":"auto","background-attachment":"scroll","background-type":"","background-media":"","overlay-type":"","overlay-color":"","overlay-opacity":"","overlay-gradient":""},"mobile":{"background-color":"","background-image":"","background-repeat":"repeat","background-position":"center center","background-size":"auto","background-attachment":"scroll","background-type":"","background-media":"","overlay-type":"","overlay-color":"","overlay-opacity":"","overlay-gradient":""}},"ast-content-background-meta":{"desktop":{"background-color":"var(--ast-global-color-5)","background-image":"","background-repeat":"repeat","background-position":"center center","background-size":"auto","background-attachment":"scroll","background-type":"","background-media":"","overlay-type":"","overlay-color":"","overlay-opacity":"","overlay-gradient":""},"tablet":{"background-color":"var(--ast-global-color-5)","background-image":"","background-repeat":"repeat","background-position":"center center","background-size":"auto","background-attachment":"scroll","background-type":"","background-media":"","overlay-type":"","overlay-color":"","overlay-opacity":"","overlay-gradient":""},"mobile":{"background-color":"var(--ast-global-color-5)","background-image":"","background-repeat":"repeat","background-position":"center center","background-size":"auto","background-attachment":"scroll","background-type":"","background-media":"","overlay-type":"","overlay-color":"","overlay-opacity":"","overlay-gradient":""}}},"product_brand":[],"product_cat":[993],"product_tag":[],"class_list":{"0":"post-25270","1":"product","2":"type-product","3":"status-publish","4":"has-post-thumbnail","6":"product_cat-footwear-accessories","7":"pa_34114_lvu2umkp-20-cm","8":"pa_34114_lvu2umkp-30-cm","9":"pa_34114_lvu2umkp-45-cm","10":"desktop-align-left","11":"tablet-align-left","12":"mobile-align-left","14":"first","15":"instock","16":"shipping-taxable","17":"purchasable","18":"product-type-variable"},"_links":{"self":[{"href":"https:\/\/keluvo.com\/se\/wp-json\/wp\/v2\/product\/25270","targetHints":{"allow":["GET"]}}],"collection":[{"href":"https:\/\/keluvo.com\/se\/wp-json\/wp\/v2\/product"}],"about":[{"href":"https:\/\/keluvo.com\/se\/wp-json\/wp\/v2\/types\/product"}],"replies":[{"embeddable":true,"href":"https:\/\/keluvo.com\/se\/wp-json\/wp\/v2\/comments?post=25270"}],"wp:featuredmedia":[{"embeddable":true,"href":"https:\/\/keluvo.com\/se\/wp-json\/wp\/v2\/media\/25266"}],"wp:attachment":[{"href":"https:\/\/keluvo.com\/se\/wp-json\/wp\/v2\/media?parent=25270"}],"wp:term":[{"taxonomy":"product_brand","embeddable":true,"href":"https:\/\/keluvo.com\/se\/wp-json\/wp\/v2\/product_brand?post=25270"},{"taxonomy":"product_cat","embeddable":true,"href":"https:\/\/keluvo.com\/se\/wp-json\/wp\/v2\/product_cat?post=25270"},{"taxonomy":"product_tag","embeddable":true,"href":"https:\/\/keluvo.com\/se\/wp-json\/wp\/v2\/product_tag?post=25270"}],"curies":[{"name":"wp","href":"https:\/\/api.w.org\/{rel}","templated":true}]}}