{"id":25247,"date":"2025-09-09T11:48:14","date_gmt":"2025-09-09T08:48:14","guid":{"rendered":"https:\/\/keluvo.com\/se\/product\/crossbody-vaska-2\/"},"modified":"2025-09-16T01:24:33","modified_gmt":"2025-09-15T22:24:33","slug":"crossbody-vaska-2","status":"publish","type":"product","link":"https:\/\/keluvo.com\/se\/product\/crossbody-vaska-2\/","title":{"rendered":"Crossbody-v\u00e4ska"},"content":{"rendered":"<h2 class=\"\" style=\"text-align: center\" data-start=\"0\" data-end=\"28\">L\u00e4tt och smidig att b\u00e4ra<\/h2>\n<p class=\"\" style=\"text-align: center\" data-start=\"29\" data-end=\"214\">Crossbody-v\u00e4skan \u00e4r perfekt f\u00f6r dagligt bruk eller resor. Den \u00e4r liten, l\u00e4tt och h\u00e5ller dina h\u00e4nder fria samtidigt som den h\u00e5ller dina viktiga f\u00f6rem\u00e5l. Inget behov av tunga v\u00e4skor eller fyllda fickor l\u00e4ngre.<\/p>\n<p style=\"text-align: center\" data-start=\"29\" data-end=\"214\"><img decoding=\"async\" class=\"alignnone size-full wp-image-14058\" src=\"https:\/\/keluvo.com\/template\/wp-content\/uploads\/sites\/5\/2025\/04\/668597c0-ca90-45c5-a85d-34a98f335472.webp\" alt=\"\" \/><\/p>\n<h2 class=\"\" style=\"text-align: center\" data-start=\"216\" data-end=\"245\">Stark och l\u00e4tt att reng\u00f6ra<\/h2>\n<p class=\"\" style=\"text-align: center\" data-start=\"246\" data-end=\"446\">Den h\u00e4r crossbody-v\u00e4skan \u00e4r tillverkad av h\u00f6gkvalitativ Oxford-tyg. Materialet \u00e4r b\u00e5de mjukt och starkt, vilket g\u00f6r det l\u00e4tt att reng\u00f6ra och perfekt f\u00f6r daglig anv\u00e4ndning. Den klarar b\u00e5de ett hektiskt stadsliv och avkopplande stranddagar.<\/p>\n<p data-start=\"246\" data-end=\"446\"><img decoding=\"async\" class=\"alignnone size-full wp-image-14061 aligncenter\" src=\"https:\/\/keluvo.com\/template\/wp-content\/uploads\/sites\/5\/2025\/04\/e498c435-c71f-48ee-8104-9e5d77069ebb.webp\" alt=\"\" \/><\/p>\n","protected":false},"excerpt":{"rendered":"<p>L\u00e4tt och smidig att b\u00e4ra Crossbody-v\u00e4skan \u00e4r perfekt f\u00f6r dagligt bruk eller resor. Den \u00e4r liten, l\u00e4tt och h\u00e5ller dina [&hellip;]<\/p>\n","protected":false},"featured_media":25243,"comment_status":"open","ping_status":"closed","template":"","meta":{"site-sidebar-layout":"default","site-content-layout":"","ast-site-content-layout":"default","site-content-style":"default","site-sidebar-style":"default","ast-global-header-display":"","ast-banner-title-visibility":"","ast-main-header-display":"","ast-hfb-above-header-display":"","ast-hfb-below-header-display":"","ast-hfb-mobile-header-display":"","site-post-title":"","ast-breadcrumbs-content":"","ast-featured-img":"","footer-sml-layout":"","theme-transparent-header-meta":"default","adv-header-id-meta":"","stick-header-meta":"","header-above-stick-meta":"","header-main-stick-meta":"","header-below-stick-meta":"","astra-migrate-meta-layouts":"set","ast-page-background-enabled":"default","ast-page-background-meta":{"desktop":{"background-color":"var(--ast-global-color-4)","background-image":"","background-repeat":"repeat","background-position":"center center","background-size":"auto","background-attachment":"scroll","background-type":"","background-media":"","overlay-type":"","overlay-color":"","overlay-opacity":"","overlay-gradient":""},"tablet":{"background-color":"","background-image":"","background-repeat":"repeat","background-position":"center center","background-size":"auto","background-attachment":"scroll","background-type":"","background-media":"","overlay-type":"","overlay-color":"","overlay-opacity":"","overlay-gradient":""},"mobile":{"background-color":"","background-image":"","background-repeat":"repeat","background-position":"center center","background-size":"auto","background-attachment":"scroll","background-type":"","background-media":"","overlay-type":"","overlay-color":"","overlay-opacity":"","overlay-gradient":""}},"ast-content-background-meta":{"desktop":{"background-color":"var(--ast-global-color-5)","background-image":"","background-repeat":"repeat","background-position":"center center","background-size":"auto","background-attachment":"scroll","background-type":"","background-media":"","overlay-type":"","overlay-color":"","overlay-opacity":"","overlay-gradient":""},"tablet":{"background-color":"var(--ast-global-color-5)","background-image":"","background-repeat":"repeat","background-position":"center center","background-size":"auto","background-attachment":"scroll","background-type":"","background-media":"","overlay-type":"","overlay-color":"","overlay-opacity":"","overlay-gradient":""},"mobile":{"background-color":"var(--ast-global-color-5)","background-image":"","background-repeat":"repeat","background-position":"center center","background-size":"auto","background-attachment":"scroll","background-type":"","background-media":"","overlay-type":"","overlay-color":"","overlay-opacity":"","overlay-gradient":""}}},"product_brand":[],"product_cat":[993],"product_tag":[],"class_list":{"0":"post-25247","1":"product","2":"type-product","3":"status-publish","4":"has-post-thumbnail","6":"product_cat-footwear-accessories","7":"pa_22453_gere6mat-bla","8":"pa_22453_gere6mat-gron","9":"pa_22453_gere6mat-gul","10":"pa_22453_gere6mat-lila","11":"pa_22453_gere6mat-rod","12":"pa_22453_gere6mat-rosa","13":"pa_22453_gere6mat-svart","14":"desktop-align-left","15":"tablet-align-left","16":"mobile-align-left","18":"first","19":"instock","20":"shipping-taxable","21":"purchasable","22":"product-type-variable"},"_links":{"self":[{"href":"https:\/\/keluvo.com\/se\/wp-json\/wp\/v2\/product\/25247","targetHints":{"allow":["GET"]}}],"collection":[{"href":"https:\/\/keluvo.com\/se\/wp-json\/wp\/v2\/product"}],"about":[{"href":"https:\/\/keluvo.com\/se\/wp-json\/wp\/v2\/types\/product"}],"replies":[{"embeddable":true,"href":"https:\/\/keluvo.com\/se\/wp-json\/wp\/v2\/comments?post=25247"}],"wp:featuredmedia":[{"embeddable":true,"href":"https:\/\/keluvo.com\/se\/wp-json\/wp\/v2\/media\/25243"}],"wp:attachment":[{"href":"https:\/\/keluvo.com\/se\/wp-json\/wp\/v2\/media?parent=25247"}],"wp:term":[{"taxonomy":"product_brand","embeddable":true,"href":"https:\/\/keluvo.com\/se\/wp-json\/wp\/v2\/product_brand?post=25247"},{"taxonomy":"product_cat","embeddable":true,"href":"https:\/\/keluvo.com\/se\/wp-json\/wp\/v2\/product_cat?post=25247"},{"taxonomy":"product_tag","embeddable":true,"href":"https:\/\/keluvo.com\/se\/wp-json\/wp\/v2\/product_tag?post=25247"}],"curies":[{"name":"wp","href":"https:\/\/api.w.org\/{rel}","templated":true}]}}