{"id":25224,"date":"2025-09-09T11:47:31","date_gmt":"2025-09-09T08:47:31","guid":{"rendered":"https:\/\/keluvo.com\/se\/product\/led-skosnoren\/"},"modified":"2025-09-09T11:47:47","modified_gmt":"2025-09-09T08:47:47","slug":"led-skosnoren","status":"publish","type":"product","link":"https:\/\/keluvo.com\/se\/product\/led-skosnoren\/","title":{"rendered":"LED-skosn\u00f6ren"},"content":{"rendered":"<h2 class=\"\" style=\"text-align: center\" data-start=\"0\" data-end=\"22\">Roliga ljuseffekter<\/h2>\n<p class=\"\" style=\"text-align: center\" data-start=\"23\" data-end=\"244\">LED-skosn\u00f6rena har tre ljusl\u00e4gen: snabb blixt, l\u00e5ngsam blixt och stadigt sken. Du kan \u00e4ndra l\u00e4get med en knapptryckning. Detta g\u00f6r att dina skor sticker ut p\u00e5 fester, konserter eller n\u00e4r du g\u00e5r p\u00e5 natten.<\/p>\n<p data-start=\"23\" data-end=\"244\"><img decoding=\"async\" class=\"alignnone size-medium wp-image-13970 aligncenter\" src=\"https:\/\/keluvo.com\/template\/wp-content\/uploads\/sites\/5\/2025\/04\/Sc15ffd76804a498b87422be9306f7aadm.jpg_960x960q75.jpg_.jpeg\" alt=\"\" \/><\/p>\n<h2 class=\"\" style=\"text-align: center\" data-start=\"246\" data-end=\"267\">Mjuka och h\u00e5llbara<\/h2>\n<p class=\"\" style=\"text-align: center\" data-start=\"268\" data-end=\"457\">Led-skosn\u00f6rena \u00e4r tillverkade av PP-b\u00e4lte och ABS-skal och \u00e4r mjuka att b\u00e4ra och tillr\u00e4ckligt starka f\u00f6r daglig anv\u00e4ndning. De \u00e4r l\u00e4tta att reng\u00f6ra och bleknar inte eller g\u00e5r s\u00f6nder l\u00e4tt. Perfekt f\u00f6r b\u00e5de barn och vuxna.<\/p>\n<p data-start=\"268\" data-end=\"457\"><img decoding=\"async\" class=\"alignnone size-medium wp-image-13972 aligncenter\" src=\"https:\/\/keluvo.com\/template\/wp-content\/uploads\/sites\/5\/2025\/04\/Sdc954ce762f34290b1c3a568b730e9f1B.jpg_960x960q75.jpg_.jpeg\" alt=\"\" \/><\/p>\n","protected":false},"excerpt":{"rendered":"<p>Roliga ljuseffekter LED-skosn\u00f6rena har tre ljusl\u00e4gen: snabb blixt, l\u00e5ngsam blixt och stadigt sken. Du kan \u00e4ndra l\u00e4get med en knapptryckning. [&hellip;]<\/p>\n","protected":false},"featured_media":25220,"comment_status":"open","ping_status":"closed","template":"","meta":{"site-sidebar-layout":"default","site-content-layout":"","ast-site-content-layout":"default","site-content-style":"default","site-sidebar-style":"default","ast-global-header-display":"","ast-banner-title-visibility":"","ast-main-header-display":"","ast-hfb-above-header-display":"","ast-hfb-below-header-display":"","ast-hfb-mobile-header-display":"","site-post-title":"","ast-breadcrumbs-content":"","ast-featured-img":"","footer-sml-layout":"","theme-transparent-header-meta":"default","adv-header-id-meta":"","stick-header-meta":"","header-above-stick-meta":"","header-main-stick-meta":"","header-below-stick-meta":"","astra-migrate-meta-layouts":"set","ast-page-background-enabled":"default","ast-page-background-meta":{"desktop":{"background-color":"var(--ast-global-color-4)","background-image":"","background-repeat":"repeat","background-position":"center center","background-size":"auto","background-attachment":"scroll","background-type":"","background-media":"","overlay-type":"","overlay-color":"","overlay-opacity":"","overlay-gradient":""},"tablet":{"background-color":"","background-image":"","background-repeat":"repeat","background-position":"center center","background-size":"auto","background-attachment":"scroll","background-type":"","background-media":"","overlay-type":"","overlay-color":"","overlay-opacity":"","overlay-gradient":""},"mobile":{"background-color":"","background-image":"","background-repeat":"repeat","background-position":"center center","background-size":"auto","background-attachment":"scroll","background-type":"","background-media":"","overlay-type":"","overlay-color":"","overlay-opacity":"","overlay-gradient":""}},"ast-content-background-meta":{"desktop":{"background-color":"var(--ast-global-color-5)","background-image":"","background-repeat":"repeat","background-position":"center center","background-size":"auto","background-attachment":"scroll","background-type":"","background-media":"","overlay-type":"","overlay-color":"","overlay-opacity":"","overlay-gradient":""},"tablet":{"background-color":"var(--ast-global-color-5)","background-image":"","background-repeat":"repeat","background-position":"center center","background-size":"auto","background-attachment":"scroll","background-type":"","background-media":"","overlay-type":"","overlay-color":"","overlay-opacity":"","overlay-gradient":""},"mobile":{"background-color":"var(--ast-global-color-5)","background-image":"","background-repeat":"repeat","background-position":"center center","background-size":"auto","background-attachment":"scroll","background-type":"","background-media":"","overlay-type":"","overlay-color":"","overlay-opacity":"","overlay-gradient":""}}},"product_brand":[],"product_cat":[993],"product_tag":[],"class_list":{"0":"post-25224","1":"product","2":"type-product","3":"status-publish","4":"has-post-thumbnail","6":"product_cat-footwear-accessories","7":"pa_32018_9vmec76p-bla","8":"pa_32018_9vmec76p-gron","9":"pa_32018_9vmec76p-multicolor","10":"pa_32018_9vmec76p-orange","11":"pa_32018_9vmec76p-rod","12":"pa_32018_9vmec76p-rosa","13":"pa_32018_9vmec76p-vit","14":"desktop-align-left","15":"tablet-align-left","16":"mobile-align-left","18":"first","19":"instock","20":"shipping-taxable","21":"purchasable","22":"product-type-variable"},"_links":{"self":[{"href":"https:\/\/keluvo.com\/se\/wp-json\/wp\/v2\/product\/25224","targetHints":{"allow":["GET"]}}],"collection":[{"href":"https:\/\/keluvo.com\/se\/wp-json\/wp\/v2\/product"}],"about":[{"href":"https:\/\/keluvo.com\/se\/wp-json\/wp\/v2\/types\/product"}],"replies":[{"embeddable":true,"href":"https:\/\/keluvo.com\/se\/wp-json\/wp\/v2\/comments?post=25224"}],"wp:featuredmedia":[{"embeddable":true,"href":"https:\/\/keluvo.com\/se\/wp-json\/wp\/v2\/media\/25220"}],"wp:attachment":[{"href":"https:\/\/keluvo.com\/se\/wp-json\/wp\/v2\/media?parent=25224"}],"wp:term":[{"taxonomy":"product_brand","embeddable":true,"href":"https:\/\/keluvo.com\/se\/wp-json\/wp\/v2\/product_brand?post=25224"},{"taxonomy":"product_cat","embeddable":true,"href":"https:\/\/keluvo.com\/se\/wp-json\/wp\/v2\/product_cat?post=25224"},{"taxonomy":"product_tag","embeddable":true,"href":"https:\/\/keluvo.com\/se\/wp-json\/wp\/v2\/product_tag?post=25224"}],"curies":[{"name":"wp","href":"https:\/\/api.w.org\/{rel}","templated":true}]}}