{"id":25205,"date":"2025-09-09T11:46:56","date_gmt":"2025-09-09T08:46:56","guid":{"rendered":"https:\/\/keluvo.com\/se\/product\/skarande-verktyg\/"},"modified":"2025-09-09T11:47:03","modified_gmt":"2025-09-09T08:47:03","slug":"skarande-verktyg","status":"publish","type":"product","link":"https:\/\/keluvo.com\/se\/product\/skarande-verktyg\/","title":{"rendered":"Sk\u00e4rande verktyg"},"content":{"rendered":"<h2 class=\"\" style=\"text-align: center\" data-start=\"0\" data-end=\"25\">Skarpa och rena snitt<\/h2>\n<p class=\"\" style=\"text-align: center\" data-start=\"26\" data-end=\"242\">Sk\u00e4rverktyget \u00e4r tillverkat med kraftiga blad i rostfritt st\u00e5l som ger sl\u00e4ta och rena kanter. Det \u00e4r perfekt f\u00f6r kapning av gipsskivor med en perfekt 45\u00b0-vinkel. Inget damm och inga grova kanter &#8211; bara en snygg finish varje g\u00e5ng.<\/p>\n<p data-start=\"26\" data-end=\"242\"><img decoding=\"async\" class=\"alignnone size-medium wp-image-13875 aligncenter\" src=\"https:\/\/keluvo.com\/template\/wp-content\/uploads\/sites\/5\/2025\/04\/e9e12a62-4ebe-43c6-80c2-5b3cdebdcd30.webp\" alt=\"\" \/><\/p>\n<h2 class=\"\" style=\"text-align: center\" data-start=\"244\" data-end=\"268\">L\u00e4tt att anv\u00e4nda f\u00f6r hand<\/h2>\n<p class=\"\" style=\"text-align: center\" data-start=\"269\" data-end=\"457\">Det h\u00e4r sk\u00e4rverktyget \u00e4r l\u00e4tt och enkelt att h\u00e5lla, vilket g\u00f6r det l\u00e4tt att styra f\u00f6r hand. Det fungerar bra p\u00e5 gipsskivor, mjukt tr\u00e4 och plast. Perfekt f\u00f6r snabba jobb utan att beh\u00f6va anv\u00e4nda elverktyg.<\/p>\n<p data-start=\"269\" data-end=\"457\"><img decoding=\"async\" class=\"alignnone size-medium wp-image-13876 aligncenter\" src=\"https:\/\/keluvo.com\/template\/wp-content\/uploads\/sites\/5\/2025\/04\/S2c281a9b940348ff90d2d8a86e4fbbaaP.jpg_960x960q75.jpg_.jpeg\" alt=\"\" \/><\/p>\n","protected":false},"excerpt":{"rendered":"<p>Skarpa och rena snitt Sk\u00e4rverktyget \u00e4r tillverkat med kraftiga blad i rostfritt st\u00e5l som ger sl\u00e4ta och rena kanter. Det [&hellip;]<\/p>\n","protected":false},"featured_media":25201,"comment_status":"open","ping_status":"closed","template":"","meta":{"site-sidebar-layout":"default","site-content-layout":"","ast-site-content-layout":"default","site-content-style":"default","site-sidebar-style":"default","ast-global-header-display":"","ast-banner-title-visibility":"","ast-main-header-display":"","ast-hfb-above-header-display":"","ast-hfb-below-header-display":"","ast-hfb-mobile-header-display":"","site-post-title":"","ast-breadcrumbs-content":"","ast-featured-img":"","footer-sml-layout":"","theme-transparent-header-meta":"default","adv-header-id-meta":"","stick-header-meta":"","header-above-stick-meta":"","header-main-stick-meta":"","header-below-stick-meta":"","astra-migrate-meta-layouts":"set","ast-page-background-enabled":"default","ast-page-background-meta":{"desktop":{"background-color":"var(--ast-global-color-4)","background-image":"","background-repeat":"repeat","background-position":"center center","background-size":"auto","background-attachment":"scroll","background-type":"","background-media":"","overlay-type":"","overlay-color":"","overlay-opacity":"","overlay-gradient":""},"tablet":{"background-color":"","background-image":"","background-repeat":"repeat","background-position":"center center","background-size":"auto","background-attachment":"scroll","background-type":"","background-media":"","overlay-type":"","overlay-color":"","overlay-opacity":"","overlay-gradient":""},"mobile":{"background-color":"","background-image":"","background-repeat":"repeat","background-position":"center center","background-size":"auto","background-attachment":"scroll","background-type":"","background-media":"","overlay-type":"","overlay-color":"","overlay-opacity":"","overlay-gradient":""}},"ast-content-background-meta":{"desktop":{"background-color":"var(--ast-global-color-5)","background-image":"","background-repeat":"repeat","background-position":"center center","background-size":"auto","background-attachment":"scroll","background-type":"","background-media":"","overlay-type":"","overlay-color":"","overlay-opacity":"","overlay-gradient":""},"tablet":{"background-color":"var(--ast-global-color-5)","background-image":"","background-repeat":"repeat","background-position":"center center","background-size":"auto","background-attachment":"scroll","background-type":"","background-media":"","overlay-type":"","overlay-color":"","overlay-opacity":"","overlay-gradient":""},"mobile":{"background-color":"var(--ast-global-color-5)","background-image":"","background-repeat":"repeat","background-position":"center center","background-size":"auto","background-attachment":"scroll","background-type":"","background-media":"","overlay-type":"","overlay-color":"","overlay-opacity":"","overlay-gradient":""}}},"product_brand":[],"product_cat":[996],"product_tag":[],"class_list":{"0":"post-25205","1":"product","2":"type-product","3":"status-publish","4":"has-post-thumbnail","6":"product_cat-tools","7":"pa_39954_sdyl3yeo-45-grader","8":"pa_39954_sdyl3yeo-45-och-60-grader","9":"pa_39954_sdyl3yeo-60-grader","10":"desktop-align-left","11":"tablet-align-left","12":"mobile-align-left","14":"first","15":"instock","16":"shipping-taxable","17":"purchasable","18":"product-type-variable"},"_links":{"self":[{"href":"https:\/\/keluvo.com\/se\/wp-json\/wp\/v2\/product\/25205","targetHints":{"allow":["GET"]}}],"collection":[{"href":"https:\/\/keluvo.com\/se\/wp-json\/wp\/v2\/product"}],"about":[{"href":"https:\/\/keluvo.com\/se\/wp-json\/wp\/v2\/types\/product"}],"replies":[{"embeddable":true,"href":"https:\/\/keluvo.com\/se\/wp-json\/wp\/v2\/comments?post=25205"}],"wp:featuredmedia":[{"embeddable":true,"href":"https:\/\/keluvo.com\/se\/wp-json\/wp\/v2\/media\/25201"}],"wp:attachment":[{"href":"https:\/\/keluvo.com\/se\/wp-json\/wp\/v2\/media?parent=25205"}],"wp:term":[{"taxonomy":"product_brand","embeddable":true,"href":"https:\/\/keluvo.com\/se\/wp-json\/wp\/v2\/product_brand?post=25205"},{"taxonomy":"product_cat","embeddable":true,"href":"https:\/\/keluvo.com\/se\/wp-json\/wp\/v2\/product_cat?post=25205"},{"taxonomy":"product_tag","embeddable":true,"href":"https:\/\/keluvo.com\/se\/wp-json\/wp\/v2\/product_tag?post=25205"}],"curies":[{"name":"wp","href":"https:\/\/api.w.org\/{rel}","templated":true}]}}