{"id":25165,"date":"2025-09-09T11:44:50","date_gmt":"2025-09-09T08:44:50","guid":{"rendered":"https:\/\/keluvo.com\/se\/product\/solcellsdriven-vagglampa\/"},"modified":"2025-09-09T11:45:06","modified_gmt":"2025-09-09T08:45:06","slug":"solcellsdriven-vagglampa","status":"publish","type":"product","link":"https:\/\/keluvo.com\/se\/product\/solcellsdriven-vagglampa\/","title":{"rendered":"Solcellsdriven v\u00e4gglampa"},"content":{"rendered":"<h2 style=\"text-align: center\">Automatisk Drift Dag Och Natt<\/h2>\n<p style=\"text-align: center\">V\u00e4gglampan med solceller har en ljusstyrd induktionsbrytare. Den laddas automatiskt under dagen och t\u00e4nds p\u00e5 natten, vilket ger bekv\u00e4m och handsfree anv\u00e4ndning.<\/p>\n<p><img decoding=\"async\" class=\"alignnone size-medium wp-image-11389 aligncenter\" src=\"https:\/\/keluvo.com\/template\/wp-content\/uploads\/sites\/5\/2025\/02\/Sf013eb9b0f6c49cebae98d27aceeb121F.jpg_960x960q75.jpg_.jpeg\" alt=\"\" \/><\/p>\n<h2 style=\"text-align: center\">Vattent\u00e4t Och V\u00e4derbest\u00e4ndig<\/h2>\n<p style=\"text-align: center\">V\u00e4gglampan med solcellsbelysning har IP65-skydd och t\u00e5l regn och tuffa v\u00e4derf\u00f6rh\u00e5llanden. Den garanterar oavbruten belysning \u00e4ven under molniga och regniga dagar, vilket g\u00f6r den perfekt f\u00f6r utomhusbruk.<\/p>\n<p><img decoding=\"async\" class=\"alignnone size-medium wp-image-11393 aligncenter\" src=\"https:\/\/keluvo.com\/template\/wp-content\/uploads\/sites\/5\/2025\/02\/Sc83e1ff1aa5646b881e1a84497cfaffb7.jpg_960x960q75.jpg_.jpeg\" alt=\"\" \/><\/p>\n","protected":false},"excerpt":{"rendered":"<p>Automatisk Drift Dag Och Natt V\u00e4gglampan med solceller har en ljusstyrd induktionsbrytare. Den laddas automatiskt under dagen och t\u00e4nds p\u00e5 [&hellip;]<\/p>\n","protected":false},"featured_media":25161,"comment_status":"open","ping_status":"closed","template":"","meta":{"site-sidebar-layout":"default","site-content-layout":"","ast-site-content-layout":"default","site-content-style":"default","site-sidebar-style":"default","ast-global-header-display":"","ast-banner-title-visibility":"","ast-main-header-display":"","ast-hfb-above-header-display":"","ast-hfb-below-header-display":"","ast-hfb-mobile-header-display":"","site-post-title":"","ast-breadcrumbs-content":"","ast-featured-img":"","footer-sml-layout":"","theme-transparent-header-meta":"default","adv-header-id-meta":"","stick-header-meta":"","header-above-stick-meta":"","header-main-stick-meta":"","header-below-stick-meta":"","astra-migrate-meta-layouts":"set","ast-page-background-enabled":"default","ast-page-background-meta":{"desktop":{"background-color":"var(--ast-global-color-4)","background-image":"","background-repeat":"repeat","background-position":"center center","background-size":"auto","background-attachment":"scroll","background-type":"","background-media":"","overlay-type":"","overlay-color":"","overlay-opacity":"","overlay-gradient":""},"tablet":{"background-color":"","background-image":"","background-repeat":"repeat","background-position":"center center","background-size":"auto","background-attachment":"scroll","background-type":"","background-media":"","overlay-type":"","overlay-color":"","overlay-opacity":"","overlay-gradient":""},"mobile":{"background-color":"","background-image":"","background-repeat":"repeat","background-position":"center center","background-size":"auto","background-attachment":"scroll","background-type":"","background-media":"","overlay-type":"","overlay-color":"","overlay-opacity":"","overlay-gradient":""}},"ast-content-background-meta":{"desktop":{"background-color":"var(--ast-global-color-5)","background-image":"","background-repeat":"repeat","background-position":"center center","background-size":"auto","background-attachment":"scroll","background-type":"","background-media":"","overlay-type":"","overlay-color":"","overlay-opacity":"","overlay-gradient":""},"tablet":{"background-color":"var(--ast-global-color-5)","background-image":"","background-repeat":"repeat","background-position":"center center","background-size":"auto","background-attachment":"scroll","background-type":"","background-media":"","overlay-type":"","overlay-color":"","overlay-opacity":"","overlay-gradient":""},"mobile":{"background-color":"var(--ast-global-color-5)","background-image":"","background-repeat":"repeat","background-position":"center center","background-size":"auto","background-attachment":"scroll","background-type":"","background-media":"","overlay-type":"","overlay-color":"","overlay-opacity":"","overlay-gradient":""}}},"product_brand":[],"product_cat":[1001],"product_tag":[],"class_list":{"0":"post-25165","1":"product","2":"type-product","3":"status-publish","4":"has-post-thumbnail","6":"product_cat-household-goods","7":"pa_38994_jeysl68i-varm","8":"pa_38994_jeysl68i-vit","9":"pa_38994_zt94mgdy-1-st","10":"pa_38994_zt94mgdy-2-st","11":"pa_38994_zt94mgdy-4-st","12":"desktop-align-left","13":"tablet-align-left","14":"mobile-align-left","16":"first","17":"instock","18":"shipping-taxable","19":"purchasable","20":"product-type-variable","21":"has-default-attributes"},"_links":{"self":[{"href":"https:\/\/keluvo.com\/se\/wp-json\/wp\/v2\/product\/25165","targetHints":{"allow":["GET"]}}],"collection":[{"href":"https:\/\/keluvo.com\/se\/wp-json\/wp\/v2\/product"}],"about":[{"href":"https:\/\/keluvo.com\/se\/wp-json\/wp\/v2\/types\/product"}],"replies":[{"embeddable":true,"href":"https:\/\/keluvo.com\/se\/wp-json\/wp\/v2\/comments?post=25165"}],"wp:featuredmedia":[{"embeddable":true,"href":"https:\/\/keluvo.com\/se\/wp-json\/wp\/v2\/media\/25161"}],"wp:attachment":[{"href":"https:\/\/keluvo.com\/se\/wp-json\/wp\/v2\/media?parent=25165"}],"wp:term":[{"taxonomy":"product_brand","embeddable":true,"href":"https:\/\/keluvo.com\/se\/wp-json\/wp\/v2\/product_brand?post=25165"},{"taxonomy":"product_cat","embeddable":true,"href":"https:\/\/keluvo.com\/se\/wp-json\/wp\/v2\/product_cat?post=25165"},{"taxonomy":"product_tag","embeddable":true,"href":"https:\/\/keluvo.com\/se\/wp-json\/wp\/v2\/product_tag?post=25165"}],"curies":[{"name":"wp","href":"https:\/\/api.w.org\/{rel}","templated":true}]}}