{"id":25142,"date":"2025-09-09T11:44:11","date_gmt":"2025-09-09T08:44:11","guid":{"rendered":"https:\/\/keluvo.com\/se\/product\/fonsterhangmatta-for-katt\/"},"modified":"2025-09-09T11:44:25","modified_gmt":"2025-09-09T08:44:25","slug":"fonsterhangmatta-for-katt","status":"publish","type":"product","link":"https:\/\/keluvo.com\/se\/product\/fonsterhangmatta-for-katt\/","title":{"rendered":"F\u00f6nsterh\u00e4ngmatta f\u00f6r katt"},"content":{"rendered":"<h2 style=\"text-align: center\" data-start=\"0\" data-end=\"34\">Platsbesparande Vikbar Design<\/h2>\n<p style=\"text-align: center\" data-start=\"35\" data-end=\"269\">Kattens f\u00f6nsterh\u00e4ngmatta erbjuder en praktisk l\u00f6sning f\u00f6r ditt husdjur utan att ta upp extra utrymme. Dess vikbara design m\u00f6jligg\u00f6r snabb f\u00f6rvaring utan att ta bort den helt. Denna funktion s\u00e4kerst\u00e4ller flexibilitet och bekv\u00e4mlighet f\u00f6r alla utrymmen.<\/p>\n<p data-start=\"35\" data-end=\"269\"><img decoding=\"async\" class=\"alignnone size-medium wp-image-11708 aligncenter\" src=\"https:\/\/keluvo.com\/template\/wp-content\/uploads\/sites\/5\/2025\/02\/S75e7102571ae445bae0d81b580085d261.jpg_960x960q75.jpg_.jpeg\" alt=\"\" \/><\/p>\n<h2 style=\"text-align: center\" data-start=\"271\" data-end=\"305\">Starka Och S\u00e4kra Sugkoppar<\/h2>\n<p style=\"text-align: center\" data-start=\"306\" data-end=\"535\">Utrustad med fyra kraftfulla sugkoppar, f\u00e4sts kattens f\u00f6nsterh\u00e4ngmatta s\u00e4kert p\u00e5 f\u00f6nster och ger en stabil viloplats. Den sladdl\u00f6sa designen garanterar ditt husdjurs s\u00e4kerhet genom att f\u00f6rhindra att det trasslar in sig n\u00e4r det slappnar av eller leker.<\/p>\n<p data-start=\"306\" data-end=\"535\"><img decoding=\"async\" class=\"alignnone size-medium wp-image-11711 aligncenter\" src=\"https:\/\/keluvo.com\/template\/wp-content\/uploads\/sites\/5\/2025\/02\/Sb92a096e799c41a2a7efb7fd3776baca7.jpg_960x960q75.jpg_.jpeg\" alt=\"\" \/><\/p>\n","protected":false},"excerpt":{"rendered":"<p>Platsbesparande Vikbar Design Kattens f\u00f6nsterh\u00e4ngmatta erbjuder en praktisk l\u00f6sning f\u00f6r ditt husdjur utan att ta upp extra utrymme. Dess vikbara [&hellip;]<\/p>\n","protected":false},"featured_media":25138,"comment_status":"open","ping_status":"closed","template":"","meta":{"site-sidebar-layout":"default","site-content-layout":"","ast-site-content-layout":"default","site-content-style":"default","site-sidebar-style":"default","ast-global-header-display":"","ast-banner-title-visibility":"","ast-main-header-display":"","ast-hfb-above-header-display":"","ast-hfb-below-header-display":"","ast-hfb-mobile-header-display":"","site-post-title":"","ast-breadcrumbs-content":"","ast-featured-img":"","footer-sml-layout":"","theme-transparent-header-meta":"default","adv-header-id-meta":"","stick-header-meta":"","header-above-stick-meta":"","header-main-stick-meta":"","header-below-stick-meta":"","astra-migrate-meta-layouts":"set","ast-page-background-enabled":"default","ast-page-background-meta":{"desktop":{"background-color":"var(--ast-global-color-4)","background-image":"","background-repeat":"repeat","background-position":"center center","background-size":"auto","background-attachment":"scroll","background-type":"","background-media":"","overlay-type":"","overlay-color":"","overlay-opacity":"","overlay-gradient":""},"tablet":{"background-color":"","background-image":"","background-repeat":"repeat","background-position":"center center","background-size":"auto","background-attachment":"scroll","background-type":"","background-media":"","overlay-type":"","overlay-color":"","overlay-opacity":"","overlay-gradient":""},"mobile":{"background-color":"","background-image":"","background-repeat":"repeat","background-position":"center center","background-size":"auto","background-attachment":"scroll","background-type":"","background-media":"","overlay-type":"","overlay-color":"","overlay-opacity":"","overlay-gradient":""}},"ast-content-background-meta":{"desktop":{"background-color":"var(--ast-global-color-5)","background-image":"","background-repeat":"repeat","background-position":"center center","background-size":"auto","background-attachment":"scroll","background-type":"","background-media":"","overlay-type":"","overlay-color":"","overlay-opacity":"","overlay-gradient":""},"tablet":{"background-color":"var(--ast-global-color-5)","background-image":"","background-repeat":"repeat","background-position":"center center","background-size":"auto","background-attachment":"scroll","background-type":"","background-media":"","overlay-type":"","overlay-color":"","overlay-opacity":"","overlay-gradient":""},"mobile":{"background-color":"var(--ast-global-color-5)","background-image":"","background-repeat":"repeat","background-position":"center center","background-size":"auto","background-attachment":"scroll","background-type":"","background-media":"","overlay-type":"","overlay-color":"","overlay-opacity":"","overlay-gradient":""}}},"product_brand":[],"product_cat":[997],"product_tag":[],"class_list":{"0":"post-25142","1":"product","2":"type-product","3":"status-publish","4":"has-post-thumbnail","6":"product_cat-pets-products","7":"pa_37075_dplk198r-45x30cm","8":"pa_37075_dplk198r-52x30cm","9":"pa_37075_z56ed0ke-brun","10":"pa_37075_z56ed0ke-gra","11":"pa_37075_z56ed0ke-vit","12":"desktop-align-left","13":"tablet-align-left","14":"mobile-align-left","16":"first","17":"instock","18":"shipping-taxable","19":"purchasable","20":"product-type-variable","21":"has-default-attributes"},"_links":{"self":[{"href":"https:\/\/keluvo.com\/se\/wp-json\/wp\/v2\/product\/25142","targetHints":{"allow":["GET"]}}],"collection":[{"href":"https:\/\/keluvo.com\/se\/wp-json\/wp\/v2\/product"}],"about":[{"href":"https:\/\/keluvo.com\/se\/wp-json\/wp\/v2\/types\/product"}],"replies":[{"embeddable":true,"href":"https:\/\/keluvo.com\/se\/wp-json\/wp\/v2\/comments?post=25142"}],"wp:featuredmedia":[{"embeddable":true,"href":"https:\/\/keluvo.com\/se\/wp-json\/wp\/v2\/media\/25138"}],"wp:attachment":[{"href":"https:\/\/keluvo.com\/se\/wp-json\/wp\/v2\/media?parent=25142"}],"wp:term":[{"taxonomy":"product_brand","embeddable":true,"href":"https:\/\/keluvo.com\/se\/wp-json\/wp\/v2\/product_brand?post=25142"},{"taxonomy":"product_cat","embeddable":true,"href":"https:\/\/keluvo.com\/se\/wp-json\/wp\/v2\/product_cat?post=25142"},{"taxonomy":"product_tag","embeddable":true,"href":"https:\/\/keluvo.com\/se\/wp-json\/wp\/v2\/product_tag?post=25142"}],"curies":[{"name":"wp","href":"https:\/\/api.w.org\/{rel}","templated":true}]}}