{"id":24943,"date":"2025-09-08T08:39:41","date_gmt":"2025-09-08T05:39:41","guid":{"rendered":"https:\/\/keluvo.com\/se\/product\/handkontroll-for-racingspel\/"},"modified":"2025-09-08T08:39:45","modified_gmt":"2025-09-08T05:39:45","slug":"handkontroll-for-racingspel","status":"publish","type":"product","link":"https:\/\/keluvo.com\/se\/product\/handkontroll-for-racingspel\/","title":{"rendered":"Handkontroll f\u00f6r racingspel"},"content":{"rendered":"<p style=\"text-align: center\" data-start=\"152\" data-end=\"207\"><strong>Ge Barnen En Rolig Och Realistisk K\u00f6rupplevelse \ud83d\ude97<\/strong><\/p>\n<p style=\"text-align: center\" data-start=\"209\" data-end=\"542\">Den h\u00e4r racingspelkontrollen l\u00e5ter barnen njuta av sp\u00e4nningen i att k\u00f6ra samtidigt som de l\u00e4r sig fokus, koordination och trafikmedvetenhet. Med styrning, ljudeffekter och trafikscenarier kombinerar den rolig lektid med v\u00e4rdefull kompetensuppbyggnad. En perfekt present till barn som \u00e4lskar bilar och vill utforska hur det \u00e4r att k\u00f6ra bil p\u00e5 ett s\u00e4kert s\u00e4tt inomhus.<\/p>\n<p data-start=\"209\" data-end=\"542\"><img decoding=\"async\" class=\"size-full wp-image-34372 aligncenter\" src=\"https:\/\/keluvo.com\/template\/wp-content\/uploads\/sites\/5\/2025\/04\/4aba1c04-9a2c-463f-a114-70357076c32e-ezgif.com-gif-to-webp-converter-1.webp\" alt=\"\" \/><\/p>\n<h2 style=\"text-align: center\" data-start=\"549\" data-end=\"571\"><strong>Huvudf\u00f6rdelar<\/strong><\/h2>\n<p data-start=\"574\" data-end=\"633\">\ud83d\ude97 Realistisk ratt f\u00f6r en uppslukande k\u00f6rk\u00e4nsla<\/p>\n<p data-start=\"636\" data-end=\"700\">\ud83c\udfae Digital display med trafikscenarier f\u00f6r interaktiv lek<\/p>\n<p data-start=\"703\" data-end=\"753\">\ud83d\udc40 Hj\u00e4lper till att f\u00f6rb\u00e4ttra fokus och koordination mellan hand och \u00f6ga<\/p>\n<p data-start=\"756\" data-end=\"809\">\ud83e\udde0 Uppmuntrar beslutsfattande och kritiskt t\u00e4nkande<\/p>\n<p data-start=\"812\" data-end=\"848\">\ud83c\udfc3 H\u00e5ller barnen aktiva medan de spelar<\/p>\n<p data-start=\"851\" data-end=\"887\">\ud83c\udf81 Bra present till unga bil\u00e4lskare<\/p>\n<p data-start=\"851\" data-end=\"887\"><img decoding=\"async\" class=\"size-full wp-image-34373 aligncenter\" src=\"https:\/\/keluvo.com\/template\/wp-content\/uploads\/sites\/5\/2025\/04\/aec39148-d13e-48c9-be9a-28f52634919c-1.gif\" alt=\"\" \/><\/p>\n<h2 style=\"text-align: center\" data-start=\"894\" data-end=\"913\"><strong>Hur Man Anv\u00e4nder<\/strong><\/h2>\n<ol data-start=\"914\" data-end=\"1150\">\n<li data-start=\"914\" data-end=\"965\">\n<p data-start=\"917\" data-end=\"965\">Placera k\u00f6rsimulatorn p\u00e5 en plan yta.<\/p>\n<\/li>\n<li data-start=\"966\" data-end=\"1020\">\n<p data-start=\"969\" data-end=\"1020\">Sl\u00e5 p\u00e5 leksaken och starta k\u00f6rsimuleringen.<\/p>\n<\/li>\n<li data-start=\"1021\" data-end=\"1087\">\n<p data-start=\"1024\" data-end=\"1087\">anv\u00e4nd ratten f\u00f6r att navigera genom trafikscenarier.<\/p>\n<\/li>\n<li data-start=\"1088\" data-end=\"1150\">\n<p data-start=\"1091\" data-end=\"1150\">njut av realistiska ljudeffekter och interaktiva utmaningar.<\/p>\n<\/li>\n<\/ol>\n<h2 style=\"text-align: center\" data-start=\"1157\" data-end=\"1181\"><strong>Produktdetaljer<\/strong><\/h2>\n<ul data-start=\"1182\" data-end=\"1418\">\n<li data-start=\"1242\" data-end=\"1263\">\n<p data-start=\"1244\" data-end=\"1263\">Material: Plast<\/p>\n<\/li>\n<li data-start=\"1264\" data-end=\"1287\">\n<p data-start=\"1266\" data-end=\"1287\">F\u00e4rger: Bl\u00e5, Gr\u00f6n<\/p>\n<\/li>\n<li data-start=\"1288\" data-end=\"1338\">\n<p data-start=\"1290\" data-end=\"1338\">Storlek: 43 x 22 x 13 cm<\/p>\n<\/li>\n<li data-start=\"1339\" data-end=\"1418\">\n<p data-start=\"1341\" data-end=\"1418\">Funktioner: Ratt, digital display, trafikscenarier, ljudeffekter<\/p>\n<\/li>\n<\/ul>\n<h2 style=\"text-align: center\" data-start=\"1425\" data-end=\"1450\"><strong>Paketet Inneh\u00e5ller<\/strong><\/h2>\n<ul data-start=\"1451\" data-end=\"1480\">\n<li data-start=\"1451\" data-end=\"1480\">\n<p data-start=\"1453\" data-end=\"1480\">1x racingspelkontroll<\/p>\n<\/li>\n<li data-start=\"1451\" data-end=\"1480\">\n<p data-start=\"1453\" data-end=\"1480\">1x USB-laddningskabel.<\/p>\n<\/li>\n<\/ul>\n","protected":false},"excerpt":{"rendered":"<p>Ge Barnen En Rolig Och Realistisk K\u00f6rupplevelse \ud83d\ude97 Den h\u00e4r racingspelkontrollen l\u00e5ter barnen njuta av sp\u00e4nningen i att k\u00f6ra samtidigt [&hellip;]<\/p>\n","protected":false},"featured_media":24939,"comment_status":"open","ping_status":"closed","template":"","meta":{"site-sidebar-layout":"default","site-content-layout":"","ast-site-content-layout":"default","site-content-style":"default","site-sidebar-style":"default","ast-global-header-display":"","ast-banner-title-visibility":"","ast-main-header-display":"","ast-hfb-above-header-display":"","ast-hfb-below-header-display":"","ast-hfb-mobile-header-display":"","site-post-title":"","ast-breadcrumbs-content":"","ast-featured-img":"","footer-sml-layout":"","theme-transparent-header-meta":"default","adv-header-id-meta":"","stick-header-meta":"","header-above-stick-meta":"","header-main-stick-meta":"","header-below-stick-meta":"","astra-migrate-meta-layouts":"set","ast-page-background-enabled":"default","ast-page-background-meta":{"desktop":{"background-color":"var(--ast-global-color-4)","background-image":"","background-repeat":"repeat","background-position":"center center","background-size":"auto","background-attachment":"scroll","background-type":"","background-media":"","overlay-type":"","overlay-color":"","overlay-opacity":"","overlay-gradient":""},"tablet":{"background-color":"","background-image":"","background-repeat":"repeat","background-position":"center center","background-size":"auto","background-attachment":"scroll","background-type":"","background-media":"","overlay-type":"","overlay-color":"","overlay-opacity":"","overlay-gradient":""},"mobile":{"background-color":"","background-image":"","background-repeat":"repeat","background-position":"center center","background-size":"auto","background-attachment":"scroll","background-type":"","background-media":"","overlay-type":"","overlay-color":"","overlay-opacity":"","overlay-gradient":""}},"ast-content-background-meta":{"desktop":{"background-color":"var(--ast-global-color-5)","background-image":"","background-repeat":"repeat","background-position":"center center","background-size":"auto","background-attachment":"scroll","background-type":"","background-media":"","overlay-type":"","overlay-color":"","overlay-opacity":"","overlay-gradient":""},"tablet":{"background-color":"var(--ast-global-color-5)","background-image":"","background-repeat":"repeat","background-position":"center center","background-size":"auto","background-attachment":"scroll","background-type":"","background-media":"","overlay-type":"","overlay-color":"","overlay-opacity":"","overlay-gradient":""},"mobile":{"background-color":"var(--ast-global-color-5)","background-image":"","background-repeat":"repeat","background-position":"center center","background-size":"auto","background-attachment":"scroll","background-type":"","background-media":"","overlay-type":"","overlay-color":"","overlay-opacity":"","overlay-gradient":""}}},"product_brand":[],"product_cat":[990],"product_tag":[],"class_list":{"0":"post-24943","1":"product","2":"type-product","3":"status-publish","4":"has-post-thumbnail","6":"product_cat-toys-childrens-and-baby-products","7":"pa_21420_dwvuv93j-bla","8":"pa_21420_dwvuv93j-gron","9":"desktop-align-left","10":"tablet-align-left","11":"mobile-align-left","13":"first","14":"instock","15":"shipping-taxable","16":"purchasable","17":"product-type-variable"},"_links":{"self":[{"href":"https:\/\/keluvo.com\/se\/wp-json\/wp\/v2\/product\/24943","targetHints":{"allow":["GET"]}}],"collection":[{"href":"https:\/\/keluvo.com\/se\/wp-json\/wp\/v2\/product"}],"about":[{"href":"https:\/\/keluvo.com\/se\/wp-json\/wp\/v2\/types\/product"}],"replies":[{"embeddable":true,"href":"https:\/\/keluvo.com\/se\/wp-json\/wp\/v2\/comments?post=24943"}],"wp:featuredmedia":[{"embeddable":true,"href":"https:\/\/keluvo.com\/se\/wp-json\/wp\/v2\/media\/24939"}],"wp:attachment":[{"href":"https:\/\/keluvo.com\/se\/wp-json\/wp\/v2\/media?parent=24943"}],"wp:term":[{"taxonomy":"product_brand","embeddable":true,"href":"https:\/\/keluvo.com\/se\/wp-json\/wp\/v2\/product_brand?post=24943"},{"taxonomy":"product_cat","embeddable":true,"href":"https:\/\/keluvo.com\/se\/wp-json\/wp\/v2\/product_cat?post=24943"},{"taxonomy":"product_tag","embeddable":true,"href":"https:\/\/keluvo.com\/se\/wp-json\/wp\/v2\/product_tag?post=24943"}],"curies":[{"name":"wp","href":"https:\/\/api.w.org\/{rel}","templated":true}]}}